{"id":9595,"date":"2018-04-21T16:22:18","date_gmt":"2018-04-21T14:22:18","guid":{"rendered":"http:\/\/parafia.niepokalanow.pl\/?page_id=9595"},"modified":"2026-03-03T14:21:55","modified_gmt":"2026-03-03T13:21:55","slug":"intencje-mszalne","status":"publish","type":"page","link":"https:\/\/parafia.niepokalanow.pl\/?page_id=9595","title":{"rendered":"Intencje mszalne"},"content":{"rendered":"<div  style='padding-bottom:10px; font-size:46px;' class='av-special-heading av-special-heading-h4  blockquote modern-quote modern-centered  avia-builder-el-0  el_before_av_hr  avia-builder-el-first  av-inherit-size '><h4 class='av-special-heading-tag '  itemprop=\"headline\"  >Intencje mszalne<\/h4><div class='special-heading-border'><div class='special-heading-inner-border' ><\/div><\/div><\/div>\n<div   class='hr hr-default   avia-builder-el-1  el_after_av_heading  el_before_av_image '><span class='hr-inner ' ><span class='hr-inner-style'><\/span><\/span><\/div>\n<div  class='avia-image-container  av-styling-    avia-builder-el-2  el_after_av_hr  el_before_av_textblock  avia-align-center '  itemprop=\"image\" itemscope=\"itemscope\" itemtype=\"https:\/\/schema.org\/ImageObject\"  ><div class='avia-image-container-inner'><div class='avia-image-overlay-wrap'><img class='avia_image' src='https:\/\/parafia.niepokalanow.pl\/wp-content\/uploads\/2018\/04\/AA_1-1.jpg' alt='' title='AA_1-1' height=\"404\" width=\"653\"  itemprop=\"thumbnailUrl\"  \/><\/div><\/div><\/div>\n<section class=\"av_textblock_section \"  itemscope=\"itemscope\" itemtype=\"https:\/\/schema.org\/CreativeWork\" ><div class='avia_textblock  '  style='font-size:16px; '  itemprop=\"text\" ><p>Intencje Mszalne mo\u017cna zamawia\u0107:<\/p>\n<p>\u2013 telefonicznie pod numerem \u2013 (46) 86 42 156<\/p>\n<p>\u2013 e-mailowo \u2013 <a href=\"mailto:administracja@niepokalanow.pl\">administracja@niepokalanow.pl<\/a><\/p>\n<p>Intencje Zwi\u0105zku mszalnego poprzez formularz na stronie:<\/p>\n<p><a href=\"https:\/\/niepokalanow.pl\/sanktuarium\/msze-swiete-i-nabozenstwa\/zwiazek-mszalny\">https:\/\/niepokalanow.pl\/sanktuarium\/msze-swiete-i-nabozenstwa\/zwiazek-mszalny<\/a><\/p>\n<p>Ofiary na Msze \u015awi\u0119te nale\u017cy wp\u0142aci\u0107 przelewem na konto:<\/p>\n<p><strong>Klasztor Niepokalan\u00f3w Zakonu Braci Mniejszych Konwentualnych<\/strong><br \/>\nPaprotnia, ul. M. Kolbego 5, 96-515 Teresin<br \/>\nNr rachunku: 07 1020 1185 0000 4302 0012 3869<br \/>\nKod BIC (Swift): BPKOPLPW<\/p>\n<p>W tytule przelewu prosimy wpisa\u0107:<br \/>\n<strong>Msza \u015bw. \/ list (<\/strong><strong>je\u015bli intencja przesy\u0142ana jest listem b\u0105d\u017a mailem<\/strong><strong>).<\/strong> W przypadku <strong>Zwi\u0105zku Mszalnego<\/strong> wpisujemy adres e-mailowy, z kt\u00f3rego by\u0142a zamawiana intencja<\/p>\n<\/div><\/section>\n","protected":false},"excerpt":{"rendered":"","protected":false},"author":1,"featured_media":0,"parent":0,"menu_order":0,"comment_status":"closed","ping_status":"closed","template":"","meta":{"footnotes":""},"class_list":["post-9595","page","type-page","status-publish","hentry"],"_links":{"self":[{"href":"https:\/\/parafia.niepokalanow.pl\/index.php?rest_route=\/wp\/v2\/pages\/9595","targetHints":{"allow":["GET"]}}],"collection":[{"href":"https:\/\/parafia.niepokalanow.pl\/index.php?rest_route=\/wp\/v2\/pages"}],"about":[{"href":"https:\/\/parafia.niepokalanow.pl\/index.php?rest_route=\/wp\/v2\/types\/page"}],"author":[{"embeddable":true,"href":"https:\/\/parafia.niepokalanow.pl\/index.php?rest_route=\/wp\/v2\/users\/1"}],"replies":[{"embeddable":true,"href":"https:\/\/parafia.niepokalanow.pl\/index.php?rest_route=%2Fwp%2Fv2%2Fcomments&post=9595"}],"version-history":[{"count":2,"href":"https:\/\/parafia.niepokalanow.pl\/index.php?rest_route=\/wp\/v2\/pages\/9595\/revisions"}],"predecessor-version":[{"id":19465,"href":"https:\/\/parafia.niepokalanow.pl\/index.php?rest_route=\/wp\/v2\/pages\/9595\/revisions\/19465"}],"wp:attachment":[{"href":"https:\/\/parafia.niepokalanow.pl\/index.php?rest_route=%2Fwp%2Fv2%2Fmedia&parent=9595"}],"curies":[{"name":"wp","href":"https:\/\/api.w.org\/{rel}","templated":true}]}}