{"id":5411,"date":"2016-02-19T10:31:00","date_gmt":"2016-02-19T09:31:00","guid":{"rendered":"http:\/\/parafia.niepokalanow.pl\/?page_id=5411"},"modified":"2016-02-19T10:31:00","modified_gmt":"2016-02-19T09:31:00","slug":"rada-parafialna","status":"publish","type":"page","link":"https:\/\/parafia.niepokalanow.pl\/?page_id=5411","title":{"rendered":"Rada Parafialna"},"content":{"rendered":"<div id='av_section_1'  class='avia-section main_color avia-section-default avia-no-shadow  avia-bg-style-scroll  avia-builder-el-0  el_before_av_section  avia-builder-el-first   container_wrap sidebar_right' style=' '  ><div class='container' ><main  role=\"main\" itemprop=\"mainContentOfPage\"  class='template-page content  av-content-small alpha units'><div class='post-entry post-entry-type-page post-entry-5411'><div class='entry-content-wrapper clearfix'>\n<div class=\"flex_column av_one_half  flex_column_div av-zero-column-padding first  avia-builder-el-1  el_before_av_one_half  avia-builder-el-first  \" style='border-radius:0px; '><section class=\"av_textblock_section \"  itemscope=\"itemscope\" itemtype=\"https:\/\/schema.org\/CreativeWork\" ><div class='avia_textblock  '   itemprop=\"text\" ><p><a href=\"https:\/\/parafia.niepokalanow.pl\/wp-content\/uploads\/2016\/02\/krb_rada_01.png\" rel=\"attachment wp-att-5412\"><img loading=\"lazy\" decoding=\"async\" class=\"aligncenter size-full wp-image-5412\" src=\"https:\/\/parafia.niepokalanow.pl\/wp-content\/uploads\/2016\/02\/krb_rada_01.png\" alt=\"Rada Parafialna\" width=\"243\" height=\"243\" srcset=\"https:\/\/parafia.niepokalanow.pl\/wp-content\/uploads\/2016\/02\/krb_rada_01.png 243w, https:\/\/parafia.niepokalanow.pl\/wp-content\/uploads\/2016\/02\/krb_rada_01-80x80.png 80w, https:\/\/parafia.niepokalanow.pl\/wp-content\/uploads\/2016\/02\/krb_rada_01-36x36.png 36w, https:\/\/parafia.niepokalanow.pl\/wp-content\/uploads\/2016\/02\/krb_rada_01-180x180.png 180w, https:\/\/parafia.niepokalanow.pl\/wp-content\/uploads\/2016\/02\/krb_rada_01-120x120.png 120w\" sizes=\"auto, (max-width: 243px) 100vw, 243px\" \/><\/a><\/p>\n<\/div><\/section><\/div><div class=\"flex_column av_one_half  flex_column_div av-zero-column-padding   avia-builder-el-3  el_after_av_one_half  avia-builder-el-last  \" style='border-radius:0px; '><section class=\"av_textblock_section \"  itemscope=\"itemscope\" itemtype=\"https:\/\/schema.org\/CreativeWork\" ><div class='avia_textblock  '   itemprop=\"text\" ><h1>Rada Parafialna<\/h1>\n<\/div><\/section><\/div><\/div><\/div><\/main><!-- close content main element --><\/div><\/div><div id='av_section_2'  class='avia-section main_color avia-section-no-padding avia-no-border-styling  avia-bg-style-scroll  avia-builder-el-5  el_after_av_section  el_before_av_textblock   container_wrap sidebar_right' style=' '  ><div class='container' ><div class='template-page content  av-content-small alpha units'><div class='post-entry post-entry-type-page post-entry-5411'><div class='entry-content-wrapper clearfix'>\n<div  style='padding-bottom:0px; ' class='av-special-heading av-special-heading-h3  blockquote modern-quote  avia-builder-el-6  avia-builder-el-no-sibling  '><h3 class='av-special-heading-tag '  itemprop=\"headline\"  >Rada obejmuje swoj\u0105 dzia\u0142alno\u015bci\u0105 ca\u0142o\u015b\u0107 \u017cycia parafialnego, nios\u0105c pomoc w wype\u0142nianiu misji Ko\u015bcio\u0142a. <\/h3><div class='special-heading-border'><div class='special-heading-inner-border' ><\/div><\/div><\/div>\n<\/div><\/div><\/div><!-- close content main div --><\/div><\/div><div id='after_section_2'  class='main_color av_default_container_wrap container_wrap sidebar_right' style=' '  ><div class='container' ><div class='template-page content  av-content-small alpha units'><div class='post-entry post-entry-type-page post-entry-5411'><div class='entry-content-wrapper clearfix'><section class=\"av_textblock_section \"  itemscope=\"itemscope\" itemtype=\"https:\/\/schema.org\/CreativeWork\" ><div class='avia_textblock  '   itemprop=\"text\" ><p>Sob\u00f3r Watyka\u0144ski II uczy, \u017ce zadaniem kap\u0142an\u00f3w jest u\u015bwiadomienie katolikom \u015bwieckim ich wsp\u00f3\u0142odpowiedzialno\u015bci za Ko\u015bci\u00f3\u0142. Wsp\u00f3lna odpowiedzialno\u015b\u0107 za Ko\u015bci\u00f3\u0142 zobowi\u0105zuje duszpasterzy, aby respektowali rol\u0119 \u015bwieckich, korzystali z ich rad i wsp\u00f3\u0142pracy oraz za zaufaniem powierzali im zadania w s\u0142u\u017cbie Ludu Bo\u017cego, przestrzegaj\u0105c zasady pomocniczo\u015bci, kt\u00f3ra domaga si\u0119, aby kap\u0142ani pozostawiali \u015bwieckim wykonywanie funkcji le\u017c\u0105cych\u00a0 w zakresie ich zdolno\u015bci i kompetencji (KK 37). W Dekrecie\u00a0 o Pos\u0142udze i \u017byciu Kap\u0142an\u00f3w\u00a0 (DK 9) czytamy: prezbiterzy niech ch\u0119tnie s\u0142uchaj\u0105 \u015bwieckich, rozwa\u017caj\u0105c po bratersku ich pragnienia i uznaj\u0105c ich do\u015bwiadczenie i kompetencje na r\u00f3\u017cnych polach ludzkiego dzia\u0142ania, aby razem z nimi mogli rozpozna\u0107 znaki czasu&#8230; i do nich dostosowa\u0107 form\u0119 duszpasterzowania. Jednym ze sposob\u00f3w umo\u017cliwienia \u015bwieckim prze\u017cycia tej odpowiedzialno\u015bci za Ko\u015bci\u00f3\u0142 oraz umo\u017cliwienia im zgodnej wsp\u00f3\u0142pracy ka\u017cdy na sw\u00f3j spos\u00f3b, ale dla wsp\u00f3lnego dzie\u0142a jest mi\u0119dzy innym Rada Parafialna.<\/p>\n<\/div><\/section><\/p>\n<div  class=\"togglecontainer   toggle_close_all  avia-builder-el-8  el_after_av_textblock  avia-builder-el-last \" >\n<section class=\"av_toggle_section\"  itemscope=\"itemscope\" itemtype=\"https:\/\/schema.org\/CreativeWork\"  >    <div role=\"tablist\" class=\"single_toggle\" data-tags=\"{Wszystko} \"  >        <p data-fake-id=\"#toggle-id-1\" class=\"toggler \"  itemprop=\"headline\"    role=\"tab\" tabindex=\"0\" aria-controls=\"toggle-id-1-container\">Czym jest Rada Parafialna<span class=\"toggle_icon\" >        <span class=\"vert_icon\"><\/span><span class=\"hor_icon\"><\/span><\/span><\/p>        <div id=\"toggle-id-1-container\" class=\"toggle_wrap \"  >            <div class=\"toggle_content invers-color \"  itemprop=\"text\"   ><p>Rada Parafialna jest organem doradczym Ojca\u00a0Proboszcza i reprezentacj\u0105 wsp\u00f3lnoty parafialnej. Z jednej strony wspomaga ona i koordynuje organizacj\u0119 pracy duszpasterskiej, a z drugiej strony wyra\u017ca opini\u0119 o sprawach parafii oraz wysuwa propozycje dotycz\u0105ce r\u00f3\u017cnych form apostolstwa \u015bwieckich, dzia\u0142alno\u015bci charytatywnej i dzia\u0142alno\u015bci na rzecz wsp\u00f3lnoty parafialnej.<\/p>\n<p>Wszystkie dzia\u0142ania duszpasterstwa parafialnego stara si\u0119 podejmowa\u0107 w duchu odpowiedzialno\u015bci razem z duszpasterzami, za parafi\u0119 i poziom jej \u017cycia religijnego oraz zgodnie z kan. 536 Kodeksu Prawa Kanonicznego. Stara si\u0119 te\u017c pomaga\u0107 duszpasterzom w rozeznaniu problem\u00f3w spo\u0142eczno-religijnych, wyst\u0119puj\u0105cych na terenie parafii tak, aby spe\u0142niali oni z nale\u017cytym skutkiem rol\u0119 przewodnik\u00f3w dla ludzi. Zmierza te\u017c do uaktywnienia poszczeg\u00f3lnych \u00a0wiernych, zespo\u0142\u00f3w parafialnych i grup apostolskich.<\/p>\n            <\/div>        <\/div>    <\/div><\/section>\n<section class=\"av_toggle_section\"  itemscope=\"itemscope\" itemtype=\"https:\/\/schema.org\/CreativeWork\"  >    <div role=\"tablist\" class=\"single_toggle\" data-tags=\"{Wszystko} \"  >        <p data-fake-id=\"#toggle-id-2\" class=\"toggler \"  itemprop=\"headline\"    role=\"tab\" tabindex=\"0\" aria-controls=\"toggle-id-2-container\">Kto mo\u017ce by\u0107 w Radzie<span class=\"toggle_icon\" >        <span class=\"vert_icon\"><\/span><span class=\"hor_icon\"><\/span><\/span><\/p>        <div id=\"toggle-id-2-container\" class=\"toggle_wrap \"  >            <div class=\"toggle_content invers-color \"  itemprop=\"text\"   ><p>Sk\u0142ad Rady powinien odzwierciedla\u0107 przekr\u00f3j spo\u0142eczny ca\u0142ej parafii, czyli powinien uwzgl\u0119dnia\u0107 takie elementy, jak: struktura wieku, zawodu, wykszta\u0142cenia. Optymalna liczba cz\u0142onk\u00f3w Rady si\u0119ga od 15 do 30 os\u00f3b w zale\u017cno\u015bci od specyfiki terenu i potrzeb parafii. Cz\u0142onk\u00f3w Rady powo\u0142uje proboszcz.<\/p>\n<p>Cz\u0142onkami Rady mog\u0105 by\u0107 jedynie praktykuj\u0105cy katolicy, kt\u00f3rzy przyj\u0119li sakrament bierzmowania i s\u0105 znani z nienagannych zasad moralnych.<\/p>\n<p>Rada zbiera si\u0119 na posiedzeniu przynajmniej raz na kwarta\u0142. Zebrania Rady zwo\u0142uje O. Proboszcz w zale\u017cno\u015bci od aktualnych potrzeb duszpasterskich i przewodniczy obradom. Z ka\u017cdego zebrania powinien by\u0107 sporz\u0105dzony protok\u00f3\u0142, kt\u00f3ry zostaje odczytany na nast\u0119pnym posiedzeniu.<\/p>\n            <\/div>        <\/div>    <\/div><\/section>\n<section class=\"av_toggle_section\"  itemscope=\"itemscope\" itemtype=\"https:\/\/schema.org\/CreativeWork\"  >    <div role=\"tablist\" class=\"single_toggle\" data-tags=\"{Wszystko} \"  >        <p data-fake-id=\"#toggle-id-3\" class=\"toggler \"  itemprop=\"headline\"    role=\"tab\" tabindex=\"0\" aria-controls=\"toggle-id-3-container\">Jakie zadania ma Rada Parafialna<span class=\"toggle_icon\" >        <span class=\"vert_icon\"><\/span><span class=\"hor_icon\"><\/span><\/span><\/p>        <div id=\"toggle-id-3-container\" class=\"toggle_wrap \"  >            <div class=\"toggle_content invers-color \"  itemprop=\"text\"   ><p>Do zada\u0144 Rady nale\u017cy wyra\u017canie opinii w sprawach dotycz\u0105cych parafii oraz wysuwanie propozycji i wniosk\u00f3w zmierzaj\u0105cych do doskonalenia pracy parafialnej. Rada nie jest po to, by kierowa\u0107 parafi\u0105. Ma ona jednak g\u0142os doradczy w pot\u0119gowaniu dzia\u0142alno\u015bci pasterskiej. Cz\u0142onkowie Rady powinni dociera\u0107 do parafian stoj\u0105cych z dala od Ko\u015bcio\u0142a lub zachwianych w wierze. Rada winna omawia\u0107 sprawy materialno-gospodarcze parafii maj\u0105ce bezpo\u015bredni zwi\u0105zek, na przyk\u0142ad: cmentarz, kaplice, pomieszczenia i obiekty parafialne. Rada powinna wspiera\u0107 proboszcza w zarz\u0105dzaniu dobrami materialnymi parafii. Poniewa\u017c wykonywanie tych zada\u0144 wymaga od cz\u0142onk\u00f3w Rady dojrza\u0142o\u015bci duchowej i odpowiedniego poziomu religijnej wiedzy, to powinni oni stale pog\u0142\u0119bia\u0107 swoje \u017cycie wewn\u0119trzne i swoj\u0105 wiedz\u0119 poprzez czytanie Pisma \u015awi\u0119tego, s\u0142uchanie wyk\u0142ad\u00f3w, rekolekcje, itp&#8230;<\/p>\n            <\/div>        <\/div>    <\/div><\/section>\n<section class=\"av_toggle_section\"  itemscope=\"itemscope\" itemtype=\"https:\/\/schema.org\/CreativeWork\"  >    <div role=\"tablist\" class=\"single_toggle\" data-tags=\"{Wszystko} \"  >        <p data-fake-id=\"#toggle-id-4\" class=\"toggler \"  itemprop=\"headline\"    role=\"tab\" tabindex=\"0\" aria-controls=\"toggle-id-4-container\">Sk\u0142ad Rady Parafialnej<span class=\"toggle_icon\" >        <span class=\"vert_icon\"><\/span><span class=\"hor_icon\"><\/span><\/span><\/p>        <div id=\"toggle-id-4-container\" class=\"toggle_wrap \"  >            <div class=\"toggle_content invers-color \"  itemprop=\"text\"   >            <\/div>        <\/div>    <\/div><\/section>\n<\/div>\n","protected":false},"excerpt":{"rendered":"","protected":false},"author":1,"featured_media":0,"parent":0,"menu_order":0,"comment_status":"closed","ping_status":"closed","template":"","meta":{"footnotes":""},"class_list":["post-5411","page","type-page","status-publish","hentry"],"_links":{"self":[{"href":"https:\/\/parafia.niepokalanow.pl\/index.php?rest_route=\/wp\/v2\/pages\/5411","targetHints":{"allow":["GET"]}}],"collection":[{"href":"https:\/\/parafia.niepokalanow.pl\/index.php?rest_route=\/wp\/v2\/pages"}],"about":[{"href":"https:\/\/parafia.niepokalanow.pl\/index.php?rest_route=\/wp\/v2\/types\/page"}],"author":[{"embeddable":true,"href":"https:\/\/parafia.niepokalanow.pl\/index.php?rest_route=\/wp\/v2\/users\/1"}],"replies":[{"embeddable":true,"href":"https:\/\/parafia.niepokalanow.pl\/index.php?rest_route=%2Fwp%2Fv2%2Fcomments&post=5411"}],"version-history":[{"count":0,"href":"https:\/\/parafia.niepokalanow.pl\/index.php?rest_route=\/wp\/v2\/pages\/5411\/revisions"}],"wp:attachment":[{"href":"https:\/\/parafia.niepokalanow.pl\/index.php?rest_route=%2Fwp%2Fv2%2Fmedia&parent=5411"}],"curies":[{"name":"wp","href":"https:\/\/api.w.org\/{rel}","templated":true}]}}