{"id":3967,"date":"2015-11-15T07:59:57","date_gmt":"2015-11-15T06:59:57","guid":{"rendered":"http:\/\/serwer1310789.home.pl\/parafia\/?page_id=3967"},"modified":"2022-12-05T09:15:04","modified_gmt":"2022-12-05T08:15:04","slug":"zaulek-aniolow","status":"publish","type":"page","link":"https:\/\/parafia.niepokalanow.pl\/?page_id=3967","title":{"rendered":"Zau\u0142ek Anio\u0142\u00f3w"},"content":{"rendered":"<div id='av_section_1'  class='avia-section main_color avia-section-default avia-no-shadow  avia-bg-style-scroll  avia-builder-el-0  el_before_av_section  avia-builder-el-first   container_wrap sidebar_right' style=' '  ><div class='container' ><main  role=\"main\" itemprop=\"mainContentOfPage\"  class='template-page content  av-content-small alpha units'><div class='post-entry post-entry-type-page post-entry-3967'><div class='entry-content-wrapper clearfix'>\n<div class=\"flex_column av_one_half  flex_column_div av-zero-column-padding first  avia-builder-el-1  el_before_av_one_half  avia-builder-el-first  \" style='border-radius:0px; '><section class=\"av_textblock_section \"  itemscope=\"itemscope\" itemtype=\"https:\/\/schema.org\/CreativeWork\" ><div class='avia_textblock  '   itemprop=\"text\" ><p><a href=\"http:\/\/serwer1310789.home.pl\/parafia\/wp-content\/uploads\/2015\/11\/zau\u0142ek.png\"><img loading=\"lazy\" decoding=\"async\" class=\"aligncenter size-medium wp-image-3968\" src=\"http:\/\/serwer1310789.home.pl\/parafia\/wp-content\/uploads\/2015\/11\/zau\u0142ek-300x111.png\" alt=\"zau\u0142ek\" width=\"300\" height=\"111\" srcset=\"https:\/\/parafia.niepokalanow.pl\/wp-content\/uploads\/2015\/11\/zau\u0142ek-300x111.png 300w, https:\/\/parafia.niepokalanow.pl\/wp-content\/uploads\/2015\/11\/zau\u0142ek-845x315.png 845w, https:\/\/parafia.niepokalanow.pl\/wp-content\/uploads\/2015\/11\/zau\u0142ek-705x261.png 705w, https:\/\/parafia.niepokalanow.pl\/wp-content\/uploads\/2015\/11\/zau\u0142ek-450x167.png 450w, https:\/\/parafia.niepokalanow.pl\/wp-content\/uploads\/2015\/11\/zau\u0142ek.png 851w\" sizes=\"auto, (max-width: 300px) 100vw, 300px\" \/><\/a><\/p>\n<\/div><\/section><\/div><div class=\"flex_column av_one_half  flex_column_div av-zero-column-padding   avia-builder-el-3  el_after_av_one_half  avia-builder-el-last  \" style='border-radius:0px; '><section class=\"av_textblock_section \"  itemscope=\"itemscope\" itemtype=\"https:\/\/schema.org\/CreativeWork\" ><div class='avia_textblock  '   itemprop=\"text\" ><h1>Zau\u0142ek Anio\u0142\u00f3w<\/h1>\n<p>OPIEKUN<\/p>\n<p><span style=\"color: #33cccc;\">O. PIOTR SOCHA OFMCONV<\/span><\/p>\n<\/div><\/section><\/div>\n\n<\/div><\/div><\/main><!-- close content main element --><\/div><\/div><div id='av_section_2'  class='avia-section main_color avia-section-no-padding avia-no-border-styling  avia-bg-style-scroll  avia-builder-el-5  el_after_av_section  el_before_av_textblock   container_wrap sidebar_right' style=' '  ><div class='container' ><div class='template-page content  av-content-small alpha units'><div class='post-entry post-entry-type-page post-entry-3967'><div class='entry-content-wrapper clearfix'>\n\n<\/div><\/div><\/div><!-- close content main div --><\/div><\/div><div id='after_section_2'  class='main_color av_default_container_wrap container_wrap sidebar_right' style=' '  ><div class='container' ><div class='template-page content  av-content-small alpha units'><div class='post-entry post-entry-type-page post-entry-3967'><div class='entry-content-wrapper clearfix'><section class=\"av_textblock_section \"  itemscope=\"itemscope\" itemtype=\"https:\/\/schema.org\/CreativeWork\" ><div class='avia_textblock  '   itemprop=\"text\" ><p><a href=\"http:\/\/serwer1310789.home.pl\/parafia\/wp-content\/uploads\/2015\/11\/za.jpg\"><img loading=\"lazy\" decoding=\"async\" class=\"size-portfolio wp-image-3972 alignright\" src=\"http:\/\/serwer1310789.home.pl\/parafia\/wp-content\/uploads\/2015\/11\/za-495x400.jpg\" alt=\"za\" width=\"495\" height=\"400\" srcset=\"https:\/\/parafia.niepokalanow.pl\/wp-content\/uploads\/2015\/11\/za-495x400.jpg 495w, https:\/\/parafia.niepokalanow.pl\/wp-content\/uploads\/2015\/11\/za-845x684.jpg 845w\" sizes=\"auto, (max-width: 495px) 100vw, 495px\" \/>Kawiarenka decyzj\u0105 Ojca Gwardiana Klasztoru zosta\u0142a zamkni\u0119ta, a budynek w kt\u00f3rym si\u0119 znajduj\u0119 przeznaczony do rozbi\u00f3rki.<\/a><\/p>\n<\/div><\/section><\/p>\n","protected":false},"excerpt":{"rendered":"","protected":false},"author":1,"featured_media":0,"parent":0,"menu_order":0,"comment_status":"closed","ping_status":"closed","template":"","meta":{"footnotes":""},"class_list":["post-3967","page","type-page","status-publish","hentry"],"_links":{"self":[{"href":"https:\/\/parafia.niepokalanow.pl\/index.php?rest_route=\/wp\/v2\/pages\/3967","targetHints":{"allow":["GET"]}}],"collection":[{"href":"https:\/\/parafia.niepokalanow.pl\/index.php?rest_route=\/wp\/v2\/pages"}],"about":[{"href":"https:\/\/parafia.niepokalanow.pl\/index.php?rest_route=\/wp\/v2\/types\/page"}],"author":[{"embeddable":true,"href":"https:\/\/parafia.niepokalanow.pl\/index.php?rest_route=\/wp\/v2\/users\/1"}],"replies":[{"embeddable":true,"href":"https:\/\/parafia.niepokalanow.pl\/index.php?rest_route=%2Fwp%2Fv2%2Fcomments&post=3967"}],"version-history":[{"count":0,"href":"https:\/\/parafia.niepokalanow.pl\/index.php?rest_route=\/wp\/v2\/pages\/3967\/revisions"}],"wp:attachment":[{"href":"https:\/\/parafia.niepokalanow.pl\/index.php?rest_route=%2Fwp%2Fv2%2Fmedia&parent=3967"}],"curies":[{"name":"wp","href":"https:\/\/api.w.org\/{rel}","templated":true}]}}