{"id":3929,"date":"2025-05-11T17:00:01","date_gmt":"2025-05-11T15:00:01","guid":{"rendered":"http:\/\/serwer1310789.home.pl\/parafia\/?page_id=3929"},"modified":"2025-05-12T16:23:30","modified_gmt":"2025-05-12T14:23:30","slug":"orkiestra-parafialna","status":"publish","type":"page","link":"https:\/\/parafia.niepokalanow.pl\/?page_id=3929","title":{"rendered":"Orkiestra parafialna"},"content":{"rendered":"<div id='av_section_1'  class='avia-section main_color avia-section-default avia-no-shadow  avia-bg-style-scroll  avia-builder-el-0  el_before_av_section  avia-builder-el-first   container_wrap sidebar_right' style=' '  ><div class='container' ><main  role=\"main\" itemprop=\"mainContentOfPage\"  class='template-page content  av-content-small alpha units'><div class='post-entry post-entry-type-page post-entry-3929'><div class='entry-content-wrapper clearfix'>\n<div class=\"flex_column av_one_half  flex_column_div av-zero-column-padding first  avia-builder-el-1  el_before_av_one_half  avia-builder-el-first  \" style='border-radius:0px; '><section class=\"av_textblock_section \"  itemscope=\"itemscope\" itemtype=\"https:\/\/schema.org\/CreativeWork\" ><div class='avia_textblock  '   itemprop=\"text\" ><p><a href=\"http:\/\/serwer1310789.home.pl\/parafia\/wp-content\/uploads\/2015\/11\/nuty_1.png\"><img loading=\"lazy\" decoding=\"async\" class=\"aligncenter size-medium wp-image-3844\" src=\"http:\/\/serwer1310789.home.pl\/parafia\/wp-content\/uploads\/2015\/11\/nuty_1-300x300.png\" alt=\"Orkiestra\" width=\"300\" height=\"300\" srcset=\"https:\/\/parafia.niepokalanow.pl\/wp-content\/uploads\/2015\/11\/nuty_1-300x300.png 300w, https:\/\/parafia.niepokalanow.pl\/wp-content\/uploads\/2015\/11\/nuty_1-80x80.png 80w, https:\/\/parafia.niepokalanow.pl\/wp-content\/uploads\/2015\/11\/nuty_1-36x36.png 36w, https:\/\/parafia.niepokalanow.pl\/wp-content\/uploads\/2015\/11\/nuty_1-180x180.png 180w, https:\/\/parafia.niepokalanow.pl\/wp-content\/uploads\/2015\/11\/nuty_1-120x120.png 120w, https:\/\/parafia.niepokalanow.pl\/wp-content\/uploads\/2015\/11\/nuty_1-450x450.png 450w, https:\/\/parafia.niepokalanow.pl\/wp-content\/uploads\/2015\/11\/nuty_1.png 600w\" sizes=\"auto, (max-width: 300px) 100vw, 300px\" \/><\/a><\/p>\n<\/div><\/section><\/div><div class=\"flex_column av_one_half  flex_column_div av-zero-column-padding   avia-builder-el-3  el_after_av_one_half  avia-builder-el-last  \" style='border-radius:0px; '><section class=\"av_textblock_section \"  itemscope=\"itemscope\" itemtype=\"https:\/\/schema.org\/CreativeWork\" ><div class='avia_textblock  '   itemprop=\"text\" ><h1>Orkiestra parafialna<\/h1>\n<p>OPIEKUN<\/p>\n<p><span style=\"color: #33cccc;\">O. ANDRZEJ S\u0104SIADEK<\/span><\/p>\n<p>DYRYGENT<\/p>\n<p><span style=\"color: #33cccc;\">PAWE\u0141 AMBROZIAK<\/span><\/p>\n<\/div><\/section><\/div><\/div><\/div><\/main><!-- close content main element --><\/div><\/div><div id='av_section_2'  class='avia-section main_color avia-section-no-padding avia-no-border-styling  avia-bg-style-scroll  avia-builder-el-5  el_after_av_section  el_before_av_textblock   container_wrap sidebar_right' style=' '  ><div class='container' ><div class='template-page content  av-content-small alpha units'><div class='post-entry post-entry-type-page post-entry-3929'><div class='entry-content-wrapper clearfix'>\n<div  style='padding-bottom:0px; ' class='av-special-heading av-special-heading-h3  blockquote modern-quote  avia-builder-el-6  avia-builder-el-no-sibling  '><h3 class='av-special-heading-tag '  itemprop=\"headline\"  >Orkiestra w odnowionym sk\u0142adzie personalnym rozwija swoj\u0105 dzia\u0142alno\u015b\u0107 przez pomoc w prze\u017cywaniu uroczysto\u015bci religijnych w naszej Bazylice.<\/h3><div class='special-heading-border'><div class='special-heading-inner-border' ><\/div><\/div><\/div>\n<\/div><\/div><\/div><!-- close content main div --><\/div><\/div><div id='after_section_2'  class='main_color av_default_container_wrap container_wrap sidebar_right' style=' '  ><div class='container' ><div class='template-page content  av-content-small alpha units'><div class='post-entry post-entry-type-page post-entry-3929'><div class='entry-content-wrapper clearfix'><\/p>\n<section class=\"av_textblock_section \"  itemscope=\"itemscope\" itemtype=\"https:\/\/schema.org\/CreativeWork\" ><div class='avia_textblock  '   itemprop=\"text\" ><p>Historia niepokalanowskiej\u00a0Orkiestry si\u0119ga roku 1996, kiedy to\u00a0przy bazylice Niepokalanej Wszechpo\u015bredniczki \u0141ask z inicjatywy \u00f3wczesnego proboszcza, o. Ludwika Bartoszaka, powsta\u0142a\u00a0orkiestra. Od 1997 r. dyrygentem by\u0142 przez wiele lat Pawe\u0142 Ambroziak, by po kilkuletniej przerwie zn\u00f3w do niej wr\u00f3ci\u0107.<\/p>\n<p>Jest obecna na\u00a0wszystkich wa\u017cniejszych wydarzeniach w naszej Bazylice. Orkiestra liczy oko\u0142o trzydziestu\u00a0cz\u0142onk\u00f3w. W\u015br\u00f3d jej cz\u0142onk\u00f3w spotka\u0107 mo\u017cna nie tylko do\u015bwiadczonych muzyk\u00f3w, ale\u00a0r\u00f3wnie\u017c amator\u00f3w, kt\u00f3ra\u00a0dzi\u0119ki uczestnictwie w\u00a0tym przedsi\u0119wzi\u0119ciu poznaj\u0105 prawdziw\u0105 rol\u0119 tradycji i\u00a0kultury w\u00a0obecnym \u017cyciu.<\/p>\n<p>Zapraszamy wszystkich ch\u0119tnych odkry\u0107 sw\u00f3j talent w\u00a0pi\u0105tki na\u00a0pr\u00f3by o\u00a0godz. 19.00 do sali w &#8222;Kwadracie&#8221;, z ty\u0142u Domu Parafialnego&#8221;, wej\u015bcie od strony tor\u00f3w.<\/p>\n<\/div><\/section>\n","protected":false},"excerpt":{"rendered":"","protected":false},"author":1,"featured_media":0,"parent":0,"menu_order":0,"comment_status":"closed","ping_status":"closed","template":"","meta":{"footnotes":""},"class_list":["post-3929","page","type-page","status-publish","hentry"],"_links":{"self":[{"href":"https:\/\/parafia.niepokalanow.pl\/index.php?rest_route=\/wp\/v2\/pages\/3929","targetHints":{"allow":["GET"]}}],"collection":[{"href":"https:\/\/parafia.niepokalanow.pl\/index.php?rest_route=\/wp\/v2\/pages"}],"about":[{"href":"https:\/\/parafia.niepokalanow.pl\/index.php?rest_route=\/wp\/v2\/types\/page"}],"author":[{"embeddable":true,"href":"https:\/\/parafia.niepokalanow.pl\/index.php?rest_route=\/wp\/v2\/users\/1"}],"replies":[{"embeddable":true,"href":"https:\/\/parafia.niepokalanow.pl\/index.php?rest_route=%2Fwp%2Fv2%2Fcomments&post=3929"}],"version-history":[{"count":0,"href":"https:\/\/parafia.niepokalanow.pl\/index.php?rest_route=\/wp\/v2\/pages\/3929\/revisions"}],"wp:attachment":[{"href":"https:\/\/parafia.niepokalanow.pl\/index.php?rest_route=%2Fwp%2Fv2%2Fmedia&parent=3929"}],"curies":[{"name":"wp","href":"https:\/\/api.w.org\/{rel}","templated":true}]}}