{"id":3907,"date":"2015-11-13T21:36:31","date_gmt":"2015-11-13T20:36:31","guid":{"rendered":"http:\/\/serwer1310789.home.pl\/parafia\/?page_id=3907"},"modified":"2022-08-31T09:41:29","modified_gmt":"2022-08-31T07:41:29","slug":"rodzina-radia-maryja","status":"publish","type":"page","link":"https:\/\/parafia.niepokalanow.pl\/?page_id=3907","title":{"rendered":"Rodzina Radia Maryja"},"content":{"rendered":"<div id='av_section_1'  class='avia-section main_color avia-section-default avia-no-shadow  avia-bg-style-scroll  avia-builder-el-0  el_before_av_section  avia-builder-el-first   container_wrap sidebar_right' style=' '  ><div class='container' ><main  role=\"main\" itemprop=\"mainContentOfPage\"  class='template-page content  av-content-small alpha units'><div class='post-entry post-entry-type-page post-entry-3907'><div class='entry-content-wrapper clearfix'>\n<div class=\"flex_column av_one_half  flex_column_div av-zero-column-padding first  avia-builder-el-1  el_before_av_one_half  avia-builder-el-first  \" style='border-radius:0px; '><section class=\"av_textblock_section \"  itemscope=\"itemscope\" itemtype=\"https:\/\/schema.org\/CreativeWork\" ><div class='avia_textblock  '   itemprop=\"text\" ><p><a href=\"http:\/\/serwer1310789.home.pl\/parafia\/wp-content\/uploads\/2015\/11\/radio_Maryja.gif\"><img loading=\"lazy\" decoding=\"async\" class=\"aligncenter size-medium wp-image-3924\" src=\"http:\/\/serwer1310789.home.pl\/parafia\/wp-content\/uploads\/2015\/11\/radio_Maryja-300x226.gif\" alt=\"radio_Maryja\" width=\"300\" height=\"226\" srcset=\"https:\/\/parafia.niepokalanow.pl\/wp-content\/uploads\/2015\/11\/radio_Maryja-300x226.gif 300w, https:\/\/parafia.niepokalanow.pl\/wp-content\/uploads\/2015\/11\/radio_Maryja-450x339.gif 450w\" sizes=\"auto, (max-width: 300px) 100vw, 300px\" \/><\/a><\/p>\n<\/div><\/section><\/div><div class=\"flex_column av_one_half  flex_column_div av-zero-column-padding   avia-builder-el-3  el_after_av_one_half  avia-builder-el-last  \" style='border-radius:0px; '><section class=\"av_textblock_section \"  itemscope=\"itemscope\" itemtype=\"https:\/\/schema.org\/CreativeWork\" ><div class='avia_textblock  '   itemprop=\"text\" ><h1>Ko\u0142o Przyjaci\u00f3\u0142 Radia Maryja<\/h1>\n<p>DUSZPASTERZ<\/p>\n<p><span style=\"color: #33cccc;\">O. PIOTR SOCHA<\/span><\/p>\n<\/div><\/section><\/div><\/div><\/div><\/main><!-- close content main element --><\/div><\/div><div id='av_section_2'  class='avia-section main_color avia-section-no-padding avia-no-border-styling  avia-bg-style-scroll  avia-builder-el-5  el_after_av_section  el_before_av_textblock   container_wrap sidebar_right' style=' '  ><div class='container' ><div class='template-page content  av-content-small alpha units'><div class='post-entry post-entry-type-page post-entry-3907'><div class='entry-content-wrapper clearfix'>\n<div  style='padding-bottom:0px; ' class='av-special-heading av-special-heading-h3  blockquote modern-quote  avia-builder-el-6  avia-builder-el-no-sibling  '><h3 class='av-special-heading-tag '  itemprop=\"headline\"  >Spotykamy si\u0119 w trzeci\u0105 sobot\u0119 miesi\u0105ca na Mszy \u015bw. o godz. 9.00 w Kaplicy \u015bw. Maksymiliana.<\/h3><div class='special-heading-border'><div class='special-heading-inner-border' ><\/div><\/div><\/div>\n<\/div><\/div><\/div><!-- close content main div --><\/div><\/div><div id='after_section_2'  class='main_color av_default_container_wrap container_wrap sidebar_right' style=' '  ><div class='container' ><div class='template-page content  av-content-small alpha units'><div class='post-entry post-entry-type-page post-entry-3907'><div class='entry-content-wrapper clearfix'><\/p>\n<section class=\"av_textblock_section \"  itemscope=\"itemscope\" itemtype=\"https:\/\/schema.org\/CreativeWork\" ><div class='avia_textblock  '   itemprop=\"text\" ><p lang=\"pl-PL\" xml:lang=\"pl-PL\">Wsp\u00f3lnota s\u0142uchaczy\u00a0<a href=\"http:\/\/dziedzictwo.ekai.pl\/@@radio_maryja\">Radia Maryja\u00a0<\/a>\u00a0oraz\u00a0os\u00f3b identyfikuj\u0105cych si\u0119 z\u00a0pogl\u0105dami prezentowanymi w\u00a0tej rozg\u0142o\u015bni.<\/p>\n<p lang=\"pl-PL\" xml:lang=\"pl-PL\">Na struktur\u0119 Rodziny Radia Maryja sk\u0142adaj\u0105 si\u0119 m.in. Biura, Ko\u0142a Przyjaci\u00f3\u0142, Ko\u0142a M\u0142odzie\u017cowe oraz\u00a0Podw\u00f3rkowe K\u00f3\u0142ka R\u00f3\u017ca\u0144cowe Dzieci. Dzia\u0142aj\u0105 one przy parafiach za\u00a0zgod\u0105 proboszcza. Obecne s\u0105 zar\u00f3wno w\u00a0Polsce jak i\u00a0zagranic\u0105. Statut Rodziny Radia Maryja zatwierdzony zosta\u0142 przez\u00a0Konferencj\u0119 Episkopatu Polski w\u00a0maju 2006\u00a0r.<\/p>\n<p lang=\"pl-PL\" xml:lang=\"pl-PL\">Cz\u0142onkowie Rodziny Radia Maryja anga\u017cuj\u0105 si\u0119 w\u00a0 \u017cycie parafii, organizuj\u0105 spotkania regionalne czy dni skupienia. Od 1993\u00a0r. uczestnicz\u0105 te\u017c w\u00a0dorocznej\u00a0<a href=\"http:\/\/dziedzictwo.ekai.pl\/@@pielgrzymka\">pielgrzymce\u00a0<\/a>\u00a0Rodziny Radia Maryja na\u00a0<a href=\"http:\/\/dziedzictwo.ekai.pl\/@@jasna_gora_sanktuarium\">Jasn\u0105 G\u00f3r\u0119\u00a0<\/a>. Pielgrzymka organizowana jest w\u00a0drug\u0105 niedziel\u0119 lipca.<\/p>\n<p lang=\"pl-PL\" xml:lang=\"pl-PL\">Dzia\u0142alno\u015b\u0107 Ko\u0142a to mi\u0119dzy innymi:<\/p>\n<ul>\n<li lang=\"pl-PL\" xml:lang=\"pl-PL\">propagowanie s\u0142uchania Radia Maryja i trwanie na modlitwie razem z\u00a0Radiem Maryja i w \u0142\u0105czno\u015bci z Ojcem \u015awi\u0119tym,<\/li>\n<li lang=\"pl-PL\" xml:lang=\"pl-PL\">wspieranie Radia Maryja i wszystkich jego inicjatyw,<\/li>\n<li lang=\"pl-PL\" xml:lang=\"pl-PL\">rozprowadzanie materia\u0142\u00f3w informuj\u0105cych o Radiu Maryja,<\/li>\n<li lang=\"pl-PL\" xml:lang=\"pl-PL\">czynny udzia\u0142 w \u017cyciu i dzia\u0142alno\u015bci naszych Parafii,<\/li>\n<li lang=\"pl-PL\" xml:lang=\"pl-PL\">organizowanie pielgrzymek do Sanktuari\u00f3w Maryjnych.<\/li>\n<\/ul>\n<p lang=\"pl-PL\" xml:lang=\"pl-PL\">\u00a0\u00a0\u00a0\u00a0\u00a0Zgodnie z za\u0142o\u017conym programem, czynnie uczestniczymy w \u017cyciu naszej parafii, bierzemy udzia\u0142 we wszystkich wa\u017cnych uroczysto\u015bciach i\u00a0s\u0142u\u017cymy pomoc\u0105 w ich organizacji.<\/p>\n<p lang=\"pl-PL\" xml:lang=\"pl-PL\"><strong>Spotykamy si\u0119 w naszej parafii w czwart\u0105 sobot\u0119\u00a0miesi\u0105ca na Mszy \u015bw. o godz. 9.00 w Kaplicy \u015bw. Maksymiliana.<\/strong><\/p>\n<\/div><\/section>\n","protected":false},"excerpt":{"rendered":"","protected":false},"author":1,"featured_media":0,"parent":0,"menu_order":0,"comment_status":"closed","ping_status":"closed","template":"","meta":{"footnotes":""},"class_list":["post-3907","page","type-page","status-publish","hentry"],"_links":{"self":[{"href":"https:\/\/parafia.niepokalanow.pl\/index.php?rest_route=\/wp\/v2\/pages\/3907","targetHints":{"allow":["GET"]}}],"collection":[{"href":"https:\/\/parafia.niepokalanow.pl\/index.php?rest_route=\/wp\/v2\/pages"}],"about":[{"href":"https:\/\/parafia.niepokalanow.pl\/index.php?rest_route=\/wp\/v2\/types\/page"}],"author":[{"embeddable":true,"href":"https:\/\/parafia.niepokalanow.pl\/index.php?rest_route=\/wp\/v2\/users\/1"}],"replies":[{"embeddable":true,"href":"https:\/\/parafia.niepokalanow.pl\/index.php?rest_route=%2Fwp%2Fv2%2Fcomments&post=3907"}],"version-history":[{"count":0,"href":"https:\/\/parafia.niepokalanow.pl\/index.php?rest_route=\/wp\/v2\/pages\/3907\/revisions"}],"wp:attachment":[{"href":"https:\/\/parafia.niepokalanow.pl\/index.php?rest_route=%2Fwp%2Fv2%2Fmedia&parent=3907"}],"curies":[{"name":"wp","href":"https:\/\/api.w.org\/{rel}","templated":true}]}}