{"id":3889,"date":"2015-11-13T20:50:43","date_gmt":"2015-11-13T19:50:43","guid":{"rendered":"http:\/\/serwer1310789.home.pl\/parafia\/?page_id=3889"},"modified":"2016-09-03T11:52:52","modified_gmt":"2016-09-03T09:52:52","slug":"oaza","status":"publish","type":"page","link":"https:\/\/parafia.niepokalanow.pl\/?page_id=3889","title":{"rendered":"Oaza Dzieci Bo\u017cych"},"content":{"rendered":"<div id='av_section_1'  class='avia-section main_color avia-section-default avia-no-shadow  avia-bg-style-scroll  avia-builder-el-0  el_before_av_section  avia-builder-el-first   container_wrap sidebar_right' style=' '  ><div class='container' ><main  role=\"main\" itemprop=\"mainContentOfPage\"  class='template-page content  av-content-small alpha units'><div class='post-entry post-entry-type-page post-entry-3889'><div class='entry-content-wrapper clearfix'>\n<div class=\"flex_column av_one_half  flex_column_div av-zero-column-padding first  avia-builder-el-1  el_before_av_one_half  avia-builder-el-first  \" style='border-radius:0px; '><section class=\"av_textblock_section \"  itemscope=\"itemscope\" itemtype=\"https:\/\/schema.org\/CreativeWork\" ><div class='avia_textblock  '   itemprop=\"text\" ><p><a href=\"http:\/\/serwer1310789.home.pl\/parafia\/wp-content\/uploads\/2015\/11\/baner.png\"><img loading=\"lazy\" decoding=\"async\" class=\"aligncenter size-medium wp-image-3896\" src=\"http:\/\/serwer1310789.home.pl\/parafia\/wp-content\/uploads\/2015\/11\/baner-300x261.png\" alt=\"baner\" width=\"300\" height=\"261\" srcset=\"https:\/\/parafia.niepokalanow.pl\/wp-content\/uploads\/2015\/11\/baner-300x261.png 300w, https:\/\/parafia.niepokalanow.pl\/wp-content\/uploads\/2015\/11\/baner-450x391.png 450w, https:\/\/parafia.niepokalanow.pl\/wp-content\/uploads\/2015\/11\/baner.png 518w\" sizes=\"auto, (max-width: 300px) 100vw, 300px\" \/><\/a><\/p>\n<\/div><\/section><\/div><div class=\"flex_column av_one_half  flex_column_div av-zero-column-padding   avia-builder-el-3  el_after_av_one_half  avia-builder-el-last  \" style='border-radius:0px; '><section class=\"av_textblock_section \"  itemscope=\"itemscope\" itemtype=\"https:\/\/schema.org\/CreativeWork\" ><div class='avia_textblock  '   itemprop=\"text\" ><h1>Oaza Dzieci Bo\u017cych<\/h1>\n<p>DUSZPASTERZ<\/p>\n<p><span style=\"color: #33cccc;\">O. TOMASZ SZOK\u00a0OFMCONV<\/span><\/p>\n<\/div><\/section><\/div><\/div><\/div><\/main><!-- close content main element --><\/div><\/div><div id='av_section_2'  class='avia-section main_color avia-section-no-padding avia-no-border-styling  avia-bg-style-scroll  avia-builder-el-5  el_after_av_section  el_before_av_textblock   container_wrap sidebar_right' style=' '  ><div class='container' ><div class='template-page content  av-content-small alpha units'><div class='post-entry post-entry-type-page post-entry-3889'><div class='entry-content-wrapper clearfix'>\n<div  style='padding-bottom:0px; ' class='av-special-heading av-special-heading-h3  blockquote modern-quote  avia-builder-el-6  avia-builder-el-no-sibling  '><h3 class='av-special-heading-tag '  itemprop=\"headline\"  ><span class='special_amp'>\u201c<\/span>Pozw\u00f3lcie dzieciom przychodzi\u0107 do mnie<span class='special_amp'>\u201d<\/span>.<\/h3><div class='special-heading-border'><div class='special-heading-inner-border' ><\/div><\/div><\/div>\n<\/div><\/div><\/div><!-- close content main div --><\/div><\/div><div id='after_section_2'  class='main_color av_default_container_wrap container_wrap sidebar_right' style=' '  ><div class='container' ><div class='template-page content  av-content-small alpha units'><div class='post-entry post-entry-type-page post-entry-3889'><div class='entry-content-wrapper clearfix'><\/p>\n<section class=\"av_textblock_section \"  itemscope=\"itemscope\" itemtype=\"https:\/\/schema.org\/CreativeWork\" ><div class='avia_textblock  '   itemprop=\"text\" ><p>Jeste\u015bmy wsp\u00f3lnot\u0105 Ruchu \u015awiat\u0142o-\u017bycie dzia\u0142aj\u0105c\u0105 przy naszej niepokalanowskiej parafii. Po przez katechez\u0119 i zabaw\u0119 pragniemy\u00a0 poznawa\u0107 Pana Jezusa, Jego s\u0142owo i liturgi\u0119. Do grupy mog\u0105 do\u0142\u0105czy\u0107 dzieci od 4 lat do sz\u00f3stej klasy szko\u0142y podstawowej.\u00a0Je\u015bli pragniesz rozpozna\u0107 obecno\u015b\u0107 Jezusa w sakramentach, drugim cz\u0142owieku, codziennym \u017cyciu i zabawie \u2013 to miejsce dla Ciebie.<\/p>\n<blockquote>\n<p>Na czym polega?<\/p>\n<\/blockquote>\n<p>Oaza Dzieci Bo\u017cych jest grup\u0105 dzieci, kt\u00f3re przez wsp\u00f3ln\u0105 modlitw\u0119, \u015bpiew i zabaw\u0119, pragn\u0105 poznawa\u0107 Boga.\u00a0Celem spotka\u0144, kt\u00f3re odbywaj\u0105 si\u0119 podczas roku formacyjnego (roku szkolnego), jest odkrywanie wielkiej mi\u0142o\u015bci Boga wzgl\u0119dem cz\u0142owieka. Pomoc\u0105 s\u0105 zdobywane sprawno\u015bci i zwi\u0105zane z nimi zadania. Nie s\u0142u\u017cy to tylko zabawie czy urozmaiceniu spotka\u0144. Dzieci ucz\u0105 si\u0119 przez nie w jaki spos\u00f3b stawa\u0107 si\u0119 Dzieckiem Bo\u017cym, czyli dobrym cz\u0142owiekiem. To ma doprowadzi\u0107 do stawania si\u0119 chrze\u015bcijaninem. Chodzi o to, \u017ceby dziecko przekona\u0142o si\u0119 jak du\u017co szcz\u0119\u015bcia i rado\u015bci daje \u017cycie z Jezusem, w oparciu o Jego Ewangeli\u0119.<\/p>\n<p>Nad ca\u0142\u0105 grup\u0105 czuwa odpowiedzialny ksi\u0105dz, kt\u00f3rego nazywamy moderatorem.<\/p>\n<blockquote>\n<p><strong>Kto mo\u017ce uczestniczy\u0107 w Oazie Dzieci Bo\u017cych?<\/strong><\/p>\n<\/blockquote>\n<p>Na spotkania Oazy mo\u017ce przyj\u015b\u0107 ka\u017cdy, kto chodzi do szko\u0142y podstawowej lub kiedy\u015b zamierza:)<br \/>\nKa\u017cde dziecko jest dla nas cennym darem, otrzymanym od Boga.<\/p>\n<blockquote>\n<p><strong>Kiedy odbywaj\u0105 si\u0119 spotkania?<\/strong><\/p>\n<\/blockquote>\n<p><strong>Spotkania odbywaj\u0105 si\u0119 w \u015brody o godz. 17.00 w Domu Parafialnym.<\/strong><\/p>\n<blockquote>\n<p><strong>Co nas czeka na spotkaniach?<\/strong><\/p>\n<\/blockquote>\n<p>Spr\u00f3bujemy zobaczy\u0107, jakie post\u0119powanie podoba si\u0119 Panu Bogu. Zastanowimy si\u0119, co zrobi\u0107 by by\u0107 lepszym koleg\u0105, kole\u017cank\u0105, bratem, siostr\u0105, dzieckiem. To wszystko b\u0119dziemy poznawa\u0107 na 30 minutowych katechezach. P\u00f3\u017aniej wraz z ca\u0142\u0105 grup\u0105 udajemy si\u0119 na sale gimnastyczn\u0105 i w\u015br\u00f3d zawod\u00f3w i zabaw rozwijamy swoje talenty.Do zdobycia i poznania mamy nast\u0119puj\u0105ce sprawno\u015bci: pos\u0142usze\u0144stwo, punktualno\u015b\u0107, wierno\u015b\u0107 s\u0142owu i wiele innych.<\/p>\n<p>Serdecznie Was zapraszamy:)<\/p>\n<\/div><\/section>\n","protected":false},"excerpt":{"rendered":"","protected":false},"author":1,"featured_media":0,"parent":0,"menu_order":0,"comment_status":"closed","ping_status":"closed","template":"","meta":{"footnotes":""},"class_list":["post-3889","page","type-page","status-publish","hentry"],"_links":{"self":[{"href":"https:\/\/parafia.niepokalanow.pl\/index.php?rest_route=\/wp\/v2\/pages\/3889","targetHints":{"allow":["GET"]}}],"collection":[{"href":"https:\/\/parafia.niepokalanow.pl\/index.php?rest_route=\/wp\/v2\/pages"}],"about":[{"href":"https:\/\/parafia.niepokalanow.pl\/index.php?rest_route=\/wp\/v2\/types\/page"}],"author":[{"embeddable":true,"href":"https:\/\/parafia.niepokalanow.pl\/index.php?rest_route=\/wp\/v2\/users\/1"}],"replies":[{"embeddable":true,"href":"https:\/\/parafia.niepokalanow.pl\/index.php?rest_route=%2Fwp%2Fv2%2Fcomments&post=3889"}],"version-history":[{"count":0,"href":"https:\/\/parafia.niepokalanow.pl\/index.php?rest_route=\/wp\/v2\/pages\/3889\/revisions"}],"wp:attachment":[{"href":"https:\/\/parafia.niepokalanow.pl\/index.php?rest_route=%2Fwp%2Fv2%2Fmedia&parent=3889"}],"curies":[{"name":"wp","href":"https:\/\/api.w.org\/{rel}","templated":true}]}}