{"id":3854,"date":"2015-11-13T11:12:19","date_gmt":"2015-11-13T10:12:19","guid":{"rendered":"http:\/\/serwer1310789.home.pl\/parafia\/?page_id=3854"},"modified":"2025-11-21T09:37:25","modified_gmt":"2025-11-21T08:37:25","slug":"ministranci","status":"publish","type":"page","link":"https:\/\/parafia.niepokalanow.pl\/?page_id=3854","title":{"rendered":"Ministranci"},"content":{"rendered":"<div id='av_section_1'  class='avia-section main_color avia-section-default avia-no-shadow  avia-bg-style-scroll  avia-builder-el-0  el_before_av_section  avia-builder-el-first   container_wrap sidebar_right' style=' '  ><div class='container' ><main  role=\"main\" itemprop=\"mainContentOfPage\"  class='template-page content  av-content-small alpha units'><div class='post-entry post-entry-type-page post-entry-3854'><div class='entry-content-wrapper clearfix'>\n<div class=\"flex_column av_one_half  flex_column_div av-zero-column-padding first  avia-builder-el-1  el_before_av_one_half  avia-builder-el-first  \" style='border-radius:0px; '><section class=\"av_textblock_section \"  itemscope=\"itemscope\" itemtype=\"https:\/\/schema.org\/CreativeWork\" ><div class='avia_textblock  '   itemprop=\"text\" ><p><a href=\"http:\/\/serwer1310789.home.pl\/parafia\/wp-content\/uploads\/2015\/11\/kiwak21.gif\"><img loading=\"lazy\" decoding=\"async\" class=\"aligncenter size-full wp-image-3855\" src=\"http:\/\/serwer1310789.home.pl\/parafia\/wp-content\/uploads\/2015\/11\/kiwak21.gif\" alt=\"kiwak21\" width=\"172\" height=\"233\" \/><\/a><\/p>\n<\/div><\/section><\/div><div class=\"flex_column av_one_half  flex_column_div av-zero-column-padding   avia-builder-el-3  el_after_av_one_half  avia-builder-el-last  \" style='border-radius:0px; '><section class=\"av_textblock_section \"  itemscope=\"itemscope\" itemtype=\"https:\/\/schema.org\/CreativeWork\" ><div class='avia_textblock  '   itemprop=\"text\" ><h1>Ministranci<\/h1>\n<p>DUSZPASTERZ<\/p>\n<p><span style=\"color: #33cccc;\">O. Andrzej S\u0105siadek<\/span><\/p>\n<p><span style=\"color: #33cccc;\">O. Rafa\u0142 Jendras<\/span><\/p>\n<\/div><\/section><\/div><\/div><\/div><\/main><!-- close content main element --><\/div><\/div><div id='av_section_2'  class='avia-section main_color avia-section-no-padding avia-no-border-styling  avia-bg-style-scroll  avia-builder-el-5  el_after_av_section  el_before_av_textblock   container_wrap sidebar_right' style=' '  ><div class='container' ><div class='template-page content  av-content-small alpha units'><div class='post-entry post-entry-type-page post-entry-3854'><div class='entry-content-wrapper clearfix'>\n<div  style='padding-bottom:0px; ' class='av-special-heading av-special-heading-h3  blockquote modern-quote  avia-builder-el-6  avia-builder-el-no-sibling  '><h3 class='av-special-heading-tag '  itemprop=\"headline\"  >Ministranci Parafii Niepokalanego Pocz\u0119cia NMP w Niepokalanowie to wsp\u00f3lnota s\u0142u\u017cby liturgicznej dla ch\u0142opc\u00f3w w wieku szkolnym oraz m\u0119\u017cczyzn, kt\u00f3rzy w pos\u0142udze przy o\u0142tarzu odnajduj\u0105 mo\u017cliwo\u015b\u0107 budowania swojej relacji z Bogiem.<\/h3><div class='special-heading-border'><div class='special-heading-inner-border' ><\/div><\/div><\/div>\n<\/div><\/div><\/div><!-- close content main div --><\/div><\/div><div id='after_section_2'  class='main_color av_default_container_wrap container_wrap sidebar_right' style=' '  ><div class='container' ><div class='template-page content  av-content-small alpha units'><div class='post-entry post-entry-type-page post-entry-3854'><div class='entry-content-wrapper clearfix'><\/p>\n<section class=\"av_textblock_section \"  itemscope=\"itemscope\" itemtype=\"https:\/\/schema.org\/CreativeWork\" ><div class='avia_textblock  '   itemprop=\"text\" ><p><a href=\"http:\/\/serwer1310789.home.pl\/parafia\/wp-content\/uploads\/2015\/11\/IMG_8749.jpg\"><img loading=\"lazy\" decoding=\"async\" class=\"size-portfolio wp-image-3859 alignright\" src=\"http:\/\/serwer1310789.home.pl\/parafia\/wp-content\/uploads\/2015\/11\/IMG_8749-495x400.jpg\" alt=\"IMG_8749\" width=\"495\" height=\"400\" \/><\/a>Aby poznawa\u0107 liturgi\u0119 i\u00a0uczy\u0107 si\u0119 ni\u0105 \u017cy\u0107, ministranci s\u0142u\u017c\u0105 w\u00a0naszej parafii podczas mszy \u015bwi\u0119tych oraz\u00a0nabo\u017ce\u0144stw.<\/p>\n<p>Do\u00a0obowi\u0105zk\u00f3w ministrant\u00f3w nale\u017cy s\u0142u\u017cba przy o\u0142tarzu podczas mszy\u00a0niedzielnych oraz\u00a0raz w\u00a0tygodniu podczas Mszy \u015awi\u0119tej o\u00a0godz. 18.00, a\u00a0tak\u017ce na\u00a0nabo\u017ce\u0144stwach.<\/p>\n<p>Aby pog\u0142\u0119bia\u0107 swoj\u0105 wiedz\u0119 o\u00a0liturgii oraz\u00a0wiar\u0119 w\u00a0Boga, ministranci uczestnicz\u0105 raz na tydzie\u0144\u00a0w\u00a0\u201ezbi\u00f3rce\u201d. S\u0105 to\u00a0zaj\u0119cia formacyjne, kt\u00f3re pomagaj\u0105 w\u00a0nauce sumiennego wype\u0142niania powierzanych im obowi\u0105zk\u00f3w oraz\u00a0odpowiedzialno\u015bci za\u00a0w\u0142asne czyny, a\u00a0tak\u017ce mi\u0142o\u015bci i\u00a0szacunku do\u00a0Boga i\u00a0ludzi.<\/p>\n<p><strong>Ministranci<\/strong>\u00a0(\u0142ac. ministrare \u2013 s\u0142u\u017cy\u0107) to osoby w wieku od o\u015bmiu do stu lat,\u00a0aktywnie zaanga\u017cowane w \u017cycie parafii.<\/p>\n<p>S\u0142u\u017cba podczas liturgii ma podw\u00f3jny charakter. Ministrant jest pomocnikiem kap\u0142ana \u2013 pomaga mu w sprawowaniu Mszy \u015bw. oraz innych nabo\u017ce\u0144stw, na przyk\u0142ad przygotowuje oraz przynosi naczynia liturgiczne, czyta czytania. Niekt\u00f3re z wykonywanych funkcji maj\u0105 znaczenie symboliczne, s\u0105 pewnymi znakami maj\u0105cymi pom\u00f3c w zrozumieniu tego, co dzieje si\u0119 na o\u0142tarzu. Tak jest m.in. z kadzid\u0142em, kt\u00f3re jest znakiem uwielbienia Boga oraz modlitwy do Niego zanoszonej.<\/p>\n<p>Ministrant s\u0142u\u017cy Chrystusowi w ludziach, dlatego jego misja nie ogranicza si\u0119 tylko do mur\u00f3w ko\u015bcio\u0142a, ale jest pe\u0142niona w ca\u0142ym jego \u017cyciu. Blisko\u015b\u0107 Jezusa w czasie liturgii zobowi\u0105zuje do Jego na\u015bladowania w pe\u0142nieniu s\u0142u\u017cby zawsze i wsz\u0119dzie.<\/p>\n<p>Ministrant modli si\u0119 i\u00a0pracuje nad\u00a0swoim charakterem oraz\u00a0cz\u0119sto przyjmuje Komuni\u0119 \u015bw.\u00a0Kocha Boga i\u00a0dla Jego chwa\u0142y spe\u0142nia wzorowo swoje obowi\u0105zki. Jest przyk\u0142adem dla innych i\u00a0podobnie jak kap\u0142an, stara si\u0119 by\u0107 niejako drugim Chrystusem. Podobnie jak on nosi bia\u0142\u0105 alb\u0119, znak czysto\u015bci i\u00a0niewinno\u015bci. To\u00a0tylko niekt\u00f3re punkty wybrane spo\u015br\u00f3d wielu, jakie cechuj\u0105 dobrego ministranta.<\/p>\n<p>Opiekunem ministrant\u00f3w starszych jest o. Andrzej S\u0105siadek, natomiast lektor\u00f3w, ministrant\u00f3w m\u0142odszych i kandydat\u00f3w o. Sebastian Bielski.<\/p>\n<p><strong>Spotkania ministrant\u00f3w starszych (doro\u015bli, w niedziel\u0119 pos\u0142uguj\u0105 na sumie parafialnej o 10.00) odbywaj\u0105 si\u0119 w 4\u00a0niedziel\u0119 miesi\u0105ca po Mszy \u015bw. o godz. 10.00.<\/strong><\/p>\n<p><strong>Spotkania lektor\u00f3w (m\u0142odzie\u017c gimnazjalna, licealna studenci) odbywaj\u0105 si\u0119 w ka\u017cd\u0105 sobot\u0119 o godz. 11.00 w sali Domu Parafialnego.<\/strong><\/p>\n<p><strong>Spotkania kandydat\u00f3w i\u00a0ministrant\u00f3w m\u0142odszych\u00a0(szko\u0142a podstawowa) odbywaj\u0105 si\u0119 w ka\u017cd\u0105 sobot\u0119 o godz. 10.00 w sali Domu Parafialnego.<\/strong><\/p>\n<\/div><\/section>\n","protected":false},"excerpt":{"rendered":"","protected":false},"author":1,"featured_media":0,"parent":0,"menu_order":0,"comment_status":"closed","ping_status":"closed","template":"","meta":{"footnotes":""},"class_list":["post-3854","page","type-page","status-publish","hentry"],"_links":{"self":[{"href":"https:\/\/parafia.niepokalanow.pl\/index.php?rest_route=\/wp\/v2\/pages\/3854","targetHints":{"allow":["GET"]}}],"collection":[{"href":"https:\/\/parafia.niepokalanow.pl\/index.php?rest_route=\/wp\/v2\/pages"}],"about":[{"href":"https:\/\/parafia.niepokalanow.pl\/index.php?rest_route=\/wp\/v2\/types\/page"}],"author":[{"embeddable":true,"href":"https:\/\/parafia.niepokalanow.pl\/index.php?rest_route=\/wp\/v2\/users\/1"}],"replies":[{"embeddable":true,"href":"https:\/\/parafia.niepokalanow.pl\/index.php?rest_route=%2Fwp%2Fv2%2Fcomments&post=3854"}],"version-history":[{"count":0,"href":"https:\/\/parafia.niepokalanow.pl\/index.php?rest_route=\/wp\/v2\/pages\/3854\/revisions"}],"wp:attachment":[{"href":"https:\/\/parafia.niepokalanow.pl\/index.php?rest_route=%2Fwp%2Fv2%2Fmedia&parent=3854"}],"curies":[{"name":"wp","href":"https:\/\/api.w.org\/{rel}","templated":true}]}}