{"id":3843,"date":"2015-11-13T07:49:56","date_gmt":"2015-11-13T06:49:56","guid":{"rendered":"http:\/\/serwer1310789.home.pl\/parafia\/?page_id=3843"},"modified":"2025-05-07T15:34:51","modified_gmt":"2025-05-07T13:34:51","slug":"chor-parafialny","status":"publish","type":"page","link":"https:\/\/parafia.niepokalanow.pl\/?page_id=3843","title":{"rendered":"Ch\u00f3r parafialny"},"content":{"rendered":"<div id='av_section_1'  class='avia-section main_color avia-section-default avia-no-shadow  avia-bg-style-scroll  avia-builder-el-0  el_before_av_section  avia-builder-el-first   container_wrap sidebar_right' style=' '  ><div class='container' ><main  role=\"main\" itemprop=\"mainContentOfPage\"  class='template-page content  av-content-small alpha units'><div class='post-entry post-entry-type-page post-entry-3843'><div class='entry-content-wrapper clearfix'>\n<div class=\"flex_column av_one_half  flex_column_div av-zero-column-padding first  avia-builder-el-1  el_before_av_one_half  avia-builder-el-first  \" style='border-radius:0px; '><section class=\"av_textblock_section \"  itemscope=\"itemscope\" itemtype=\"https:\/\/schema.org\/CreativeWork\" ><div class='avia_textblock  '   itemprop=\"text\" ><p><a href=\"https:\/\/parafia.niepokalanow.pl\/wp-content\/uploads\/2015\/11\/nuty_1.png\" rel=\"attachment wp-att-3844\"><img loading=\"lazy\" decoding=\"async\" class=\"aligncenter size-square wp-image-3844\" src=\"https:\/\/parafia.niepokalanow.pl\/wp-content\/uploads\/2015\/11\/nuty_1-180x180.png\" alt=\"Orkiestra parafialna\" width=\"180\" height=\"180\" srcset=\"https:\/\/parafia.niepokalanow.pl\/wp-content\/uploads\/2015\/11\/nuty_1-180x180.png 180w, https:\/\/parafia.niepokalanow.pl\/wp-content\/uploads\/2015\/11\/nuty_1-80x80.png 80w, https:\/\/parafia.niepokalanow.pl\/wp-content\/uploads\/2015\/11\/nuty_1-300x300.png 300w, https:\/\/parafia.niepokalanow.pl\/wp-content\/uploads\/2015\/11\/nuty_1-36x36.png 36w, https:\/\/parafia.niepokalanow.pl\/wp-content\/uploads\/2015\/11\/nuty_1-120x120.png 120w, https:\/\/parafia.niepokalanow.pl\/wp-content\/uploads\/2015\/11\/nuty_1-450x450.png 450w, https:\/\/parafia.niepokalanow.pl\/wp-content\/uploads\/2015\/11\/nuty_1.png 600w\" sizes=\"auto, (max-width: 180px) 100vw, 180px\" \/><\/a><\/p>\n<\/div><\/section><\/div><div class=\"flex_column av_one_half  flex_column_div av-zero-column-padding   avia-builder-el-3  el_after_av_one_half  avia-builder-el-last  \" style='border-radius:0px; '><section class=\"av_textblock_section \"  itemscope=\"itemscope\" itemtype=\"https:\/\/schema.org\/CreativeWork\" ><div class='avia_textblock  '   itemprop=\"text\" ><h1>Ch\u00f3r parafialny<\/h1>\n<p>DUSZPASTERZ<\/p>\n<p><span style=\"color: #33cccc;\">O. ANDRZEJ S\u0104SIADEK<\/span><\/p>\n<p>DYRYGENT<\/p>\n<p><span style=\"color: #33cccc;\">PAWE\u0141 AMBROZIAK<\/span><\/p>\n<\/div><\/section><\/div><\/div><\/div><\/main><!-- close content main element --><\/div><\/div><div id='av_section_2'  class='avia-section main_color avia-section-no-padding avia-no-border-styling  avia-bg-style-scroll  avia-builder-el-5  el_after_av_section  el_before_av_textblock   container_wrap sidebar_right' style=' '  ><div class='container' ><div class='template-page content  av-content-small alpha units'><div class='post-entry post-entry-type-page post-entry-3843'><div class='entry-content-wrapper clearfix'>\n<div  style='padding-bottom:0px; ' class='av-special-heading av-special-heading-h3  blockquote modern-quote  avia-builder-el-6  avia-builder-el-no-sibling  '><h3 class='av-special-heading-tag '  itemprop=\"headline\"  >Orkiestra w odnowionym sk\u0142adzie personalnym rozwija swoj\u0105 dzia\u0142alno\u015b\u0107 przez ubogacanie liturgii, uroczysto\u015bci religijnych i patriotycznych w Bazylice.<\/h3><div class='special-heading-border'><div class='special-heading-inner-border' ><\/div><\/div><\/div>\n<\/div><\/div><\/div><!-- close content main div --><\/div><\/div><div id='after_section_2'  class='main_color av_default_container_wrap container_wrap sidebar_right' style=' '  ><div class='container' ><div class='template-page content  av-content-small alpha units'><div class='post-entry post-entry-type-page post-entry-3843'><div class='entry-content-wrapper clearfix'><\/p>\n<section class=\"av_textblock_section \"  itemscope=\"itemscope\" itemtype=\"https:\/\/schema.org\/CreativeWork\" ><div class='avia_textblock  '   itemprop=\"text\" ><p>Ch\u00f3r Kameralny Bazyliki Mniejszej \u201eCantores Immaculatae\u201d powsta\u0142 we wrze\u015bniu 2000 roku. Inicjatorem powstania ch\u00f3ru by\u0142 \u00f3wczesny proboszcz parafii o. Mariusz S\u0142owik. Opiekunem i dyrygentem ch\u00f3ru zosta\u0142 \u00f3wczesny organista Pawe\u0142 Ambroziak. Ch\u00f3r na pocz\u0105tku nazywa\u0142 si\u0119 \u201eCantores Mariani\u201d czyli \u201e \u015apiewacy Maryi\u201d ostatecznie nazw\u0119 zmieniono i do dzi\u015b ch\u00f3r nazywa si\u0119 \u201eCantores Immaculatae\u201d &#8211; \u201e\u015apiewacy Niepokalanej\u201d.<\/p>\n<p>Pocz\u0105tki ch\u00f3ru by\u0142y pe\u0142ne ci\u0119\u017ckiej pracy, wielu pr\u00f3b i wielu godzin nauki, jak ka\u017cdy diament potrzebowa\u0142 obr\u00f3bki aby m\u00f3g\u0142 zmieni\u0107 si\u0119 we wspania\u0142y brylant. Ch\u00f3r debiutowa\u0142 podczas obchod\u00f3w \u015awi\u0105t Bo\u017cego Narodzenia 2000 roku. Odt\u0105d ch\u00f3r u\u015bwietnia\u0142 swoim \u015bpiewem uroczysto\u015bci ko\u015bcielne, parafialne a nawet klasztorne. Ch\u00f3r mia\u0142 okazj\u0119 zaprezentowa\u0107 swoje umiej\u0119tno\u015bci podczas Mi\u0119dzynarodowego Festiwalu Muzyki Religijnej w Rumii w 2002 i w 2004 roku, bra\u0142 r\u00f3wnie\u017c udzia\u0142 w Przegl\u0105dzie Ch\u00f3r\u00f3w Ko\u015bcielnych w Bazylice Archikatedralnej \u015awi\u0119tego Jana w Warszawie w 2001 oraz w 2004 roku. Ch\u00f3r mia\u0142 r\u00f3wnie\u017c mo\u017cliwo\u015b\u0107 koncertowa\u0107 w wielu krajach europejskich tj. Rosja, Estonia, Niemcy, Austria oraz w krajach skandynawskich. Uwie\u0144czeniem pracy ch\u00f3rzyst\u00f3w i dyrygenta by\u0142o nagranie dw\u00f3ch p\u0142yt: z kol\u0119dami oraz z pie\u015bniami wielkopostnymi.<\/p>\n<p>W 2006 roku nast\u0105pi\u0142a zmiana na stanowisku dyrygenta. Nowym dyrygentem zosta\u0142 Piotr Milczarek, kt\u00f3ry pod swoj\u0105 opiek\u0105 mia\u0142 r\u00f3wnie\u017c Ch\u00f3r Nauczycielski \u201eVivace\u201d z Sochaczewa. Dzi\u0119ki wsp\u00f3\u0142pracy z ch\u00f3rem z Sochaczewa repertuar ch\u00f3ru zosta\u0142 wzbogacony o utwory patriotyczne a tak\u017ce ludowe. Po\u0142\u0105czone ch\u00f3ry, opr\u00f3cz u\u015bwietniania swoim \u015bpiewem uroczysto\u015bci ko\u015bcielnych, bra\u0142y udzia\u0142 w wielu Przegl\u0105dach Nauczycielskich i Patriotycznych. Sk\u0142ad ch\u00f3ru, w ci\u0105gu lat, zmienia\u0142 si\u0119 wielokrotnie. Wiele os\u00f3b odesz\u0142o, wiele do\u0142\u0105czy\u0142o do grupy rozpoczynaj\u0105c przygod\u0119 z \u015bpiewem ch\u00f3ralnym. Ale pozostali i tacy, kt\u00f3rzy trwaj\u0105 z ch\u00f3rem od pocz\u0105tku istnienia. Dzi\u0119ki nim zosta\u0142 zachowany dobry duch ch\u00f3ru.<\/p>\n<p>W 2015 roku nast\u0105pi\u0142a kolejna zmiana dyrygenta. Na swoje stanowisko powr\u00f3ci\u0142 Pawe\u0142 Ambroziak. Z inicjatywy obecnego proboszcza o. Andrzeja Si\u0105siadka, ch\u00f3r zosta\u0142 wzbogacony o nowe osoby, kt\u00f3re dzi\u0119ki zach\u0119tom Ojca Proboszcza oraz dyrygenta Paw\u0142a, postanowi\u0142y do\u0142\u0105czy\u0107 do ch\u00f3ru. W pierwszych miesi\u0105cach nowej dzia\u0142alno\u015bci ch\u00f3r skupi\u0142 si\u0119 na nauce nowych oraz od\u015bwie\u017cenia starych utwor\u00f3w, zintegrowania grupy nowych i obecnych cz\u0142onk\u00f3w. Ch\u00f3r w nowym sk\u0142adzie zadebiutowa\u0142 podczas Uroczysto\u015bci Bo\u017cego Cia\u0142a. Obecnie ch\u00f3r skupia si\u0119 na opracowaniu repertuaru oraz szlifowaniu umiej\u0119tno\u015bci, kt\u00f3re prezentuje podczas Mszy \u015awi\u0119tych sprawowanych w Bazylice Mniejszej w Niepokalanowie.<\/p>\n<p><strong>Spotkania odbywaj\u0105 si\u0119 w sali Domu Parafialnego w \u015brody o godz. 19.00.<\/strong><\/p>\n<p><a href=\"http:\/\/chor.niepokalanow.pl\" target=\"_blank\" rel=\"noopener\">Strona Ch\u00f3ru<\/a><\/p>\n<\/div><\/section>\n","protected":false},"excerpt":{"rendered":"","protected":false},"author":1,"featured_media":0,"parent":0,"menu_order":0,"comment_status":"closed","ping_status":"closed","template":"","meta":{"footnotes":""},"class_list":["post-3843","page","type-page","status-publish","hentry"],"_links":{"self":[{"href":"https:\/\/parafia.niepokalanow.pl\/index.php?rest_route=\/wp\/v2\/pages\/3843","targetHints":{"allow":["GET"]}}],"collection":[{"href":"https:\/\/parafia.niepokalanow.pl\/index.php?rest_route=\/wp\/v2\/pages"}],"about":[{"href":"https:\/\/parafia.niepokalanow.pl\/index.php?rest_route=\/wp\/v2\/types\/page"}],"author":[{"embeddable":true,"href":"https:\/\/parafia.niepokalanow.pl\/index.php?rest_route=\/wp\/v2\/users\/1"}],"replies":[{"embeddable":true,"href":"https:\/\/parafia.niepokalanow.pl\/index.php?rest_route=%2Fwp%2Fv2%2Fcomments&post=3843"}],"version-history":[{"count":0,"href":"https:\/\/parafia.niepokalanow.pl\/index.php?rest_route=\/wp\/v2\/pages\/3843\/revisions"}],"wp:attachment":[{"href":"https:\/\/parafia.niepokalanow.pl\/index.php?rest_route=%2Fwp%2Fv2%2Fmedia&parent=3843"}],"curies":[{"name":"wp","href":"https:\/\/api.w.org\/{rel}","templated":true}]}}