{"id":3834,"date":"2015-11-12T23:12:26","date_gmt":"2015-11-12T22:12:26","guid":{"rendered":"http:\/\/serwer1310789.home.pl\/parafia\/?page_id=3834"},"modified":"2015-11-14T16:28:54","modified_gmt":"2015-11-14T15:28:54","slug":"zespol-miriam","status":"publish","type":"page","link":"https:\/\/parafia.niepokalanow.pl\/?page_id=3834","title":{"rendered":"Zesp\u00f3\u0142 &#8222;Miriam&#8221;"},"content":{"rendered":"<div id='av_section_1'  class='avia-section main_color avia-section-default avia-no-shadow  avia-bg-style-scroll  avia-builder-el-0  el_before_av_section  avia-builder-el-first   container_wrap sidebar_right' style=' '  ><div class='container' ><main  role=\"main\" itemprop=\"mainContentOfPage\"  class='template-page content  av-content-small alpha units'><div class='post-entry post-entry-type-page post-entry-3834'><div class='entry-content-wrapper clearfix'>\n<div class=\"flex_column av_one_half  flex_column_div av-zero-column-padding first  avia-builder-el-1  el_before_av_one_half  avia-builder-el-first  \" style='border-radius:0px; '><section class=\"av_textblock_section \"  itemscope=\"itemscope\" itemtype=\"https:\/\/schema.org\/CreativeWork\" ><div class='avia_textblock  '   itemprop=\"text\" ><h1 style=\"text-align: center;\"><a href=\"http:\/\/www.parafia.niepokalanow.plwp-content\/uploads\/2015\/11\/MIRIAMLogo.png\"><img loading=\"lazy\" decoding=\"async\" class=\"aligncenter size-medium wp-image-3922\" src=\"http:\/\/www.parafia.niepokalanow.plwp-content\/uploads\/2015\/11\/MIRIAMLogo-300x69.png\" alt=\"MIRIAMLogo\" width=\"300\" height=\"69\" srcset=\"https:\/\/parafia.niepokalanow.pl\/wp-content\/uploads\/2015\/11\/MIRIAMLogo-300x69.png 300w, https:\/\/parafia.niepokalanow.pl\/wp-content\/uploads\/2015\/11\/MIRIAMLogo-450x103.png 450w, https:\/\/parafia.niepokalanow.pl\/wp-content\/uploads\/2015\/11\/MIRIAMLogo.png 640w\" sizes=\"auto, (max-width: 300px) 100vw, 300px\" \/><\/a><\/h1>\n<\/div><\/section><\/div><div class=\"flex_column av_one_half  flex_column_div av-zero-column-padding   avia-builder-el-3  el_after_av_one_half  avia-builder-el-last  \" style='border-radius:0px; '><section class=\"av_textblock_section \"  itemscope=\"itemscope\" itemtype=\"https:\/\/schema.org\/CreativeWork\" ><div class='avia_textblock  '   itemprop=\"text\" ><h1>Zesp\u00f3\u0142 &#8222;Miriam&#8221;<\/h1>\n<p>DUSZPASTERZ<\/p>\n<p><span style=\"color: #33cccc;\">O. ANDRZEJ S\u0104SIADEK\u00a0OFMCONV<\/span><\/p>\n<\/div><\/section><\/div><\/div><\/div><\/main><!-- close content main element --><\/div><\/div><div id='av_section_2'  class='avia-section main_color avia-section-no-padding avia-no-border-styling  avia-bg-style-scroll  avia-builder-el-5  el_after_av_section  el_before_av_textblock   container_wrap sidebar_right' style=' '  ><div class='container' ><div class='template-page content  av-content-small alpha units'><div class='post-entry post-entry-type-page post-entry-3834'><div class='entry-content-wrapper clearfix'>\n<div  style='padding-bottom:0px; ' class='av-special-heading av-special-heading-h3  blockquote modern-quote  avia-builder-el-6  avia-builder-el-no-sibling  '><h3 class='av-special-heading-tag '  itemprop=\"headline\"  >Zesp\u00f3\u0142 Miriam tworzy grupa dziewcz\u0105t , kt\u00f3re \u015bpiewaj\u0105c Bogu na chwa\u0142\u0119, staraj\u0105 si\u0119 u\u0142atwia\u0107 modlitw\u0119 podczas Mszy \u015awi\u0119tych dla m\u0142odzie\u017cy w niedziel\u0119 o godz. 10.00 w dolnym ko\u015bciele.<\/h3><div class='special-heading-border'><div class='special-heading-inner-border' ><\/div><\/div><\/div>\n<\/div><\/div><\/div><!-- close content main div --><\/div><\/div><div id='after_section_2'  class='main_color av_default_container_wrap container_wrap sidebar_right' style=' '  ><div class='container' ><div class='template-page content  av-content-small alpha units'><div class='post-entry post-entry-type-page post-entry-3834'><div class='entry-content-wrapper clearfix'><\/p>\n<section class=\"av_textblock_section \"  itemscope=\"itemscope\" itemtype=\"https:\/\/schema.org\/CreativeWork\" ><div class='avia_textblock  '   itemprop=\"text\" ><blockquote>\n<p>Dlaczego \u201eMIRIAM\u201d?<a href=\"http:\/\/www.parafia.niepokalanow.plwp-content\/uploads\/2015\/11\/420911_429774397080932_1330695085_n.jpg\"><img loading=\"lazy\" decoding=\"async\" class=\"size-medium wp-image-3835 alignright\" src=\"http:\/\/www.parafia.niepokalanow.plwp-content\/uploads\/2015\/11\/420911_429774397080932_1330695085_n-300x300.jpg\" alt=\"miriam.jpg\" width=\"300\" height=\"300\" srcset=\"https:\/\/parafia.niepokalanow.pl\/wp-content\/uploads\/2015\/11\/420911_429774397080932_1330695085_n-300x300.jpg 300w, https:\/\/parafia.niepokalanow.pl\/wp-content\/uploads\/2015\/11\/420911_429774397080932_1330695085_n-80x80.jpg 80w, https:\/\/parafia.niepokalanow.pl\/wp-content\/uploads\/2015\/11\/420911_429774397080932_1330695085_n-36x36.jpg 36w, https:\/\/parafia.niepokalanow.pl\/wp-content\/uploads\/2015\/11\/420911_429774397080932_1330695085_n-180x180.jpg 180w, https:\/\/parafia.niepokalanow.pl\/wp-content\/uploads\/2015\/11\/420911_429774397080932_1330695085_n-120x120.jpg 120w, https:\/\/parafia.niepokalanow.pl\/wp-content\/uploads\/2015\/11\/420911_429774397080932_1330695085_n-450x450.jpg 450w, https:\/\/parafia.niepokalanow.pl\/wp-content\/uploads\/2015\/11\/420911_429774397080932_1330695085_n.jpg 524w\" sizes=\"auto, (max-width: 300px) 100vw, 300px\" \/><\/a><\/p>\n<\/blockquote>\n<p>D\u0142ugo zastanawiali\u015bmy si\u0119 nad nazw\u0105 zespo\u0142u. Trwa\u0142y dyskusje czy zesp\u00f3\u0142 powinien nazywa\u0107 si\u0119 raczej \u201e\u015bwiecko\u201d czy raczej \u201epobo\u017cnie\u201d. Jednak wsp\u00f3lnie doszli\u015bmy do wniosku, \u017ce skoro jeste\u015bmy w takim miejscu jak Niepokalan\u00f3w, gdzie \u017cy\u0142 i pracowa\u0142 \u015bw. Maksymilian, ten kt\u00f3ry Maryj\u0119 ukocha\u0142 ca\u0142ym sercem, dla niej \u017cy\u0142 i cierpia\u0142, nazwa zespo\u0142u mu si\u0119 z tym wi\u0105za\u0107. Pomys\u0142 nazwania zespo\u0142u imieniem Maryi przyj\u0105\u0142 si\u0119 do\u015b\u0107 szybko, cho\u0107 pojawia\u0142y si\u0119 w\u0105tpliwo\u015bci czy jeste\u015bmy godni tego aby &#8222;reprezentowa\u0107&#8221; Niepokalan\u0105. Jednak wyb\u00f3r Maryi na patronk\u0119 odzwierciedli\u0142 cel naszego istnienia. Ot\u00f3\u017c chcemy swoj\u0105 dzia\u0142alno\u015bci\u0105, tak jak Niepokalana Swym \u017cyciem, chwali\u0107 Boga. To w\u0142a\u015bnie Ona przypomina nam po Co i dla Kogo dzia\u0142amy. Samo imi\u0119 Miriam to Maryja, tyle \u017ce po hebrajsku.<\/p>\n<blockquote>\n<p>O zespole<\/p>\n<\/blockquote>\n<p>Grupa rozpocz\u0119\u0142a sw\u0105 dzia\u0142alno\u015b\u0107 w 2004r. Pocz\u0105tkowo zesp\u00f3\u0142 \u015bpiewa\u0142 jedynie na Mszach \u015awi\u0119tych. Jednak z biegiem czasu pojawi\u0142y si\u0119 zamys\u0142y dzia\u0142alno\u015bci ewangelizacyjnej. Tak te\u017c zrodzi\u0142 si\u0119 pomys\u0142 stworzenia w 2005 roku musicalu o tematyce zwi\u0105zanej ze \u015bwi\u0119tami Narodzenia Pa\u0144skiego pt. \u201dP\u00f3jd\u017acie za nasz\u0105 gwiazd\u0105\u201d. Ze wzgl\u0119du na pozytywny odzew ze strony parafian i innych go\u015bci, kt\u00f3rzy tworzyli publiczno\u015b\u0107 owego musicalu zesp\u00f3\u0142 odwa\u017cy\u0142 si\u0119<a href=\"http:\/\/www.parafia.niepokalanow.plwp-content\/uploads\/2015\/11\/420911_429774397080932_1330695085_n.jpg\"><br \/>\n<\/a> tworzy\u0107 kolejne spektakle. Do tej pory powsta\u0142y: \u201eS\u0142uga mi\u0142o\u015bci\u201d, \u201eZau\u0142ek anio\u0142\u00f3w\u201d, \u201eFranciszek- \u015awi\u0119ty z Asy\u017cu\u201d, \u201e Pascha Pana\u201d, \u201e\u015aw. Maksymilian M\u0119czennik Niepokalanej\u201d, \u201e \u015aw. Pawe\u0142 Aposto\u0142 Narod\u00f3w\u201d oraz \u201e\u015aw. Jan Maria Vianney Proboszcz z Ars\u201d. Dzi\u0119ki ofiarom, kt\u00f3re zbierane s\u0105 podczas musicali, a tak\u017ce serdecznej ofiarno\u015bci i \u017cyczliwo\u015bci ludzkiej zesp\u00f3l mia\u0142 mo\u017cliwo\u015b\u0107 odby\u0107 kilkukrotnie wyjazdy integracyjno-ewangelizacyjne. Pierwszym z nich by\u0142y kilkudniowe rekolekcje po\u0142\u0105czone z warsztatami wokalnymi w Jab\u0142onnej w 2005 rok. Kolejny wyjazd odby\u0142 si\u0119 w 2006 roku. Tym razem zesp\u00f3\u0142 uda\u0142 si\u0119, wraz z ministrantami i z m\u0142odzie\u017c\u0105 zaanga\u017cowan\u0105 w tworzenie musicali, do Zakopanego, gdzie mia\u0142 okazj\u0119 zwiedzi\u0107 mi\u0119dzy innymi, ko\u015bci\u00f3\u0142 na Krzept\u00f3wkach czy pustelni\u0119 \u015aw. br. Alberta. 2008 rok to pielgrzymka do Niemiec i Austrii, gdzie zesp\u00f3\u0142 \u201eMiriam\u201d i m\u0142odzie\u017c parafii Niepokalan\u00f3w mieli okazj\u0119 nawiedzi\u0107 Hoslwang, Dingolfing, Monachium, Neu Schwanstein. Jesie\u0144 2008 roku przynios\u0142a okazj\u0119 wyjazdu w Bieszczady, jednak najpi\u0119kniejszym i najbardziej owocnym okaza\u0142 si\u0119 wyjazd do W\u0142och. Sama jego organizacja jak i przebieg pomog\u0142y cz\u0142onkom zespo\u0142u (tak jak w przypadku poprzednich wyjazd\u00f3w) umocni\u0107 poczucie wsp\u00f3lnoty, nabra\u0107 Bo\u017cego Ducha i prawdziwie cieszy\u0107 si\u0119 swoj\u0105 obecno\u015bci\u0105.<br \/>\nChc\u0105c okaza\u0107 wdzi\u0119czno\u015b\u0107 Bogu oraz uwielbia\u0107 Go za talenty, jakimi nas obdarzy\u0142, dzi\u0119ki Bo\u017cemu i ludzkiemu wsparciu zesp\u00f3\u0142 \u201eMiriam\u201d nagra\u0142 w 2009 roku p\u0142yt\u0119 zatytu\u0142owan\u0105, \u201eKiedy brakuje s\u0142\u00f3w\u201d. Na p\u0142ycie znalaz\u0142o si\u0119 14 autorskich utwor\u00f3w, w\u015br\u00f3d nich piosenki napisane na potrzeby musicali.<br \/>\nZesp\u00f3\u0142 \u201eMiriam\u201d pos\u0142uguje r\u00f3wnie\u017c muzycznie na Warszawskiej Akademickiej Pielgrzymce Metropolitarnej w grupie Br\u0105zowej Franciszka\u0144skiej.<\/p>\n<p><span style=\"color: #ff0000;\"><strong>Zesp\u00f3\u0142 spotyka si\u0119 w pi\u0105tki o godz. 19.00 w sali Domu Parafialnego na parterze.<\/strong><\/span><\/p>\n<\/div><\/section>\n","protected":false},"excerpt":{"rendered":"","protected":false},"author":1,"featured_media":0,"parent":0,"menu_order":0,"comment_status":"closed","ping_status":"closed","template":"","meta":{"footnotes":""},"class_list":["post-3834","page","type-page","status-publish","hentry"],"_links":{"self":[{"href":"https:\/\/parafia.niepokalanow.pl\/index.php?rest_route=\/wp\/v2\/pages\/3834","targetHints":{"allow":["GET"]}}],"collection":[{"href":"https:\/\/parafia.niepokalanow.pl\/index.php?rest_route=\/wp\/v2\/pages"}],"about":[{"href":"https:\/\/parafia.niepokalanow.pl\/index.php?rest_route=\/wp\/v2\/types\/page"}],"author":[{"embeddable":true,"href":"https:\/\/parafia.niepokalanow.pl\/index.php?rest_route=\/wp\/v2\/users\/1"}],"replies":[{"embeddable":true,"href":"https:\/\/parafia.niepokalanow.pl\/index.php?rest_route=%2Fwp%2Fv2%2Fcomments&post=3834"}],"version-history":[{"count":0,"href":"https:\/\/parafia.niepokalanow.pl\/index.php?rest_route=\/wp\/v2\/pages\/3834\/revisions"}],"wp:attachment":[{"href":"https:\/\/parafia.niepokalanow.pl\/index.php?rest_route=%2Fwp%2Fv2%2Fmedia&parent=3834"}],"curies":[{"name":"wp","href":"https:\/\/api.w.org\/{rel}","templated":true}]}}