{"id":3824,"date":"2015-11-12T22:56:29","date_gmt":"2015-11-12T21:56:29","guid":{"rendered":"http:\/\/serwer1310789.home.pl\/parafia\/?page_id=3824"},"modified":"2025-11-21T09:36:36","modified_gmt":"2025-11-21T08:36:36","slug":"odnowa-w-duchu-swietym","status":"publish","type":"page","link":"https:\/\/parafia.niepokalanow.pl\/?page_id=3824","title":{"rendered":"Odnowa w Duchu \u015awi\u0119tym"},"content":{"rendered":"<div id='av_section_1'  class='avia-section main_color avia-section-default avia-no-shadow  avia-bg-style-scroll  avia-builder-el-0  el_before_av_section  avia-builder-el-first   container_wrap sidebar_right' style=' '  ><div class='container' ><main  role=\"main\" itemprop=\"mainContentOfPage\"  class='template-page content  av-content-small alpha units'><div class='post-entry post-entry-type-page post-entry-3824'><div class='entry-content-wrapper clearfix'>\n<div class=\"flex_column av_one_half  flex_column_div av-zero-column-padding first  avia-builder-el-1  el_before_av_one_half  avia-builder-el-first  \" style='border-radius:0px; '><section class=\"av_textblock_section \"  itemscope=\"itemscope\" itemtype=\"https:\/\/schema.org\/CreativeWork\" ><div class='avia_textblock  '   itemprop=\"text\" ><p><a href=\"http:\/\/serwer1310789.home.pl\/parafia\/wp-content\/uploads\/2015\/11\/kzk.png\"><img loading=\"lazy\" decoding=\"async\" class=\"aligncenter size-full wp-image-3831\" src=\"http:\/\/serwer1310789.home.pl\/parafia\/wp-content\/uploads\/2015\/11\/kzk.png\" alt=\"kzk\" width=\"300\" height=\"300\" srcset=\"https:\/\/parafia.niepokalanow.pl\/wp-content\/uploads\/2015\/11\/kzk.png 300w, https:\/\/parafia.niepokalanow.pl\/wp-content\/uploads\/2015\/11\/kzk-80x80.png 80w, https:\/\/parafia.niepokalanow.pl\/wp-content\/uploads\/2015\/11\/kzk-36x36.png 36w, https:\/\/parafia.niepokalanow.pl\/wp-content\/uploads\/2015\/11\/kzk-180x180.png 180w, https:\/\/parafia.niepokalanow.pl\/wp-content\/uploads\/2015\/11\/kzk-120x120.png 120w\" sizes=\"auto, (max-width: 300px) 100vw, 300px\" \/><\/a><\/p>\n<\/div><\/section><\/div><div class=\"flex_column av_one_half  flex_column_div av-zero-column-padding   avia-builder-el-3  el_after_av_one_half  avia-builder-el-last  \" style='border-radius:0px; '><section class=\"av_textblock_section \"  itemscope=\"itemscope\" itemtype=\"https:\/\/schema.org\/CreativeWork\" ><div class='avia_textblock  '   itemprop=\"text\" ><h1>Odnowa w Duchu \u015awi\u0119tym \u015bw. Jana Chrzciciela<\/h1>\n<p>DUSZPASTERZ<\/p>\n<p><span style=\"color: #33cccc;\">O. Andrzej S\u0105siadek<\/span><\/p>\n<\/div><\/section><\/div><\/div><\/div><\/main><!-- close content main element --><\/div><\/div><div id='av_section_2'  class='avia-section main_color avia-section-no-padding avia-no-border-styling  avia-bg-style-scroll  avia-builder-el-5  el_after_av_section  el_before_av_textblock   container_wrap sidebar_right' style=' '  ><div class='container' ><div class='template-page content  av-content-small alpha units'><div class='post-entry post-entry-type-page post-entry-3824'><div class='entry-content-wrapper clearfix'>\n<div  style='padding-bottom:0px; ' class='av-special-heading av-special-heading-h3  blockquote modern-quote  avia-builder-el-6  avia-builder-el-no-sibling  '><h3 class='av-special-heading-tag '  itemprop=\"headline\"  >\u015awi\u0119ty Jan Chrzciciel jest wsp\u00f3lnot\u0105 Odnowy w Duchu \u015awi\u0119tym. Istnieje przy parafii w Niepokalanowie od kilkunastu lat. Wsp\u00f3lnot\u0119 tworz\u0105 ludzie r\u00f3\u017cnych stan\u00f3w i w r\u00f3\u017cnym wieku.<\/h3><div class='special-heading-border'><div class='special-heading-inner-border' ><\/div><\/div><\/div>\n<\/div><\/div><\/div><!-- close content main div --><\/div><\/div><div id='after_section_2'  class='main_color av_default_container_wrap container_wrap sidebar_right' style=' '  ><div class='container' ><div class='template-page content  av-content-small alpha units'><div class='post-entry post-entry-type-page post-entry-3824'><div class='entry-content-wrapper clearfix'><\/p>\n<section class=\"av_textblock_section \"  itemscope=\"itemscope\" itemtype=\"https:\/\/schema.org\/CreativeWork\" ><div class='avia_textblock  '   itemprop=\"text\" ><p>Wsp\u00f3lnota <em>\u015bw. Jana Chrzciciela<\/em>\u00a0jest wsp\u00f3lnot\u0105 \u015bwieckich, kt\u00f3rej cz\u0142onkowie, o\u017cywieni dotkni\u0119ciem Ducha \u015awi\u0119tego, pragn\u0105 pog\u0142\u0119bia\u0107 swoj\u0105 wiar\u0119, w postawie ci\u0105g\u0142ego nawracania, oraz &#8211; ws\u0142uchuj\u0105c si\u0119 w S\u0142owo Bo\u017ce &#8211; nie\u015b\u0107 Dobra Nowin\u0119 wszystkim ludziom.<\/p>\n<p>Spotykamy si\u0119 \u00a0<b>w ka\u017cdy wtorek o godzinie 19.00.<\/b>\u00a0Spotkania s\u0105 otwarte \u0096 zapraszamy osoby w ka\u017cdym wieku, sytuacji \u017cyciowej, stanie ducha, a szczeg\u00f3lnie mocno tych, kt\u00f3rzy jeszcze nie znale\u017ali swego miejsca w Ko\u015bciele i nigdy nie czuli si\u0119 naprawd\u0119 kochanymi dzie\u0107mi Boga. Przyjd\u017a i zobacz, jakich cud\u00f3w dokonuje Pan B\u00f3g w naszym \u017cyciu. Chcemy podzieli\u0107 si\u0119 z Tob\u0105 rado\u015bci\u0105 p\u0142yn\u0105c\u0105 z prze\u017cywania wiary!<\/p>\n<p>Nasze spotkanie to wsp\u00f3lna Eucharystia, adoracja Naj\u015bwi\u0119tszego Sakramentu, modlitwa &#8211; g\u0142\u00f3wnie wielbi\u0105ca &#8211; oraz formacja duchowa.<\/p>\n<p>Cz\u0142onkowie wsp\u00f3lnoty, poci\u0105gni\u0119ci s\u0142owami Chrystusa \u0084s\u0142udzy nieu\u017cyteczni jeste\u015bmy; wykonali\u015bmy to, co powinni\u015bmy wykona\u0107\u0094 (por. \u0141k 17, 10) osobistym zaanga\u017cowaniem i odpowiedzialno\u015bci\u0105 za brata\/siostr\u0119 staraj\u0105 si\u0119 kszta\u0142towa\u0107 ducha s\u0142u\u017cby wzgl\u0119dem drugiego cz\u0142owieka i w poszanowaniu do jego osobistych wybor\u00f3w by\u0107 towarzyszem we wsp\u00f3lnej drodze.<\/p>\n<\/div><\/section>\n<div  class=\"togglecontainer   toggle_close_all  avia-builder-el-8  el_after_av_textblock  avia-builder-el-last \" >\n<section class=\"av_toggle_section\"  itemscope=\"itemscope\" itemtype=\"https:\/\/schema.org\/CreativeWork\"  >    <div role=\"tablist\" class=\"single_toggle\" data-tags=\"{Wszystko} \"  >        <p data-fake-id=\"#toggle-id-1\" class=\"toggler \"  itemprop=\"headline\"    role=\"tab\" tabindex=\"0\" aria-controls=\"toggle-id-1-container\">Grupa Odnowy w Duchu \u015awi\u0119tym \u201eJan Chrzciciel\u201d przy Parafii Niepokalanego Pocz\u0119cia NMP w Niepokalanowie<span class=\"toggle_icon\" >        <span class=\"vert_icon\"><\/span><span class=\"hor_icon\"><\/span><\/span><\/p>        <div id=\"toggle-id-1-container\" class=\"toggle_wrap \"  >            <div class=\"toggle_content invers-color \"  itemprop=\"text\"   ><p>Powsta\u0142a w ostatnim tygodniu sierpnia 1996 r. z inicjatywy os\u00f3b \u015bwieckich przynaglonych zaproszeniem Ducha \u015awi\u0119tego. Inicjatywie tej pob\u0142ogos\u0142awi\u0142 \u00f3wczesny proboszcz Parafii Niepokalan\u00f3w <strong>o. Ludwik Bartoszak<\/strong> OFM Conv., a pierwszym opiekunem grupy zosta\u0142 <strong>o. Jaros\u0142aw G\u0142a\u017cewski<\/strong> OFM Conv. Liderem zosta\u0142a <strong>Hanna K\u0142ys<\/strong>.<\/p>\n<p>Na pocz\u0105tku grupa liczy\u0142a siedem os\u00f3b i stopniowo powi\u0119ksza\u0142a si\u0119 liczebnie. Spotkania modlitewne od pocz\u0105tku odbywa\u0142y si\u0119 we wtorki o 19.00. Przez pierwsze lata grupa gromadzi\u0142a si\u0119 na modlitwie w kaplicy domu rekolekcyjnego \u201eKwadrat\u201d, natomiast od roku 2001 spotkania odbywaj\u0105 si\u0119 w domu parafialnym w Niepokalanowie, wcze\u015bniej w ma\u0142ej salce, a w miar\u0119 rozrastania si\u0119 grupy spotkania przeniesiono do przestronnej sali na g\u00f3rze.<\/p>\n<p>Nazwa grupy, a jednocze\u015bnie jej Patron \u2013 Jan Chrzciciel \u2013 zosta\u0142a rozeznana wkr\u00f3tce po jej za\u0142o\u017ceniu. Podczas spotkania modlitewnego otwarte zosta\u0142o S\u0142owo Bo\u017ce w miejscu: Ewangelia \u015aw. Jana <em>Prolog o S\u0142owie<\/em>, co osoby odpowiedzialne za grup\u0119 odczyta\u0142y jako zaproszenie, by obra\u0107 \u015bw. Jana Chrzciciela za patrona,<br \/>\na jednocze\u015bnie za wz\u00f3r do na\u015bladowania na drodze osobistego nawr\u00f3cenia oraz ewangelizacji.<\/p>\n<p>G\u0142\u00f3wnym charyzmatem grupy \u201eJan Chrzciciel\u201d jest modlitwa wstawiennicza w intencjach indywidualnych os\u00f3b, jak r\u00f3wnie\u017c modlitwa za Ko\u015bci\u00f3\u0142, nasz\u0105 Ojczyzn\u0119 i ca\u0142y \u015bwiat. Szczeg\u00f3ln\u0105 trosk\u0105 modlitewn\u0105 otaczamy kap\u0142an\u00f3w, parafi\u0119<br \/>\ni klasztor Niepokalan\u00f3w, sprawy Gminy Teresin. Diakonia modlitwy wstawienniczej pos\u0142uguje w domu parafialnym w ka\u017cdy czwartek o godzinie 19.00.<\/p>\n<p>Od roku za\u0142o\u017cenia do chwili obecnej grupa cieszy\u0142a si\u0119 opiek\u0105 duszpasterza. Jednocze\u015bnie, osoby kap\u0142an\u00f3w zmienia\u0142y si\u0119 na przestrzeni lat. Kolejnymi opiekunami byli franciszkanie:<\/p>\n<p><strong>o. Jaros\u0142aw G\u0142a\u017cewski<\/strong> (1996 \u2013 1998), <strong>o. Andrzej Sachanowski<\/strong> (1998 \u2013 2000), <strong>o. Piotr Szczepa\u0144ski<\/strong> (2000 \u2013 2002), <strong>o. Grzegorz Klimczyk <\/strong>(2002 \u2013 2004),<br \/>\n<strong>o. Andrzej S\u0105siadek<\/strong> (2004 \u2013 2012), <strong>o. Karol Olborski<\/strong> (2012 \u2013 2014).<\/p>\n<p>Obecnym opiekunem grupy od 2014 r. jest ponownie <strong>o. Andrzej S\u0105siadek<\/strong>, proboszcz parafii Niepokalan\u00f3w.<\/p>\n<p>Osoby nale\u017c\u0105ce do grupy \u201eJan Chrzciciel\u201d podejmuj\u0105 osobist\u0105 formacj\u0119, korzystaj\u0105c przede wszystkim z propozycji rekolekcji i weekend\u00f3w formacyjnych diecezjalnego Centrum Odnowy \u201eWieczernik\u201d w Magdalence. Co roku w maju uczestniczymy tak\u017ce w og\u00f3lnopolskim Czuwaniu Grup Odnowy w Duchu \u015awi\u0119tym na Jasnej G\u00f3rze. W ka\u017cdym roku grono cz\u0142onk\u00f3w wsp\u00f3lnoty uczestniczy w Dniu Jedno\u015bci Grup Odnowy Archidiecezji Warszawskiej, organizowanym przez Centrum Formacji \u201eWieczernik\u201d. Podczas tego spotkania podejmujemy roczn\u0105 modlitw\u0119 za wylosowan\u0105 grup\u0119 Odnowy z diecezji. W ostatnich latach modlili\u015bmy si\u0119 za grupy z Ursusa i Magdalenki.<\/p>\n<p>Regularnie prze\u017cywamy weekendowe dni skupienia dla naszej grupy, prowadzone przez aktualnego duszpasterza grupy: w Gietrzewa\u0142dzie (listopad 2011), w Moglilnie (marzec 2012), w Niepokalanowie ( jesie\u0144 2013, weekend poprowadzony przez cz\u0142onk\u00f3w wsp\u00f3lnoty Mocni w Duchu w ramach programu <em>SOS dla Wsp\u00f3lnot<\/em> ), w Kaliszu ( czerwiec 2014) oraz ostatnio w listopadzie 2015 r. na \u015awi\u0119tym Krzy\u017cu. W 2009 r. na dziesi\u0119ciu kolejnych spotkaniach wtorkowych prze\u017cywali\u015bmy rekolekcje dla naszej grupy oparte na Dekalogu. Katechezy g\u0142osi\u0142 o. Andrzej S\u0105siadek.<\/p>\n<p><u>Pos\u0142ugi i zaanga\u017cowania grupy \u201eJan Chrziciel\u201d w parafii Niepokalan\u00f3w:<\/u><\/p>\n<p>* modlitwa wstawiennicza<\/p>\n<p>* pomoc w przygotowaniu m\u0142odzie\u017cy do przyj\u0119cia Sakramentu Bierzmowania (od 2004 r.)<\/p>\n<p>* organizowanie i przeprowadzenie Rekolekcji Ewangelizacyjnych Odnowy (REO) dla parafii (dotychczas odby\u0142y si\u0119 w latach 2004, 2006, 2010, 2014.)<\/p>\n<p>* Msza \u015bw. i nabo\u017ce\u0144stwo modlitewne w intencji uzdrowienia dusz i cia\u0142,\u00a0 w bazylice w Niepokalanowie (od 2009 r.)<\/p>\n<p>* coroczne czuwania modlitewne w Wigili\u0119 Zes\u0142ania Ducha \u015awi\u0119tego<\/p>\n<p>* przygotowywanie jednego z o\u0142tarzy na procesj\u0119 podczas Uroczysto\u015bci Bo\u017cego Cia\u0142a<\/p>\n<p>* adoracja przy Grobie Pa\u0144skim w Wielki Pi\u0105tek i w Wigili\u0119 Paschaln\u0105<\/p>\n<p>* wsp\u00f3\u0142praca z parafialnym zespo\u0142em Caritas<\/p>\n<p>* pomoc w przygotowaniu i wydawaniu posi\u0142k\u00f3w dla pieszych pielgrzym\u00f3w na Jasn\u0105 G\u00f3r\u0119<\/p>\n<p>* zaanga\u017cowanie w bie\u017c\u0105ce dzie\u0142a organizowane w parafii w ci\u0105gu ca\u0142ego roku (w miar\u0119 potrzeb i mo\u017cliwo\u015bci)<\/p>\n            <\/div>        <\/div>    <\/div><\/section>\n<section class=\"av_toggle_section\"  itemscope=\"itemscope\" itemtype=\"https:\/\/schema.org\/CreativeWork\"  >    <div role=\"tablist\" class=\"single_toggle\" data-tags=\"{Wszystko} \"  >        <p data-fake-id=\"#toggle-id-2\" class=\"toggler \"  itemprop=\"headline\"    role=\"tab\" tabindex=\"0\" aria-controls=\"toggle-id-2-container\">Zadania dla grupy \u201eJan Chrzciciel\u201d na rok 2015\/2016<span class=\"toggle_icon\" >        <span class=\"vert_icon\"><\/span><span class=\"hor_icon\"><\/span><\/span><\/p>        <div id=\"toggle-id-2-container\" class=\"toggle_wrap \"  >            <div class=\"toggle_content invers-color \"  itemprop=\"text\"   ><p><em>rozeznane przed Naj\u015bwi\u0119tszym Sakramentem podczas spotkania grupy we wrze\u015bniu 2015.<\/em><\/p>\n<p><strong>PAN JEST DROG\u0104, PRAWD\u0104 I \u017bYCIEM<\/strong><\/p>\n<ol>\n<li><strong> Jeste\u015bmy pos\u0142ani do dawania \u015bwiadectwa i wzajemnej mi\u0142o\u015bci.<\/strong><\/li>\n<li><strong> Wezwanie do nawr\u00f3cenia i przemiany serca.<\/strong><\/li>\n<li><strong> Postawi\u0107 Pana Jezusa na pierwszym miejscu, On jest \u015awiat\u0142em i \u017ar\u00f3d\u0142em Mi\u0142o\u015bci.<\/strong><\/li>\n<li><strong> By\u0107 pos\u0142usznym i dochowa\u0107 Bogu wierno\u015bci.<\/strong><\/li>\n<li><strong> Eucharystia \u2013 \u017ar\u00f3d\u0142em uzdrowienia.<\/strong><\/li>\n<li><strong> Cz\u0119sto adorowa\u0107 Jezusa \u2013 wpatrywa\u0107 si\u0119 w Jego Oblicze. <\/strong><\/li>\n<li><strong> Jeste\u015bmy pos\u0142ani, by ewangelizowa\u0107 \u015bwiat.<\/strong><\/li>\n<li><strong> Pan jest blisko, p\u00f3jdzie na czele w s\u0142upie ob\u0142oku, b\u0119dzie widoczny.<\/strong><\/li>\n<li><strong> Ostrze\u017cenie przed chciwo\u015bci\u0105 i zniewoleniem materializmem, nale\u017cy odrzuci\u0107 wszystko, co sprzeciwia si\u0119 Bogu.<\/strong><\/li>\n<li><strong> Oddanie czci Bogu i wzajemna troska o innych ludzi.<\/strong><\/li>\n<li><strong> Pog\u0142\u0119bia\u0107 formacj\u0119, rekolekcje o na\u015bladowaniu Patrona naszej wsp\u00f3lnoty, \u015bw. Jana Chrzciciela. Radykalizm chrze\u015bcija\u0144ski.<\/strong><\/li>\n<li><strong> Poczu\u0107 si\u0119 obdarowanym przez Ducha \u015awi\u0119tego i prosi\u0107 o kolejne dary.<\/strong><\/li>\n<li><strong> Widzie\u0107 Jezusa w drugim cz\u0142owieku (chorym, opuszczonym, zagubionym).<\/strong><\/li>\n<li><strong> Zach\u0119ta Maryi, aby s\u0142ucha\u0107 wszystkiego, co powie Jezus.<\/strong><\/li>\n<li><strong> By\u0107 przygotowanym na do\u015bwiadczenia i modli\u0107 si\u0119 w utrapieniu.<\/strong><\/li>\n<li><strong> Zabiega\u0107 o jedno\u015b\u0107 we wsp\u00f3lnocie opartej na mi\u0142o\u015bci bli\u017aniego.<\/strong><\/li>\n<li><strong> S\u0142ucha\u0107 Jezusa i p\u00f3j\u015b\u0107, gdziekolwiek nas po\u015ble.<\/strong><\/li>\n<li><strong> Modli\u0107 si\u0119 i s\u0142u\u017cy\u0107 z rado\u015bci\u0105.<\/strong><\/li>\n<li><strong> Nie l\u0119kaj si\u0119 \u2013 B\u00f3g jest z Tob\u0105!<\/strong><\/li>\n<\/ol>\n            <\/div>        <\/div>    <\/div><\/section>\n<section class=\"av_toggle_section\"  itemscope=\"itemscope\" itemtype=\"https:\/\/schema.org\/CreativeWork\"  >    <div role=\"tablist\" class=\"single_toggle\" data-tags=\"{Wszystko} \"  >        <p data-fake-id=\"#toggle-id-3\" class=\"toggler \"  itemprop=\"headline\"    role=\"tab\" tabindex=\"0\" aria-controls=\"toggle-id-3-container\">Oczami Lidera grupy<span class=\"toggle_icon\" >        <span class=\"vert_icon\"><\/span><span class=\"hor_icon\"><\/span><\/span><\/p>        <div id=\"toggle-id-3-container\" class=\"toggle_wrap \"  >            <div class=\"toggle_content invers-color \"  itemprop=\"text\"   ><p>Grupa Odnowy w Duchu \u015awi\u0119tym przy Parafii Niepokalanego Pocz\u0119cia NMP powsta\u0142a niespe\u0142na 20 lat temu. Patronuje nam \u015bw. Jan Chrzciciel. Jest to grupa modlitewna z rozeznanym charyzmatem modlitwy wstawienniczej. To rozeznanie Pan potwierdza\u0142 znakami. Kilka os\u00f3b przygotowa\u0142o si\u0119 do tej pos\u0142ugi, uczestnicz\u0105c<br \/>\nw seminarium modlitwy wstawienniczej w Centrum Formacji Odnowy w Magdalence.<\/p>\n<p>Darem Nieba i naszym duchowym opiekunem jest o. Andrzej S\u0105siadek. Spotykamy si\u0119 w ka\u017cdy wtorek o godzinie 19.00 w Domu Parafialnym, w sali na g\u00f3rze.\u00a0 Obecnie w spotkaniach uczestniczy \u015brednio 40 os\u00f3b. S\u0105 to osoby w wieku \u015brednim oraz m\u0142odzi \u2013 kobiety i m\u0119\u017cczy\u017ani, w tym kilka os\u00f3b ze \u015brodowiska nauczycielskiego. Centralnym punktem naszych spotka\u0144 jest modlitwa uwielbienia Boga, czytanie S\u0142owa Bo\u017cego, katecheza, grupy dzielenia. W ostatnie wtorki miesi\u0105ca gromadzimy si\u0119 na Eucharystii, na kt\u00f3r\u0105 przybywaj\u0105 r\u00f3wnie\u017c cz\u0142onkowie naszych rodzin i osoby spoza grupy. Cz\u0119sto adorujemy Pana Jezusa w Naj\u015bwi\u0119tszym Sakramencie. Ka\u017cde spotkanie jest wcze\u015bniej rozeznawane.<\/p>\n<p>Jeste\u015bmy grup\u0105 otwart\u0105, anga\u017cujemy si\u0119 tak\u017ce w \u017cycie parafii. Organizujemy czuwania w Wigili\u0119 Zes\u0142ania Ducha \u015awi\u0119tego. Co roku przygotowujemy o\u0142tarz na Bo\u017ce Cia\u0142o, prowadzimy adoracj\u0119 przy Grobie Pa\u0144skim. Od pa\u017adziernika 2009 r. w naszej Bazylice odprawiana jest Msza \u015awi\u0119ta i modlitwy o uzdrowienie. Uczestniczymy w tych nabo\u017ce\u0144stwach pos\u0142uguj\u0105c charyzmatami, jakimi B\u00f3g nas obdarzy\u0142. W ka\u017cdy czwartek diakonia modlitwy wstawienniczej podejmuje modlitw\u0119. Modlimy si\u0119 nad osobami, kt\u00f3re o tak\u0105 modlitw\u0119 prosz\u0105. Polecamy Bogu tak\u017ce sprawy Ko\u015bcio\u0142a, Ojczyzny, \u015bwiata. Od kilku lat na sta\u0142e do intencji wesz\u0142a nasza Gmina. Prosimy Boga za tych, kt\u00f3rzy piastuj\u0105 w\u0142adz\u0119, za szko\u0142y, a tak\u017ce za wszystkich mieszka\u0144c\u00f3w. Dostrzegamy, jak ta pos\u0142uga otwiera nas na Boga i drugiego cz\u0142owieka, cz\u0119sto chorego, um\u0119czonego \u017cyciem, nieradz\u0105cego sobie z problemami dnia codziennego. Wi\u0119cej otrzymujemy, ni\u017c mo\u017cemy z siebie da\u0107.<\/p>\n<p>Modlitewn\u0105 trosk\u0105 otaczamy kap\u0142an\u00f3w. Dla\u00a0 siedmiu kap\u0142an\u00f3w utworzyli\u015bmy Margaretk\u0119. W codziennej modlitwie wypraszamy dary Ducha \u015awi\u0119tego dla nich. Wdzi\u0119czni Bogu za miejsce, w kt\u00f3rym nas postawi\u0142, modlimy si\u0119 za Niepokalan\u00f3w. W 2010 r. szesna\u015bcie os\u00f3b ze wsp\u00f3lnoty podj\u0119\u0142o 9-miesi\u0119czn\u0105 modlitw\u0119 nowennow\u0105 w tej intencji. Od 2004 r. kilku animator\u00f3w podejmuje przygotowanie m\u0142odzie\u017cy do przyj\u0119cia Sakramentu Bierzmowania. \u015awiadomi jeste\u015bmy wielkiej odpowiedzialno\u015bci, a jednocze\u015bnie przyjmujemy to jako Bo\u017ce wezwanie do tego rodzaju s\u0142u\u017cby.<\/p>\n<p>Od 2004 r. do chwili obecnej przeprowadzili\u015bmy czterokrotnie REO (Rekolekcje Ewangelizacyjne Odnowy) dla parafii. Za ka\u017cdym razem uczestniczy\u0142o w nich po kilkadziesi\u0105t os\u00f3b, kt\u00f3re na zako\u0144czenie rekolekcji oddawa\u0142y swoje \u017cycie Jezusowi i przyj\u0119\u0142y na nowo dary Ducha \u015awi\u0119tego. Cz\u0119\u015b\u0107 z grona uczestnik\u00f3w REO do\u0142\u0105cza\u0142a potem do naszej grupy modlitewnej.<\/p>\n<p>Staramy si\u0119 by\u0107 otwarci na potrzeby grup Odnowy z s\u0105siaduj\u0105cych parafii w B\u0142oniu i \u017byrardowie, s\u0142u\u017c\u0105c im modlitw\u0105. Obiektem naszego zainteresowania jest Centrum Formacji \u201eWieczernik\u201d w Magdalence. Wspieramy je modlitw\u0105, prac\u0105 oraz, w miar\u0119 mo\u017cliwo\u015bci, finansowo. Dw\u00f3ch m\u0119\u017cczyzn z naszej grupy sporo czasu po\u015bwi\u0119ci\u0142o uczestnicz\u0105c w pracach zwi\u0105zanych z rozbudow\u0105 domu rekolekcyjnego w Magdalence.<\/p>\n<p>Jeste\u015bmy \u015bwiadomi, \u017ce to, co robimy, jest \u201ekropl\u0105 w morzu\u201d w por\u00f3wnaniu z tym, czym mogliby\u015bmy s\u0142u\u017cy\u0107. Problemem grupy jest dosy\u0107 spora rotacja os\u00f3b,<br \/>\na tak\u017ce brak systematycznego ucz\u0119szczania w spotkaniach. Dotyczy to g\u0142\u00f3wnie os\u00f3b, kt\u00f3re po REO nie podejmuj\u0105 dalszej osobistej formacji. Wspomniane wy\u017cej rekolekcje REO prze\u017cy\u0142o wiele ma\u0142\u017ce\u0144stw z naszej parafii. Zazwyczaj w spotkaniach modlitewnych uczestniczy tylko jedno z ma\u0142\u017conk\u00f3w. Nad tym te\u017c bolejemy. Cz\u0119sto przyczyn\u0105 jest brak czasu, absorbuj\u0105ca praca zarobkowa, studia b\u0105d\u017a inne zainteresowania. Szukamy sposobu na zmian\u0119 tego stanu.<\/p>\n<p>Wdzi\u0119czni jeste\u015bmy Bogu za dar Odnowy, za to, \u017ce nas prowadzi i kszta\u0142tuje. Dzi\u0119kujemy, \u017ce nasza grupa ma zawsze kap\u0142ana oraz za obecnego opiekuna duchowego, kt\u00f3ry prawdziwie troszczy si\u0119 o nasze dusze. Rozeznajemy, \u017ce Pan B\u00f3g przynagla nas do odwa\u017cnego wyj\u015bcia poza mury Ko\u015bcio\u0142a i salki, w kt\u00f3rej si\u0119 gromadzimy. Mamy by\u0107 \u015bwiadkami Bo\u017cej Mi\u0142o\u015bci i g\u0142osicielami Chrystusowej Ewangelii. Z nadziej\u0105 spogl\u0105damy w przysz\u0142o\u015b\u0107, oddani pod opiek\u0119 naszej Pani i Kr\u00f3lowej Maryi chcemy wiernie s\u0142u\u017cy\u0107 Bogu, Ko\u015bcio\u0142owi i Ojczy\u017anie.<\/p>\n<p>\u201eOto ja. Po\u015blij mnie!\u201d<\/p>\n<p>Hanna K\u0142ys, lider<\/p>\n            <\/div>        <\/div>    <\/div><\/section>\n<\/div>\n","protected":false},"excerpt":{"rendered":"","protected":false},"author":1,"featured_media":0,"parent":0,"menu_order":0,"comment_status":"closed","ping_status":"closed","template":"","meta":{"footnotes":""},"class_list":["post-3824","page","type-page","status-publish","hentry"],"_links":{"self":[{"href":"https:\/\/parafia.niepokalanow.pl\/index.php?rest_route=\/wp\/v2\/pages\/3824","targetHints":{"allow":["GET"]}}],"collection":[{"href":"https:\/\/parafia.niepokalanow.pl\/index.php?rest_route=\/wp\/v2\/pages"}],"about":[{"href":"https:\/\/parafia.niepokalanow.pl\/index.php?rest_route=\/wp\/v2\/types\/page"}],"author":[{"embeddable":true,"href":"https:\/\/parafia.niepokalanow.pl\/index.php?rest_route=\/wp\/v2\/users\/1"}],"replies":[{"embeddable":true,"href":"https:\/\/parafia.niepokalanow.pl\/index.php?rest_route=%2Fwp%2Fv2%2Fcomments&post=3824"}],"version-history":[{"count":0,"href":"https:\/\/parafia.niepokalanow.pl\/index.php?rest_route=\/wp\/v2\/pages\/3824\/revisions"}],"wp:attachment":[{"href":"https:\/\/parafia.niepokalanow.pl\/index.php?rest_route=%2Fwp%2Fv2%2Fmedia&parent=3824"}],"curies":[{"name":"wp","href":"https:\/\/api.w.org\/{rel}","templated":true}]}}