{"id":3814,"date":"2015-11-12T21:00:20","date_gmt":"2015-11-12T20:00:20","guid":{"rendered":"http:\/\/serwer1310789.home.pl\/parafia\/?page_id=3814"},"modified":"2025-11-21T09:35:51","modified_gmt":"2025-11-21T08:35:51","slug":"3814-2","status":"publish","type":"page","link":"https:\/\/parafia.niepokalanow.pl\/?page_id=3814","title":{"rendered":"\u017bywy R\u00f3zaniec"},"content":{"rendered":"<div id='av_section_1'  class='avia-section main_color avia-section-default avia-no-shadow  avia-bg-style-scroll  avia-builder-el-0  el_before_av_section  avia-builder-el-first   container_wrap sidebar_right' style=' '  ><div class='container' ><main  role=\"main\" itemprop=\"mainContentOfPage\"  class='template-page content  av-content-small alpha units'><div class='post-entry post-entry-type-page post-entry-3814'><div class='entry-content-wrapper clearfix'>\n<div class=\"flex_column av_one_half  flex_column_div av-zero-column-padding first  avia-builder-el-1  el_before_av_one_half  avia-builder-el-first  \" style='border-radius:0px; '><section class=\"av_textblock_section \"  itemscope=\"itemscope\" itemtype=\"https:\/\/schema.org\/CreativeWork\" ><div class='avia_textblock  '   itemprop=\"text\" ><p><a href=\"http:\/\/serwer1310789.home.pl\/parafia\/wp-content\/uploads\/2015\/11\/book-282979_1920.png\"><img loading=\"lazy\" decoding=\"async\" class=\"aligncenter size-full wp-image-3821\" src=\"http:\/\/serwer1310789.home.pl\/parafia\/wp-content\/uploads\/2015\/11\/book-282979_1920.png\" alt=\"book-282979_1920\" width=\"477\" height=\"332\" srcset=\"https:\/\/parafia.niepokalanow.pl\/wp-content\/uploads\/2015\/11\/book-282979_1920.png 477w, https:\/\/parafia.niepokalanow.pl\/wp-content\/uploads\/2015\/11\/book-282979_1920-300x209.png 300w, https:\/\/parafia.niepokalanow.pl\/wp-content\/uploads\/2015\/11\/book-282979_1920-450x313.png 450w\" sizes=\"auto, (max-width: 477px) 100vw, 477px\" \/><\/a><\/p>\n<\/div><\/section><\/div><div class=\"flex_column av_one_half  flex_column_div av-zero-column-padding   avia-builder-el-3  el_after_av_one_half  avia-builder-el-last  \" style='border-radius:0px; '><section class=\"av_textblock_section \"  itemscope=\"itemscope\" itemtype=\"https:\/\/schema.org\/CreativeWork\" ><div class='avia_textblock  '   itemprop=\"text\" ><h1>Stowarzyszenie \u017bywego R\u00f3\u017ca\u0144ca<\/h1>\n<p>DUSZPASTERZ<\/p>\n<p><span style=\"color: #33cccc;\">O. Andrzej S\u0105siadek<\/span><\/p>\n<\/div><\/section><\/div><\/div><\/div><\/main><!-- close content main element --><\/div><\/div><div id='av_section_2'  class='avia-section main_color avia-section-no-padding avia-no-border-styling  avia-bg-style-scroll  avia-builder-el-5  el_after_av_section  el_before_av_textblock   container_wrap sidebar_right' style=' '  ><div class='container' ><div class='template-page content  av-content-small alpha units'><div class='post-entry post-entry-type-page post-entry-3814'><div class='entry-content-wrapper clearfix'>\n<div  style='padding-bottom:0px; ' class='av-special-heading av-special-heading-h3  blockquote modern-quote  avia-builder-el-6  avia-builder-el-no-sibling  '><h3 class='av-special-heading-tag '  itemprop=\"headline\"  >Wspieranie modlitw\u0105, ofiar\u0105 duchow\u0105 i materialn\u0105 dzia\u0142a\u0144 Ko\u015bcio\u0142a.<\/h3><div class='special-heading-border'><div class='special-heading-inner-border' ><\/div><\/div><\/div>\n<\/div><\/div><\/div><!-- close content main div --><\/div><\/div><div id='after_section_2'  class='main_color av_default_container_wrap container_wrap sidebar_right' style=' '  ><div class='container' ><div class='template-page content  av-content-small alpha units'><div class='post-entry post-entry-type-page post-entry-3814'><div class='entry-content-wrapper clearfix'><\/p>\n<section class=\"av_textblock_section \"  itemscope=\"itemscope\" itemtype=\"https:\/\/schema.org\/CreativeWork\" ><div class='avia_textblock  '   itemprop=\"text\" ><blockquote>\n<p>Troch\u0119 historii<\/p>\n<\/blockquote>\n<p>\u017bywy R\u00f3\u017caniec istnieje w\u00a0Polsce w\u00a0prawie ka\u017cdej parafii. Parafialna wsp\u00f3lnota \u017bywego R\u00f3\u017ca\u0144ca jest jednostk\u0105 autonomiczn\u0105, tzn. wsp\u00f3lnoty parafialne nie \u0142\u0105cz\u0105 si\u0119 w\u00a0struktury og\u00f3lnokrajowe czy \u015bwiatowe. Obowi\u0105zuje je Ceremonia\u0142 \u017bywego R\u00f3\u017ca\u0144ca, opracowany przez o. Szymona Niezgod\u0119 OP w\u00a0roku 1977 dla uczczenia stulecia objawie\u0144 Matki Bo\u017cej w\u00a0Gietrzwa\u0142dzie, zatwierdzony przez Prymasa Polski, Stefana kardyna\u0142a Wyszy\u0144skiego.<\/p>\n<p>Stowarzyszenie \u017bywego R\u00f3\u017ca\u0144ca zosta\u0142o za\u0142o\u017cone przez tercjark\u0119 dominika\u0144sk\u0105, S\u0142u\u017cebnic\u0119 Bo\u017c\u0105 Paulin\u0119 Jaricot (\u2020 1862) w\u00a0Lyonie w\u00a0roku 1826. Zacz\u0119\u0142a ona organizowa\u0107 pi\u0119tnastoosobowe grupy, nazwane p\u00f3\u017aniej \u00ab\u017cywymi r\u00f3\u017cami\u00bb. Ka\u017cda z\u00a0os\u00f3b tworz\u0105cych pi\u0119tnastk\u0119 zobowi\u0105zywa\u0142a si\u0119 do\u00a0odmawiania jednej tajemnicy \u2013 wszyscy razem odmawiaj\u0105 codziennie ca\u0142y r\u00f3\u017caniec. Wszystkich cz\u0142onk\u00f3w r\u00f3\u017cy dotyczy taka sama zas\u0142uga, jak gdyby\u00a0odm\u00f3wili ca\u0142y r\u00f3\u017caniec.<\/p>\n<p>Dzie\u0142u Pauliny Jaricot udzieli\u0142o poparcia wielu biskup\u00f3w oraz\u00a0genera\u0142 Zakonu Kaznodziejskiego, kt\u00f3ry\u00a0przy\u0142\u0105czy\u0142 Stowarzyszenie \u017bywego R\u00f3\u017ca\u0144ca do\u00a0dominika\u0144skiej Rodziny R\u00f3\u017ca\u0144cowej, obejmuj\u0105cej Bractwa R\u00f3\u017ca\u0144cowe i\u00a0R\u00f3\u017caniec Wieczysty. Papie\u017c Grzegorz XVI wyda\u0142\u00a0breve\u00a0aprobuj\u0105ce stowarzyszenie. Gdy\u00a0kilkadziesi\u0105t lat p\u00f3\u017aniej powsta\u0142y Papieskie Dzie\u0142a Misyjne, \u017bywy R\u00f3\u017caniec w\u00a0naturalny spos\u00f3b sta\u0142 si\u0119 ich wiernym wsp\u00f3\u0142pracownikiem.<\/p>\n<p>W\u00a0Polsce do\u00a0Stowarzyszenia \u017bywego R\u00f3\u017ca\u0144ca nale\u017cy wed\u0142ug najnowszych statystyk ponad milion os\u00f3b.<\/p>\n<blockquote>\n<p>Czym jest taka forma modlitwy?<\/p>\n<\/blockquote>\n<p>\u017bywy R\u00f3\u017caniec jest form\u0105 wsp\u00f3lnotowej a\u00a0zarazem indywidualnej modlitwy na\u00a0r\u00f3\u017ca\u0144cu. Podzielony jest na\u00a0\u201er\u00f3\u017ce r\u00f3\u017ca\u0144cowe\u201d, czyli ma\u0142e wsp\u00f3lnoty, w\u00a0kt\u00f3rych ka\u017cdy z\u00a0cz\u0142onk\u00f3w codziennie indywidualnie odmawia jedn\u0105, przypisan\u0105 na\u00a0ca\u0142y miesi\u0105c, tajemnic\u0119 r\u00f3\u017ca\u0144ca. R\u00f3\u017ca liczy 20 b\u0105d\u017a 15 cz\u0142onk\u00f3w, z\u00a0kt\u00f3rych ka\u017cdy odmawia inn\u0105, kolejn\u0105 tajemnic\u0119 r\u00f3\u017ca\u0144ca. W\u00a0ten spos\u00f3b w\u00a0r\u00f3\u017cy codziennie odmawiany jest ca\u0142y r\u00f3\u017caniec (15 albo 20 tajemnic). Ka\u017cdy za\u015b z\u00a0cz\u0142onk\u00f3w r\u00f3\u017cy uczestniczy w\u00a0dobrach duchowych wymadlanych przez ca\u0142\u0105 wsp\u00f3lnot\u0119.<\/p>\n<p>Intencje, w\u00a0kt\u00f3rych modli si\u0119 \u017bywy R\u00f3\u017caniec, to\u00a0przede wszystkim intencje papie\u017ca na\u00a0dany miesi\u0105c oraz\u00a0dobro duchowe innych cz\u0142onk\u00f3w \u017bywego R\u00f3\u017ca\u0144ca.<\/p>\n<blockquote>\n<p>Spotkania w Niepokalanowie<\/p>\n<\/blockquote>\n<p>\u2022 \u00a0 Spotkania r\u00f3\u017cy odbywaj\u0105 si\u0119 w pierwsz\u0105 niedziel\u0119 miesi\u0105ca i polegaj\u0105 na wsp\u00f3lnej Mszy \u015awi\u0119tej o godz. 10:00 w intencji cz\u0142onk\u00f3w R\u00f3\u017cy oraz kr\u00f3tkim spotkaniu w Domu Parafialnym.<\/p>\n<blockquote>\n<p>Jak si\u0119 zapisa\u0107?<\/p>\n<\/blockquote>\n<p>Wystarczy przyj\u015b\u0107 na spotkanie odpowiedniej r\u00f3\u017cy i zapisa\u0107 si\u0119 u o. Mariusza lub u osoby odpowiedzialnej za dan\u0105 r\u00f3\u017c\u0119.<\/p>\n<blockquote>\n<p>Warunki przynale\u017cno\u015bci<\/p>\n<\/blockquote>\n<p>1. Zapisanie si\u0119 do\u00a0konkretnej r\u00f3\u017cy;<\/p>\n<p>2. Zobowi\u0105zanie do\u00a0codziennego odmawiania wyznaczonej tajemnicy r\u00f3\u017ca\u0144ca w\u00a0okre\u015blonych wy\u017cej intencjach;<\/p>\n<p>3. Udzia\u0142 w\u00a0spotkaniach;<\/p>\n<p>4. Pog\u0142\u0119bianie mi\u0142o\u015bci do\u00a0Pana Boga i\u00a0Matki Bo\u017cej.<\/p>\n<p>Bardzo serdecznie zapraszamy do\u00a0w\u0142\u0105czenia si\u0119 do\u00a0naszej r\u00f3\u017ca\u0144cowej wsp\u00f3lnoty modlitewnej!<\/p>\n<\/div><\/section>\n","protected":false},"excerpt":{"rendered":"","protected":false},"author":1,"featured_media":0,"parent":0,"menu_order":0,"comment_status":"closed","ping_status":"closed","template":"","meta":{"footnotes":""},"class_list":["post-3814","page","type-page","status-publish","hentry"],"_links":{"self":[{"href":"https:\/\/parafia.niepokalanow.pl\/index.php?rest_route=\/wp\/v2\/pages\/3814","targetHints":{"allow":["GET"]}}],"collection":[{"href":"https:\/\/parafia.niepokalanow.pl\/index.php?rest_route=\/wp\/v2\/pages"}],"about":[{"href":"https:\/\/parafia.niepokalanow.pl\/index.php?rest_route=\/wp\/v2\/types\/page"}],"author":[{"embeddable":true,"href":"https:\/\/parafia.niepokalanow.pl\/index.php?rest_route=\/wp\/v2\/users\/1"}],"replies":[{"embeddable":true,"href":"https:\/\/parafia.niepokalanow.pl\/index.php?rest_route=%2Fwp%2Fv2%2Fcomments&post=3814"}],"version-history":[{"count":0,"href":"https:\/\/parafia.niepokalanow.pl\/index.php?rest_route=\/wp\/v2\/pages\/3814\/revisions"}],"wp:attachment":[{"href":"https:\/\/parafia.niepokalanow.pl\/index.php?rest_route=%2Fwp%2Fv2%2Fmedia&parent=3814"}],"curies":[{"name":"wp","href":"https:\/\/api.w.org\/{rel}","templated":true}]}}