{"id":3802,"date":"2015-11-12T20:27:08","date_gmt":"2015-11-12T19:27:08","guid":{"rendered":"http:\/\/serwer1310789.home.pl\/parafia\/?page_id=3802"},"modified":"2025-12-29T17:25:35","modified_gmt":"2025-12-29T16:25:35","slug":"3802-2","status":"publish","type":"page","link":"https:\/\/parafia.niepokalanow.pl\/?page_id=3802","title":{"rendered":"Namaszczenie chorych"},"content":{"rendered":"<div id='av_section_1'  class='avia-section main_color avia-section-large avia-no-shadow  avia-full-stretch av-section-color-overlay-active avia-bg-style-scroll  avia-builder-el-0  el_before_av_section  avia-builder-el-first   container_wrap sidebar_right' style='background-repeat: no-repeat; background-image: url(https:\/\/parafia.niepokalanow.pl\/wp-content\/uploads\/2015\/05\/cross-on-bible-green-300x200.jpg);background-attachment: scroll; background-position: center center;  '  data-section-bg-repeat='stretch'><div class='av-section-color-overlay-wrap'><div class='av-section-color-overlay' style='opacity: 0.2; background-color: #000000; '><\/div><div class='container' ><main  role=\"main\" itemprop=\"mainContentOfPage\"  class='template-page content  av-content-small alpha units'><div class='post-entry post-entry-type-page post-entry-3802'><div class='entry-content-wrapper clearfix'>\n<div  style='padding-bottom:0px; color:#ffffff;font-size:50px;' class='av-special-heading av-special-heading-h3 custom-color-heading blockquote modern-quote modern-centered  avia-builder-el-1  el_before_av_hr  avia-builder-el-first  av-inherit-size '><h3 class='av-special-heading-tag '  itemprop=\"headline\"  >Namaszczenie<\/h3><div class ='av-subheading av-subheading_below av_custom_color ' style='font-size:15px;'><p>Sakrament umocnienia w chorobie.<\/p>\n<\/div><div class='special-heading-border'><div class='special-heading-inner-border' style='border-color:#ffffff'><\/div><\/div><\/div>\n<div  style=' margin-top:30px; margin-bottom:30px;'  class='hr hr-custom hr-center hr-icon-yes   avia-builder-el-2  el_after_av_heading  avia-builder-el-last '><span class='hr-inner  inner-border-av-border-thin' style=' width:20%; border-color:rgba(255,255,255,0.76); max-width:45%;' ><span class='hr-inner-style'><\/span><\/span><span class='av-seperator-icon'  aria-hidden='true' data-av_icon='\ue8bf' data-av_iconfont='entypo-fontello'><\/span><span class='hr-inner  inner-border-av-border-thin' style=' width:20%; border-color:rgba(255,255,255,0.76); max-width:45%;' ><span class='hr-inner-style'><\/span><\/span><\/div>\n\n<\/div><\/div><\/main><!-- close content main element --><\/div><\/div><\/div><div id='av_section_2'  class='avia-section main_color avia-section-small avia-no-border-styling  avia-bg-style-scroll  avia-builder-el-3  el_after_av_section  avia-builder-el-last   container_wrap sidebar_right' style=' '  ><div class='container' ><div class='template-page content  av-content-small alpha units'><div class='post-entry post-entry-type-page post-entry-3802'><div class='entry-content-wrapper clearfix'>\n<div class=\"flex_column av_two_third  flex_column_div av-zero-column-padding first  avia-builder-el-4  el_before_av_one_third  avia-builder-el-first  \" style='border-radius:0px; '><p><div  style='padding-bottom:0px; font-size:33px;' class='av-special-heading av-special-heading-h3  blockquote modern-quote modern-centered  avia-builder-el-5  el_before_av_hr  avia-builder-el-first  av-inherit-size '><h3 class='av-special-heading-tag '  itemprop=\"headline\"  >Sakramentu namaszczenia chorych udzielamy w nag\u0142ych wypadkach (mo\u017cna wzywa\u0107 do chorego o ka\u017cdej porze) oraz na pro\u015bb\u0119 osoby, kt\u00f3ra posiada intencj\u0119 przyj\u0119cia namaszczenia.<\/h3><div class='special-heading-border'><div class='special-heading-inner-border' ><\/div><\/div><\/div><br \/>\n<div  style=' margin-top:30px; margin-bottom:30px;'  class='hr hr-custom hr-center hr-icon-yes   avia-builder-el-6  el_after_av_heading  el_before_av_textblock '><span class='hr-inner  inner-border-av-border-thin' style=' width:30%; max-width:45%;' ><span class='hr-inner-style'><\/span><\/span><span class='av-seperator-icon'  aria-hidden='true' data-av_icon='\ue8bf' data-av_iconfont='entypo-fontello'><\/span><span class='hr-inner  inner-border-av-border-thin' style=' width:30%; max-width:45%;' ><span class='hr-inner-style'><\/span><\/span><\/div><br \/>\n<section class=\"av_textblock_section \"  itemscope=\"itemscope\" itemtype=\"https:\/\/schema.org\/CreativeWork\" ><div class='avia_textblock  '   itemprop=\"text\" ><p>Zg\u0142oszonych chorych staramy si\u0119 odwiedzi\u0107 w\u00a0pierwszy pi\u0105tek\u00a0miesi\u0105ca (za wyj\u0105tkiem okresu wakacyjnego) z Komuni\u0105 \u015bw.\u00a0i\u00a0ewentualn\u0105 pos\u0142ug\u0105 sakrament\u00f3w pojednania i\u00a0namaszczenia chorych.<\/p>\n<p>Osoby chore, kt\u00f3re pragn\u0105 by\u0107 odwiedzane przez naszych ojc\u00f3w, prosimy zg\u0142asza\u0107 w kancelarii parafialnej osobi\u015bcie lub telefonicznie.<\/p>\n<\/div><\/section><\/p><\/div><div class=\"flex_column av_one_third  flex_column_div av-zero-column-padding   avia-builder-el-8  el_after_av_two_third  avia-builder-el-last  \" style='border-radius:0px; '><section class=\"av_textblock_section \"  itemscope=\"itemscope\" itemtype=\"https:\/\/schema.org\/CreativeWork\" ><div class='avia_textblock  '   itemprop=\"text\" ><h2><span style=\"color: #000000;\"><strong>Msze \u015bw. w Bazylice<\/strong><\/span><\/h2>\n<p><a href=\"http:\/\/serwer1310789.home.pl\/parafia\/wp-content\/uploads\/2015\/11\/Unknown.jpeg\"><img loading=\"lazy\" decoding=\"async\" class=\"alignnone size-square wp-image-3705\" src=\"http:\/\/serwer1310789.home.pl\/parafia\/wp-content\/uploads\/2015\/11\/Unknown-180x180.jpeg\" alt=\"Unknown\" width=\"180\" height=\"180\" srcset=\"https:\/\/parafia.niepokalanow.pl\/wp-content\/uploads\/2015\/11\/Unknown-180x180.jpeg 180w, https:\/\/parafia.niepokalanow.pl\/wp-content\/uploads\/2015\/11\/Unknown-80x80.jpeg 80w, https:\/\/parafia.niepokalanow.pl\/wp-content\/uploads\/2015\/11\/Unknown-36x36.jpeg 36w, https:\/\/parafia.niepokalanow.pl\/wp-content\/uploads\/2015\/11\/Unknown-120x120.jpeg 120w\" sizes=\"auto, (max-width: 180px) 100vw, 180px\" \/><\/a><\/p>\n<p><strong>Niedziele<\/strong><\/p>\n<p>6:00, 7:00, 8:30, 10:00, 11:30, 13:00, 16:00,<br \/>\n18:00<\/p>\n<p><strong>Dni powszednie<\/strong><\/p>\n<p>6:00, 7:00, 8:00, 11:00,\u00a018:00<\/p>\n<p><strong>W soboty<\/strong><\/p>\n<p>6:00, 7:00, 8:00, 9.30, 11:00,<\/p>\n<p>18:00<strong> w kaplicy \u015bw. Maksymiliana<\/strong><\/p>\n<hr \/>\n<h2><span style=\"color: #000000;\">Spowied\u017a<\/span><\/h2>\n<p><a href=\"http:\/\/serwer1310789.home.pl\/parafia\/wp-content\/uploads\/2015\/11\/aQErNofxOxMIVYHKSX.jpg\"><img loading=\"lazy\" decoding=\"async\" class=\"alignnone size-square wp-image-3706\" src=\"http:\/\/serwer1310789.home.pl\/parafia\/wp-content\/uploads\/2015\/11\/aQErNofxOxMIVYHKSX-180x180.jpg\" alt=\"aQErNofxOxMIVYHKSX\" width=\"180\" height=\"180\" srcset=\"https:\/\/parafia.niepokalanow.pl\/wp-content\/uploads\/2015\/11\/aQErNofxOxMIVYHKSX-180x180.jpg 180w, https:\/\/parafia.niepokalanow.pl\/wp-content\/uploads\/2015\/11\/aQErNofxOxMIVYHKSX-80x80.jpg 80w, https:\/\/parafia.niepokalanow.pl\/wp-content\/uploads\/2015\/11\/aQErNofxOxMIVYHKSX-36x36.jpg 36w, https:\/\/parafia.niepokalanow.pl\/wp-content\/uploads\/2015\/11\/aQErNofxOxMIVYHKSX-120x120.jpg 120w, https:\/\/parafia.niepokalanow.pl\/wp-content\/uploads\/2015\/11\/aQErNofxOxMIVYHKSX-450x450.jpg 450w\" sizes=\"auto, (max-width: 180px) 100vw, 180px\" \/><\/a><\/p>\n<p><strong>Niedziele<\/strong><\/p>\n<p>w godz. 6.00-18.30<\/p>\n<p><strong>Dni powszednie<\/strong><\/p>\n<p>w godz. 6.00-18.30<\/p>\n<p><a href=\"http:\/\/serwer1310789.home.pl\/parafia\/?page_id=3772\">Aktualny plan dy\u017cur\u00f3w w konfesjona\u0142ach<\/a><\/p>\n<hr \/>\n<h2>Nabo\u017ce\u0144stwa okresowe<\/h2>\n<p><a href=\"http:\/\/serwer1310789.home.pl\/parafia\/wp-content\/uploads\/2015\/11\/niepokalanow-klasztor.jpg\"><img loading=\"lazy\" decoding=\"async\" class=\"alignnone size-square wp-image-3736\" src=\"http:\/\/serwer1310789.home.pl\/parafia\/wp-content\/uploads\/2015\/11\/niepokalanow-klasztor-180x180.jpg\" alt=\"niepokalanow-klasztor\" width=\"180\" height=\"180\" srcset=\"https:\/\/parafia.niepokalanow.pl\/wp-content\/uploads\/2015\/11\/niepokalanow-klasztor-180x180.jpg 180w, https:\/\/parafia.niepokalanow.pl\/wp-content\/uploads\/2015\/11\/niepokalanow-klasztor-80x80.jpg 80w, https:\/\/parafia.niepokalanow.pl\/wp-content\/uploads\/2015\/11\/niepokalanow-klasztor-36x36.jpg 36w, https:\/\/parafia.niepokalanow.pl\/wp-content\/uploads\/2015\/11\/niepokalanow-klasztor-120x120.jpg 120w, https:\/\/parafia.niepokalanow.pl\/wp-content\/uploads\/2015\/11\/niepokalanow-klasztor-450x450.jpg 450w\" sizes=\"auto, (max-width: 180px) 100vw, 180px\" \/><\/a><\/p>\n<p><strong>Niedziele<\/strong><\/p>\n<p>godz. 17.00<\/p>\n<p><strong>Dni powszednie<\/strong><\/p>\n<p>po Mszy \u015bw. wieczornej<\/p>\n<p><strong>W soboty w kaplicy \u015bw. Maksymiliana<\/strong> o 17.30<\/p>\n<\/div><\/section><\/div><\/div><\/div><\/div><!-- close content main div --><\/div><\/div><div id='after_section_2'  class='main_color av_default_container_wrap container_wrap sidebar_right' style=' '  ><div class='container' ><div class='template-page content  av-content-small alpha units'><div class='post-entry post-entry-type-page post-entry-3802'><div class='entry-content-wrapper clearfix'>\n","protected":false},"excerpt":{"rendered":"","protected":false},"author":1,"featured_media":0,"parent":0,"menu_order":0,"comment_status":"closed","ping_status":"closed","template":"","meta":{"footnotes":""},"class_list":["post-3802","page","type-page","status-publish","hentry"],"_links":{"self":[{"href":"https:\/\/parafia.niepokalanow.pl\/index.php?rest_route=\/wp\/v2\/pages\/3802","targetHints":{"allow":["GET"]}}],"collection":[{"href":"https:\/\/parafia.niepokalanow.pl\/index.php?rest_route=\/wp\/v2\/pages"}],"about":[{"href":"https:\/\/parafia.niepokalanow.pl\/index.php?rest_route=\/wp\/v2\/types\/page"}],"author":[{"embeddable":true,"href":"https:\/\/parafia.niepokalanow.pl\/index.php?rest_route=\/wp\/v2\/users\/1"}],"replies":[{"embeddable":true,"href":"https:\/\/parafia.niepokalanow.pl\/index.php?rest_route=%2Fwp%2Fv2%2Fcomments&post=3802"}],"version-history":[{"count":0,"href":"https:\/\/parafia.niepokalanow.pl\/index.php?rest_route=\/wp\/v2\/pages\/3802\/revisions"}],"wp:attachment":[{"href":"https:\/\/parafia.niepokalanow.pl\/index.php?rest_route=%2Fwp%2Fv2%2Fmedia&parent=3802"}],"curies":[{"name":"wp","href":"https:\/\/api.w.org\/{rel}","templated":true}]}}