{"id":380,"date":"2015-05-31T15:16:35","date_gmt":"2015-05-31T15:16:35","guid":{"rendered":"http:\/\/test.kriesi.at\/church\/?page_id=380"},"modified":"2025-05-07T15:53:40","modified_gmt":"2025-05-07T13:53:40","slug":"ministries","status":"publish","type":"page","link":"https:\/\/parafia.niepokalanow.pl\/?page_id=380","title":{"rendered":"Duszpasterstwa"},"content":{"rendered":"<div id='av_section_1'  class='avia-section main_color avia-section-large avia-no-shadow  avia-full-stretch av-section-color-overlay-active avia-bg-style-fixed  avia-builder-el-0  el_before_av_section  avia-builder-el-first   container_wrap sidebar_right' style='background-repeat: no-repeat; background-image: url(https:\/\/parafia.niepokalanow.pl\/wp-content\/uploads\/2015\/05\/Niepokalanow_basilica_fc05-1210x423.jpg);background-attachment: fixed; background-position: center center;  '  data-section-bg-repeat='stretch'><div class='av-section-color-overlay-wrap'><div class='av-section-color-overlay' style='opacity: 0.2; background-color: #000000; '><\/div><div class='container' ><main  role=\"main\" itemprop=\"mainContentOfPage\"  class='template-page content  av-content-small alpha units'><div class='post-entry post-entry-type-page post-entry-380'><div class='entry-content-wrapper clearfix'>\n<div  style='padding-bottom:0px; color:#ffffff;font-size:50px;' class='av-special-heading av-special-heading-h3 custom-color-heading blockquote modern-quote modern-centered  avia-builder-el-1  el_before_av_hr  avia-builder-el-first  av-inherit-size '><h3 class='av-special-heading-tag '  itemprop=\"headline\"  >Duszpasterstwa i wsp\u00f3lnoty parafialne<\/h3><div class='special-heading-border'><div class='special-heading-inner-border' style='border-color:#ffffff'><\/div><\/div><\/div>\n<div  style=' margin-top:30px; margin-bottom:30px;'  class='hr hr-custom hr-center hr-icon-yes   avia-builder-el-2  el_after_av_heading  avia-builder-el-last '><span class='hr-inner  inner-border-av-border-thin' style=' width:20%; border-color:rgba(255,255,255,0.76); max-width:45%;' ><span class='hr-inner-style'><\/span><\/span><span class='av-seperator-icon' style='color:#ffffff;' aria-hidden='true' data-av_icon='\ue8bf' data-av_iconfont='entypo-fontello'><\/span><span class='hr-inner  inner-border-av-border-thin' style=' width:20%; border-color:rgba(255,255,255,0.76); max-width:45%;' ><span class='hr-inner-style'><\/span><\/span><\/div>\n\n<\/div><\/div><\/main><!-- close content main element --><\/div><\/div><\/div><div id='av_section_2'  class='avia-section main_color avia-section-small avia-no-border-styling  avia-bg-style-fixed  avia-builder-el-3  el_after_av_section  avia-builder-el-last   container_wrap sidebar_right' style=' '  ><div class='container' ><div class='template-page content  av-content-small alpha units'><div class='post-entry post-entry-type-page post-entry-380'><div class='entry-content-wrapper clearfix'>\n<div class='flex_column_table av-equal-height-column-flextable -flextable' style='margin-top:-60px; margin-bottom:0px; '><div class=\"flex_column av_two_third  no_margin flex_column_table_cell av-equal-height-column av-align-top first  avia-builder-el-4  el_before_av_one_third  avia-builder-el-first  \" style='padding:30px; background-color:#ffffff; border-radius:0px; '><p><div  style='padding-bottom:0px; ' class='av-special-heading av-special-heading-h3  blockquote modern-quote  avia-builder-el-5  el_before_av_textblock  avia-builder-el-first  '><h3 class='av-special-heading-tag '  itemprop=\"headline\"  >Duszpasterstwa i wsp\u00f3lnoty<\/h3><div class='special-heading-border'><div class='special-heading-inner-border' ><\/div><\/div><\/div><br \/>\n<section class=\"av_textblock_section \"  itemscope=\"itemscope\" itemtype=\"https:\/\/schema.org\/CreativeWork\" ><div class='avia_textblock  '  style='font-size:18px; '  itemprop=\"text\" ><p>\u017bycie parafii koncentruje si\u0119 w wielu grupach, we wsp\u00f3lnotach modlitewnych, liturgicznych, charytatywnych, kulturalnych, sportowych. Ka\u017cdy mo\u017ce w nich znale\u017a\u0107 miejsce dla rozszerzenia swoich zainteresowa\u0144, a tak\u017ce dla pog\u0142\u0119bienia wiary. Ale wszystko, co dzieje si\u0119 [w parafii], ma si\u0119 dokonywa\u0107 \u201eprzy o\u0142tarzach\u201d, ma ku o\u0142tarzowi prowadzi\u0107. \u017bycie wsp\u00f3lnot dzia\u0142aj\u0105cych w parafii &#8211;\u00a0zar\u00f3wno tych zwi\u0105zanych bezpo\u015brednio z liturgi\u0105, katechez\u0105 czy modlitw\u0105, jak te\u017c i tych, kt\u00f3re promuj\u0105 kultur\u0119 czy sport &#8211;\u00a0jest prawdziwie owocne, buduj\u0105ce cz\u0142owieka, gdy w ostatecznym rozrachunku przybli\u017ca go do Chrystusa.\/\u015bw. Jan Pawe\u0142 II<\/p>\n<\/div><\/section><br \/>\n<div  style=' margin-top:30px; margin-bottom:30px;'  class='hr hr-custom hr-center hr-icon-yes   avia-builder-el-7  el_after_av_textblock  el_before_av_masonry_gallery  avia-builder-el-last '><span class='hr-inner  inner-border-av-border-thin' style=' width:45%; max-width:45%;' ><span class='hr-inner-style'><\/span><\/span><span class='av-seperator-icon'  aria-hidden='true' data-av_icon='\ue8bf' data-av_iconfont='entypo-fontello'><\/span><span class='hr-inner  inner-border-av-border-thin' style=' width:45%; max-width:45%;' ><span class='hr-inner-style'><\/span><\/span><\/div><br \/>\n<div id='av-masonry-1' class='av-masonry  noHover av-fixed-size av-large-gap av-hover-overlay-active av-masonry-animation-active av-masonry-col-3 av-caption-always av-caption-style- av-masonry-gallery     '  ><div class='av-masonry-container isotope av-js-disabled ' ><div class='av-masonry-entry isotope-item av-masonry-item-no-image '><\/div><a href=\"http:\/\/www.parafia.niepokalanow.pl?page_id=3824\" id='av-masonry-1-item-3831' data-av-masonry-item='3831' class='av-masonry-entry isotope-item post-3831 attachment type-attachment status-inherit hentry  av-masonry-item-with-image' title=\"Odnowa w Duchu \u015awi\u0119tym\"  itemprop=\"thumbnailUrl\" ><div class='av-inner-masonry-sizer'><\/div><figure class='av-inner-masonry main_color'><div class=\"av-masonry-outerimage-container\"><div class=\"av-masonry-image-container\" style=\"background-image: url(https:\/\/parafia.niepokalanow.pl\/wp-content\/uploads\/2015\/11\/kzk.png);\" title=\"Odnowa w Duchu \u015awi\u0119tym\" ><\/div><\/div><figcaption class='av-inner-masonry-content site-background'><div class='av-inner-masonry-content-pos'><div class='av-inner-masonry-content-pos-content'><div class='avia-arrow'><\/div><h3 class='av-masonry-entry-title entry-title '  itemprop=\"headline\" >Odnowa w Duchu \u015awi\u0119tym<\/h3><\/div><\/div><\/figcaption><\/figure><\/a><!--end av-masonry entry--><a href=\"http:\/\/www.parafia.niepokalanow.pl?page_id=3834\" id='av-masonry-1-item-3922' data-av-masonry-item='3922' class='av-masonry-entry isotope-item post-3922 attachment type-attachment status-inherit hentry  av-masonry-item-with-image' title=\"Zesp\u00f3\u0142 &#8222;Miriam&#8221;\"  itemprop=\"thumbnailUrl\" ><div class='av-inner-masonry-sizer'><\/div><figure class='av-inner-masonry main_color'><div class=\"av-masonry-outerimage-container\"><div class=\"av-masonry-image-container\" style=\"background-image: url(https:\/\/parafia.niepokalanow.pl\/wp-content\/uploads\/2015\/11\/MIRIAMLogo.png);\" title=\"Zesp\u00f3\u0142 &#8222;Miriam&#8221;\" ><\/div><\/div><figcaption class='av-inner-masonry-content site-background'><div class='av-inner-masonry-content-pos'><div class='av-inner-masonry-content-pos-content'><div class='avia-arrow'><\/div><h3 class='av-masonry-entry-title entry-title '  itemprop=\"headline\" >Zesp\u00f3\u0142 &#8222;Miriam&#8221;<\/h3><\/div><\/div><\/figcaption><\/figure><\/a><!--end av-masonry entry--><a href=\"http:\/\/www.parafia.niepokalanow.pl?page_id=3929\" id='av-masonry-1-item-3844' data-av-masonry-item='3844' class='av-masonry-entry isotope-item post-3844 attachment type-attachment status-inherit hentry  av-masonry-item-with-image' title=\"Orkiestra parafialna\"  itemprop=\"thumbnailUrl\" ><div class='av-inner-masonry-sizer'><\/div><figure class='av-inner-masonry main_color'><div class=\"av-masonry-outerimage-container\"><div class=\"av-masonry-image-container\" style=\"background-image: url(https:\/\/parafia.niepokalanow.pl\/wp-content\/uploads\/2015\/11\/nuty_1.png);\" title=\"Orkiestra parafialna\" ><\/div><\/div><figcaption class='av-inner-masonry-content site-background'><div class='av-inner-masonry-content-pos'><div class='av-inner-masonry-content-pos-content'><div class='avia-arrow'><\/div><h3 class='av-masonry-entry-title entry-title '  itemprop=\"headline\" >Orkiestra parafialna<\/h3><\/div><\/div><\/figcaption><\/figure><\/a><!--end av-masonry entry--><a href=\"http:\/\/www.parafia.niepokalanow.pl?page_id=3843\" id='av-masonry-1-item-3850' data-av-masonry-item='3850' class='av-masonry-entry isotope-item post-3850 attachment type-attachment status-inherit hentry  av-masonry-item-with-image' title=\"Ch\u00f3r parafialny\"  itemprop=\"thumbnailUrl\" ><div class='av-inner-masonry-sizer'><\/div><figure class='av-inner-masonry main_color'><div class=\"av-masonry-outerimage-container\"><div class=\"av-masonry-image-container\" style=\"background-image: url(https:\/\/parafia.niepokalanow.pl\/wp-content\/uploads\/2015\/11\/nuta.gif);\" title=\"Ch\u00f3r parafialny\" ><\/div><\/div><figcaption class='av-inner-masonry-content site-background'><div class='av-inner-masonry-content-pos'><div class='av-inner-masonry-content-pos-content'><div class='avia-arrow'><\/div><h3 class='av-masonry-entry-title entry-title '  itemprop=\"headline\" >Ch\u00f3r parafialny<\/h3><\/div><\/div><\/figcaption><\/figure><\/a><!--end av-masonry entry--><a href=\"http:\/\/www.parafia.niepokalanow.pl?page_id=3854\" id='av-masonry-1-item-3855' data-av-masonry-item='3855' class='av-masonry-entry isotope-item post-3855 attachment type-attachment status-inherit hentry  av-masonry-item-with-image' title=\"Ministranci\"  itemprop=\"thumbnailUrl\" ><div class='av-inner-masonry-sizer'><\/div><figure class='av-inner-masonry main_color'><div class=\"av-masonry-outerimage-container\"><div class=\"av-masonry-image-container\" style=\"background-image: url(https:\/\/parafia.niepokalanow.pl\/wp-content\/uploads\/2015\/11\/kiwak21.gif);\" title=\"Ministranci\" ><\/div><\/div><figcaption class='av-inner-masonry-content site-background'><div class='av-inner-masonry-content-pos'><div class='av-inner-masonry-content-pos-content'><div class='avia-arrow'><\/div><h3 class='av-masonry-entry-title entry-title '  itemprop=\"headline\" >Ministranci<\/h3><\/div><\/div><\/figcaption><\/figure><\/a><!--end av-masonry entry--><a href=\"http:\/\/www.parafia.niepokalanow.pl?page_id=3933\" id='av-masonry-1-item-3934' data-av-masonry-item='3934' class='av-masonry-entry isotope-item post-3934 attachment type-attachment status-inherit hentry  av-masonry-item-with-image' title=\"Skauci Europy\"  itemprop=\"thumbnailUrl\" ><div class='av-inner-masonry-sizer'><\/div><figure class='av-inner-masonry main_color'><div class=\"av-masonry-outerimage-container\"><div class=\"av-masonry-image-container\" style=\"background-image: url(https:\/\/parafia.niepokalanow.pl\/wp-content\/uploads\/2015\/11\/krzyz-harcerski-fse.png);\" title=\"Skauci Europy\" ><\/div><\/div><figcaption class='av-inner-masonry-content site-background'><div class='av-inner-masonry-content-pos'><div class='av-inner-masonry-content-pos-content'><div class='avia-arrow'><\/div><h3 class='av-masonry-entry-title entry-title '  itemprop=\"headline\" >Skauci Europy<\/h3><\/div><\/div><\/figcaption><\/figure><\/a><!--end av-masonry entry--><a href=\"http:\/\/www.parafia.niepokalanow.pl?page_id=3870\" id='av-masonry-1-item-3871' data-av-masonry-item='3871' class='av-masonry-entry isotope-item post-3871 attachment type-attachment status-inherit hentry  av-masonry-item-with-image' title=\"Schola dzieci\u0119ca\"  itemprop=\"thumbnailUrl\" ><div class='av-inner-masonry-sizer'><\/div><figure class='av-inner-masonry main_color'><div class=\"av-masonry-outerimage-container\"><div class=\"av-masonry-image-container\" style=\"background-image: url(https:\/\/parafia.niepokalanow.pl\/wp-content\/uploads\/2015\/11\/Coro-Bambini.png);\" title=\"Schola dzieci\u0119ca\" ><\/div><\/div><figcaption class='av-inner-masonry-content site-background'><div class='av-inner-masonry-content-pos'><div class='av-inner-masonry-content-pos-content'><div class='avia-arrow'><\/div><h3 class='av-masonry-entry-title entry-title '  itemprop=\"headline\" >Schola dzieci\u0119ca<\/h3><\/div><\/div><\/figcaption><\/figure><\/a><!--end av-masonry entry--><a href=\"http:\/\/www.parafia.niepokalanow.pl?page_id=3879\" id='av-masonry-1-item-3880' data-av-masonry-item='3880' class='av-masonry-entry isotope-item post-3880 attachment type-attachment status-inherit hentry  av-masonry-item-with-image' title=\"Mali Rycerze Niepokalanej\"  itemprop=\"thumbnailUrl\" ><div class='av-inner-masonry-sizer'><\/div><figure class='av-inner-masonry main_color'><div class=\"av-masonry-outerimage-container\"><div class=\"av-masonry-image-container\" style=\"background-image: url(https:\/\/parafia.niepokalanow.pl\/wp-content\/uploads\/2015\/11\/rycerzykmi.gif);\" title=\"Mali Rycerze Niepokalanej\" ><\/div><\/div><figcaption class='av-inner-masonry-content site-background'><div class='av-inner-masonry-content-pos'><div class='av-inner-masonry-content-pos-content'><div class='avia-arrow'><\/div><h3 class='av-masonry-entry-title entry-title '  itemprop=\"headline\" >Mali Rycerze Niepokalanej<\/h3><\/div><\/div><\/figcaption><\/figure><\/a><!--end av-masonry entry--><a href=\"http:\/\/www.parafia.niepokalanow.pl?page_id=3884\" id='av-masonry-1-item-3885' data-av-masonry-item='3885' class='av-masonry-entry isotope-item post-3885 attachment type-attachment status-inherit hentry  av-masonry-item-with-image' title=\"Rycerstwo Niepokalanej\"  itemprop=\"thumbnailUrl\" ><div class='av-inner-masonry-sizer'><\/div><figure class='av-inner-masonry main_color'><div class=\"av-masonry-outerimage-container\"><div class=\"av-masonry-image-container\" style=\"background-image: url(https:\/\/parafia.niepokalanow.pl\/wp-content\/uploads\/2015\/11\/mi.gif);\" title=\"Rycerstwo Niepokalanej\" ><\/div><\/div><figcaption class='av-inner-masonry-content site-background'><div class='av-inner-masonry-content-pos'><div class='av-inner-masonry-content-pos-content'><div class='avia-arrow'><\/div><h3 class='av-masonry-entry-title entry-title '  itemprop=\"headline\" >Rycerstwo Niepokalanej<\/h3><\/div><\/div><\/figcaption><\/figure><\/a><!--end av-masonry entry--><a href=\"http:\/\/www.parafia.niepokalanow.pl?page_id=3889\" id='av-masonry-1-item-3896' data-av-masonry-item='3896' class='av-masonry-entry isotope-item post-3896 attachment type-attachment status-inherit hentry  av-masonry-item-with-image' title=\"Oaza Dzieci Bo\u017cych\"  itemprop=\"thumbnailUrl\" ><div class='av-inner-masonry-sizer'><\/div><figure class='av-inner-masonry main_color'><div class=\"av-masonry-outerimage-container\"><div class=\"av-masonry-image-container\" style=\"background-image: url(https:\/\/parafia.niepokalanow.pl\/wp-content\/uploads\/2015\/11\/baner.png);\" title=\"Oaza Dzieci Bo\u017cych\" ><\/div><\/div><figcaption class='av-inner-masonry-content site-background'><div class='av-inner-masonry-content-pos'><div class='av-inner-masonry-content-pos-content'><div class='avia-arrow'><\/div><h3 class='av-masonry-entry-title entry-title '  itemprop=\"headline\" >Oaza Dzieci Bo\u017cych<\/h3><\/div><\/div><\/figcaption><\/figure><\/a><!--end av-masonry entry--><a href=\"http:\/\/www.parafia.niepokalanow.pl?page_id=3903\" id='av-masonry-1-item-3904' data-av-masonry-item='3904' class='av-masonry-entry isotope-item post-3904 attachment type-attachment status-inherit hentry  av-masonry-item-with-image' title=\"Ruch &#8222;\u015awiat\u0142o-\u017bycie&#8221;\"  itemprop=\"thumbnailUrl\" ><div class='av-inner-masonry-sizer'><\/div><figure class='av-inner-masonry main_color'><div class=\"av-masonry-outerimage-container\"><div class=\"av-masonry-image-container\" style=\"background-image: url(https:\/\/parafia.niepokalanow.pl\/wp-content\/uploads\/2015\/11\/img138.gif);\" title=\"Ruch &#8222;\u015awiat\u0142o-\u017bycie&#8221;\" ><\/div><\/div><figcaption class='av-inner-masonry-content site-background'><div class='av-inner-masonry-content-pos'><div class='av-inner-masonry-content-pos-content'><div class='avia-arrow'><\/div><h3 class='av-masonry-entry-title entry-title '  itemprop=\"headline\" >Ruch &#8222;\u015awiat\u0142o-\u017bycie&#8221;<\/h3><\/div><\/div><\/figcaption><\/figure><\/a><!--end av-masonry entry--><a href=\"http:\/\/www.parafia.niepokalanow.pl?page_id=3738\" id='av-masonry-1-item-3920' data-av-masonry-item='3920' class='av-masonry-entry isotope-item post-3920 attachment type-attachment status-inherit hentry  av-masonry-item-with-image' title=\"Duszpasterstwo rodzin\"  itemprop=\"thumbnailUrl\" ><div class='av-inner-masonry-sizer'><\/div><figure class='av-inner-masonry main_color'><div class=\"av-masonry-outerimage-container\"><div class=\"av-masonry-image-container\" style=\"background-image: url(https:\/\/parafia.niepokalanow.pl\/wp-content\/uploads\/2015\/11\/duszp-rodzin-705x335.jpg);\" title=\"Duszpasterstwo rodzin\" ><\/div><\/div><figcaption class='av-inner-masonry-content site-background'><div class='av-inner-masonry-content-pos'><div class='av-inner-masonry-content-pos-content'><div class='avia-arrow'><\/div><h3 class='av-masonry-entry-title entry-title '  itemprop=\"headline\" >Duszpasterstwo rodzin<\/h3><\/div><\/div><\/figcaption><\/figure><\/a><!--end av-masonry entry--><a href=\"http:\/\/www.parafia.niepokalanow.pl?page_id=3814\" id='av-masonry-1-item-3821' data-av-masonry-item='3821' class='av-masonry-entry isotope-item post-3821 attachment type-attachment status-inherit hentry  av-masonry-item-with-image' title=\"\u017bywy R\u00f3\u017caniec\"  itemprop=\"thumbnailUrl\" ><div class='av-inner-masonry-sizer'><\/div><figure class='av-inner-masonry main_color'><div class=\"av-masonry-outerimage-container\"><div class=\"av-masonry-image-container\" style=\"background-image: url(https:\/\/parafia.niepokalanow.pl\/wp-content\/uploads\/2015\/11\/book-282979_1920.png);\" title=\"\u017bywy R\u00f3\u017caniec\" ><\/div><\/div><figcaption class='av-inner-masonry-content site-background'><div class='av-inner-masonry-content-pos'><div class='av-inner-masonry-content-pos-content'><div class='avia-arrow'><\/div><h3 class='av-masonry-entry-title entry-title '  itemprop=\"headline\" >\u017bywy R\u00f3\u017caniec<\/h3><\/div><\/div><\/figcaption><\/figure><\/a><!--end av-masonry entry--><a href=\"http:\/\/www.parafia.niepokalanow.pl?page_id=3907\" id='av-masonry-1-item-3924' data-av-masonry-item='3924' class='av-masonry-entry isotope-item post-3924 attachment type-attachment status-inherit hentry  av-masonry-item-with-image' title=\"Ko\u0142o Przyjaci\u00f3\u0142 Radia Maryja\"  itemprop=\"thumbnailUrl\" ><div class='av-inner-masonry-sizer'><\/div><figure class='av-inner-masonry main_color'><div class=\"av-masonry-outerimage-container\"><div class=\"av-masonry-image-container\" style=\"background-image: url(https:\/\/parafia.niepokalanow.pl\/wp-content\/uploads\/2015\/11\/radio_Maryja.gif);\" title=\"Ko\u0142o Przyjaci\u00f3\u0142 Radia Maryja\" ><\/div><\/div><figcaption class='av-inner-masonry-content site-background'><div class='av-inner-masonry-content-pos'><div class='av-inner-masonry-content-pos-content'><div class='avia-arrow'><\/div><h3 class='av-masonry-entry-title entry-title '  itemprop=\"headline\" >Ko\u0142o Przyjaci\u00f3\u0142 Radia Maryja<\/h3><\/div><\/div><\/figcaption><\/figure><\/a><!--end av-masonry entry--><a href=\"http:\/\/www.parafia.niepokalanow.pl?page_id=3938\" id='av-masonry-1-item-18389' data-av-masonry-item='18389' class='av-masonry-entry isotope-item post-18389 attachment type-attachment status-inherit hentry  av-masonry-item-with-image' title=\"Wsp\u00f3lnota m\u0142odzie\u017cowa &#8222;Jeruzalem&#8221;\"  itemprop=\"thumbnailUrl\" ><div class='av-inner-masonry-sizer'><\/div><figure class='av-inner-masonry main_color'><div class=\"av-masonry-outerimage-container\"><div class=\"av-masonry-image-container\" style=\"background-image: url(https:\/\/parafia.niepokalanow.pl\/wp-content\/uploads\/2025\/02\/jer-705x500.png);\" title=\"Wsp\u00f3lnota m\u0142odzie\u017cowa &#8222;Jeruzalem&#8221;\" ><\/div><\/div><figcaption class='av-inner-masonry-content site-background'><div class='av-inner-masonry-content-pos'><div class='av-inner-masonry-content-pos-content'><div class='avia-arrow'><\/div><h3 class='av-masonry-entry-title entry-title '  itemprop=\"headline\" >Wsp\u00f3lnota m\u0142odzie\u017cowa &#8222;Jeruzalem&#8221;<\/h3><\/div><\/div><\/figcaption><\/figure><\/a><!--end av-masonry entry--><\/div><\/div><\/p><\/div><div class=\"flex_column av_one_third  no_margin flex_column_table_cell av-equal-height-column av-align-top   avia-builder-el-9  el_after_av_two_third  avia-builder-el-last  \" style='padding:30px; background-color:#f0f0f0; border-radius:0px; '><p><br \/>\n<section class=\"av_textblock_section \"  itemscope=\"itemscope\" itemtype=\"https:\/\/schema.org\/CreativeWork\" ><div class='avia_textblock  '   itemprop=\"text\" ><h2>Msze \u015bw. w Bazylice<\/h2>\n<p><a href=\"https:\/\/parafia.niepokalanow.pl\/wp-content\/uploads\/2025\/05\/Wnetrze.jpg\"><img loading=\"lazy\" decoding=\"async\" class=\"size-full wp-image-18547 alignnone\" src=\"https:\/\/parafia.niepokalanow.pl\/wp-content\/uploads\/2025\/05\/Wnetrze.jpg\" alt=\"\" width=\"180\" height=\"180\" srcset=\"https:\/\/parafia.niepokalanow.pl\/wp-content\/uploads\/2025\/05\/Wnetrze.jpg 1500w, https:\/\/parafia.niepokalanow.pl\/wp-content\/uploads\/2025\/05\/Wnetrze-300x300.jpg 300w, https:\/\/parafia.niepokalanow.pl\/wp-content\/uploads\/2025\/05\/Wnetrze-1030x1030.jpg 1030w, https:\/\/parafia.niepokalanow.pl\/wp-content\/uploads\/2025\/05\/Wnetrze-80x80.jpg 80w, https:\/\/parafia.niepokalanow.pl\/wp-content\/uploads\/2025\/05\/Wnetrze-768x768.jpg 768w, https:\/\/parafia.niepokalanow.pl\/wp-content\/uploads\/2025\/05\/Wnetrze-36x36.jpg 36w, https:\/\/parafia.niepokalanow.pl\/wp-content\/uploads\/2025\/05\/Wnetrze-180x180.jpg 180w, https:\/\/parafia.niepokalanow.pl\/wp-content\/uploads\/2025\/05\/Wnetrze-705x705.jpg 705w\" sizes=\"auto, (max-width: 180px) 100vw, 180px\" \/><\/a><\/p>\n<p><strong>Niedziele<\/strong><\/p>\n<p>6:00, 7:00, 8:30, 10:00, 11:30, 13:00, 16:00, 18:00<\/p>\n<p><strong>Dni powszednie<\/strong><\/p>\n<p>6:00, 7:00, 8:00, 11:00,\u00a018:00<\/p>\n<hr \/>\n<h2>Spowied\u017a<\/h2>\n<p><a href=\"http:\/\/serwer1310789.home.pl\/parafia\/wp-content\/uploads\/2015\/11\/aQErNofxOxMIVYHKSX.jpg\"><img loading=\"lazy\" decoding=\"async\" class=\"alignnone size-square wp-image-3706\" src=\"http:\/\/serwer1310789.home.pl\/parafia\/wp-content\/uploads\/2015\/11\/aQErNofxOxMIVYHKSX-180x180.jpg\" alt=\"aQErNofxOxMIVYHKSX\" width=\"180\" height=\"180\" srcset=\"https:\/\/parafia.niepokalanow.pl\/wp-content\/uploads\/2015\/11\/aQErNofxOxMIVYHKSX-180x180.jpg 180w, https:\/\/parafia.niepokalanow.pl\/wp-content\/uploads\/2015\/11\/aQErNofxOxMIVYHKSX-80x80.jpg 80w, https:\/\/parafia.niepokalanow.pl\/wp-content\/uploads\/2015\/11\/aQErNofxOxMIVYHKSX-36x36.jpg 36w, https:\/\/parafia.niepokalanow.pl\/wp-content\/uploads\/2015\/11\/aQErNofxOxMIVYHKSX-120x120.jpg 120w, https:\/\/parafia.niepokalanow.pl\/wp-content\/uploads\/2015\/11\/aQErNofxOxMIVYHKSX-450x450.jpg 450w\" sizes=\"auto, (max-width: 180px) 100vw, 180px\" \/><\/a><\/p>\n<p><strong>Niedziele<\/strong><\/p>\n<p>w godz. 6.00-18.30<\/p>\n<p><strong>Dni powszednie<\/strong><\/p>\n<p>w godz. 6.00-18.30<\/p>\n<hr \/>\n<h2>Nabo\u017ce\u0144stwa okresowe<\/h2>\n<p><a href=\"http:\/\/serwer1310789.home.pl\/parafia\/wp-content\/uploads\/2015\/11\/niepokalanow-klasztor.jpg\"><img loading=\"lazy\" decoding=\"async\" class=\"alignnone size-square wp-image-3736\" src=\"http:\/\/serwer1310789.home.pl\/parafia\/wp-content\/uploads\/2015\/11\/niepokalanow-klasztor-180x180.jpg\" alt=\"niepokalanow-klasztor\" width=\"180\" height=\"180\" srcset=\"https:\/\/parafia.niepokalanow.pl\/wp-content\/uploads\/2015\/11\/niepokalanow-klasztor-180x180.jpg 180w, https:\/\/parafia.niepokalanow.pl\/wp-content\/uploads\/2015\/11\/niepokalanow-klasztor-80x80.jpg 80w, https:\/\/parafia.niepokalanow.pl\/wp-content\/uploads\/2015\/11\/niepokalanow-klasztor-36x36.jpg 36w, https:\/\/parafia.niepokalanow.pl\/wp-content\/uploads\/2015\/11\/niepokalanow-klasztor-120x120.jpg 120w, https:\/\/parafia.niepokalanow.pl\/wp-content\/uploads\/2015\/11\/niepokalanow-klasztor-450x450.jpg 450w\" sizes=\"auto, (max-width: 180px) 100vw, 180px\" \/><\/a><\/p>\n<p><strong>Niedziele<\/strong><\/p>\n<p>godz. 17.00<\/p>\n<p><strong>Dni powszednie<\/strong><\/p>\n<p>po Mszy \u015bw. wieczornej<\/p>\n<\/div><\/section><\/p><\/div><\/div><!--close column table wrapper. Autoclose: 1 --><\/div><\/div><\/div><!-- close content main div --><\/div><\/div><div id='after_section_2'  class='main_color av_default_container_wrap container_wrap sidebar_right' style=' '  ><div class='container' ><div class='template-page content  av-content-small alpha units'><div class='post-entry post-entry-type-page post-entry-380'><div class='entry-content-wrapper clearfix'>\n","protected":false},"excerpt":{"rendered":"","protected":false},"author":1,"featured_media":0,"parent":96,"menu_order":0,"comment_status":"open","ping_status":"open","template":"","meta":{"footnotes":""},"class_list":["post-380","page","type-page","status-publish","hentry"],"_links":{"self":[{"href":"https:\/\/parafia.niepokalanow.pl\/index.php?rest_route=\/wp\/v2\/pages\/380","targetHints":{"allow":["GET"]}}],"collection":[{"href":"https:\/\/parafia.niepokalanow.pl\/index.php?rest_route=\/wp\/v2\/pages"}],"about":[{"href":"https:\/\/parafia.niepokalanow.pl\/index.php?rest_route=\/wp\/v2\/types\/page"}],"author":[{"embeddable":true,"href":"https:\/\/parafia.niepokalanow.pl\/index.php?rest_route=\/wp\/v2\/users\/1"}],"replies":[{"embeddable":true,"href":"https:\/\/parafia.niepokalanow.pl\/index.php?rest_route=%2Fwp%2Fv2%2Fcomments&post=380"}],"version-history":[{"count":0,"href":"https:\/\/parafia.niepokalanow.pl\/index.php?rest_route=\/wp\/v2\/pages\/380\/revisions"}],"up":[{"embeddable":true,"href":"https:\/\/parafia.niepokalanow.pl\/index.php?rest_route=\/wp\/v2\/pages\/96"}],"wp:attachment":[{"href":"https:\/\/parafia.niepokalanow.pl\/index.php?rest_route=%2Fwp%2Fv2%2Fmedia&parent=380"}],"curies":[{"name":"wp","href":"https:\/\/api.w.org\/{rel}","templated":true}]}}