{"id":3781,"date":"2015-11-12T18:14:40","date_gmt":"2015-11-12T17:14:40","guid":{"rendered":"http:\/\/serwer1310789.home.pl\/parafia\/?page_id=3781"},"modified":"2026-01-11T13:44:45","modified_gmt":"2026-01-11T12:44:45","slug":"sakrament-malzenstwa","status":"publish","type":"page","link":"https:\/\/parafia.niepokalanow.pl\/?page_id=3781","title":{"rendered":"Sakrament ma\u0142\u017ce\u0144stwa"},"content":{"rendered":"<div id='av_section_1'  class='avia-section main_color avia-section-small avia-no-border-styling  avia-full-stretch av-section-color-overlay-active avia-bg-style-scroll  avia-builder-el-0  el_before_av_section  avia-builder-el-first   container_wrap sidebar_right' style='background-repeat: no-repeat; background-image: url(https:\/\/parafia.niepokalanow.pl\/wp-content\/uploads\/2015\/11\/malzenstwo-pierscionek-dlonie-obraczka-960x250-300x78.jpg);background-attachment: scroll; background-position: center center;  '  data-section-bg-repeat='stretch'><div class='av-section-color-overlay-wrap'><div class='av-section-color-overlay' style='opacity: 0.2; background-color: #000000; '><\/div><div class='container' ><main  role=\"main\" itemprop=\"mainContentOfPage\"  class='template-page content  av-content-small alpha units'><div class='post-entry post-entry-type-page post-entry-3781'><div class='entry-content-wrapper clearfix'>\n<div  style='padding-bottom:0px; color:#ffffff;font-size:50px;' class='av-special-heading av-special-heading-h3 custom-color-heading blockquote modern-quote modern-centered  avia-builder-el-1  el_before_av_hr  avia-builder-el-first  av-inherit-size '><h3 class='av-special-heading-tag '  itemprop=\"headline\"  >Sakrament ma\u0142\u017ce\u0144stwa<\/h3><div class ='av-subheading av-subheading_below av_custom_color ' style='font-size:15px;'><p>Przyjmij t\u0119 obr\u0105czk\u0119 jako znak mojej mi\u0142o\u015bci i wierno\u015bci.<\/p>\n<\/div><div class='special-heading-border'><div class='special-heading-inner-border' style='border-color:#ffffff'><\/div><\/div><\/div>\n<div  style=' margin-top:30px; margin-bottom:30px;'  class='hr hr-custom hr-center hr-icon-yes   avia-builder-el-2  el_after_av_heading  avia-builder-el-last '><span class='hr-inner  inner-border-av-border-thin' style=' width:20%; border-color:rgba(255,255,255,0.76); max-width:45%;' ><span class='hr-inner-style'><\/span><\/span><span class='av-seperator-icon'  aria-hidden='true' data-av_icon='\ue8bf' data-av_iconfont='entypo-fontello'><\/span><span class='hr-inner  inner-border-av-border-thin' style=' width:20%; border-color:rgba(255,255,255,0.76); max-width:45%;' ><span class='hr-inner-style'><\/span><\/span><\/div>\n\n<\/div><\/div><\/main><!-- close content main element --><\/div><\/div><\/div><div id='av_section_2'  class='avia-section main_color avia-section-small avia-no-border-styling  avia-bg-style-scroll  avia-builder-el-3  el_after_av_section  el_before_av_three_fifth   container_wrap sidebar_right' style=' '  ><div class='container' ><div class='template-page content  av-content-small alpha units'><div class='post-entry post-entry-type-page post-entry-3781'><div class='entry-content-wrapper clearfix'>\n<div class=\"flex_column av_two_third  flex_column_div av-zero-column-padding first  avia-builder-el-4  el_before_av_one_third  avia-builder-el-first  \" style='border-radius:0px; '><p><div  style='padding-bottom:0px; font-size:33px;' class='av-special-heading av-special-heading-h3  blockquote modern-quote modern-centered  avia-builder-el-5  el_before_av_hr  avia-builder-el-first  av-inherit-size '><h3 class='av-special-heading-tag '  itemprop=\"headline\"  >O \u015blubie w naszej bazylice<\/h3><div class='special-heading-border'><div class='special-heading-inner-border' ><\/div><\/div><\/div><br \/>\n<div  style=' margin-top:30px; margin-bottom:30px;'  class='hr hr-custom hr-center hr-icon-yes   avia-builder-el-6  el_after_av_heading  el_before_av_textblock '><span class='hr-inner  inner-border-av-border-thin' style=' width:30%; max-width:45%;' ><span class='hr-inner-style'><\/span><\/span><span class='av-seperator-icon'  aria-hidden='true' data-av_icon='\ue8bf' data-av_iconfont='entypo-fontello'><\/span><span class='hr-inner  inner-border-av-border-thin' style=' width:30%; max-width:45%;' ><span class='hr-inner-style'><\/span><\/span><\/div><br \/>\n<section class=\"av_textblock_section \"  itemscope=\"itemscope\" itemtype=\"https:\/\/schema.org\/CreativeWork\" ><div class='avia_textblock  '   itemprop=\"text\" ><h3 style=\"text-align: left;\"><a href=\"http:\/\/serwer1310789.home.pl\/parafia\/wp-content\/uploads\/2015\/11\/KiS_0326.jpg\"><img loading=\"lazy\" decoding=\"async\" class=\"size-portfolio wp-image-3787 alignright\" src=\"http:\/\/serwer1310789.home.pl\/parafia\/wp-content\/uploads\/2015\/11\/KiS_0326-495x400.jpg\" alt=\"KiS_0326\" width=\"495\" height=\"400\" \/><\/a><\/h3>\n<h3 style=\"text-align: left;\">Dokumenty potrzebne do\u00a0zawarcia sakramentu ma\u0142\u017ce\u0144stwa<\/h3>\n<p>Pary zamierzaj\u0105ce zawrze\u0107 sakramentalny zwi\u0105zek ma\u0142\u017ce\u0144ski powinny na 5 MIESI\u0118CY!!! przed planowanym terminem \u015blubu telefonicznie lub osobi\u015bcie um\u00f3wi\u0107 si\u0119 na spisanie protoko\u0142u.<\/p>\n<p>Nale\u017cy przedstawi\u0107 poni\u017csze dokumenty:<\/p>\n<ul>\n<li>aktualne \u015bwiadectwo chrztu (data \u00a0wystawienia \u015bwiadectwa chrztu nie mo\u017ce by\u0107 wcze\u015bniejsza ni\u017c 6 miesi\u0119cy przed planowan\u0105 dat\u0105 \u015blubu)<\/li>\n<li>\u015bwiadectwo przyj\u0119cia bierzmowania (zazwyczaj informacja o bierzmowaniu jest ju\u017c umieszczona na metryce chrztu)<\/li>\n<li>za\u015bwiadczenie uko\u0144czenia katechez przedma\u0142\u017ce\u0144skich i odbytych spotka\u0144 w poradni rodzinnej<\/li>\n<li>dow\u00f3d osobisty<\/li>\n<li>&#8222;Za\u015bwiadczenie stwierdzaj\u0105ce brak okoliczno\u015bci wy\u0142\u0105czaj\u0105cych zawarcie ma\u0142\u017ce\u0144stwa&#8221; z USC, je\u015bli narzeczeni chc\u0105 zawrze\u0107 tzw. ma\u0142\u017ce\u0144stwo konkordatowe (ze skutkami cywilnymi). Data wydania za\u015bwiadczenia nie mo\u017ce by\u0107 wcze\u015bniejsza ni\u017c 6 miesi\u0119cy przed planowan\u0105 dat\u0105 \u015blubu. Za\u015bwiadczenia wydawane s\u0105 w dowolnym USC.<\/li>\n<li>dane personalne \u015bwiadk\u00f3w: imi\u0119 i\u00a0nazwisko, adres zamieszkania, data urodzenia.<\/li>\n<li>ksero \u015bwiadectwa z ostatniej klasy gdzie znajduje si\u0119 ocena z religii.<\/li>\n<\/ul>\n<hr \/>\n<p>Osoby spoza parafii, chc\u0105ce zawrze\u0107 sakrament ma\u0142\u017ce\u0144stwa w\u00a0naszej \u015bwi\u0105tyni zobowi\u0105zane s\u0105 do\u00a0przedstawienia zgody od\u00a0swojego proboszcza obecnego miejsca zamieszkania. Zamieszkanie sta\u0142e nabywamy w miejscu faktycznego pobytu w danej miejscowo\u015bci powy\u017cej 3 miesi\u0119cy.<\/p>\n<hr \/>\n<p>Sakramentu Ma\u0142\u017ce\u0144stwa zasadniczo udzielamy w soboty mi\u0119dzy godz. 15.00 a godz. 19.00.<\/p>\n<hr \/>\n<p>Narzeczeni i \u015bwiadkowie s\u0105 zobowi\u0105zani do uczestniczenia w jednorazowej katechezie, kt\u00f3ra odbywa si\u0119 w pi\u0105tek poprzedzaj\u0105cy \u015blub o godz. 18:00 (w poszczeg\u00f3lne dni godzina mo\u017ce ulec lekkiemu przesuni\u0119ciu) w kancelarii parafialnej.<\/p>\n<p><strong>PONI\u017bEJ ZAMIESZCZAMY PLIK DO POBRANIA Z INFORMACJAMI, JAK KROK PO KROKU WYGL\u0104DA PRZYGOTOWYWANIE FORMALNO\u015aCI ZWI\u0104ZANYCH ZE \u015aLUBEM<\/strong><\/p>\n<div class=\"ead-preview\"><div class=\"ead-document\" style=\"position: relative;padding-top: 90%;\"><iframe src=\"\/\/view.officeapps.live.com\/op\/embed.aspx?src=https%3A%2F%2Fparafia.niepokalanow.pl%2Fwp-content%2Fuploads%2F2025%2F01%2Fprzygotowanie_do_malzenstwa-2025.doc\" title=\"Embedded Document\" class=\"ead-iframe\" style=\"width: 100%;height: 100%;border: none;position: absolute;left: 0;top: 0;\"><\/iframe><\/div><\/div>\n<hr \/>\n<h3>\u00a0 \u00a0 \u00a0 \u00a0 \u00a0 \u00a0 \u00a0 \u00a0 \u00a0 \u00a0 \u00a0<span style=\"color: #ff6600;\"> Przygotowanie do ma\u0142\u017ce\u0144stwa 2026<\/span><\/h3>\n<p>Katechezy przedma\u0142\u017ce\u0144skie odbywaj\u0105 si\u0119 w domu parafialnym ul. Kolbego 5 Teresin<\/p>\n<div class=\"gmail_default\"><span style=\"color: #ff6600;\"><strong>I tura 2026<\/strong><\/span><\/div>\n<div class=\"gmail_default\">Spotkania w niedziel\u0119 Wielkiego Postu , w godz. 15:00-17.30<br \/>\nRozpocz\u0119cie kursu<strong> 22 lutego &#8211; zako\u0144czenie 22 marca<\/strong> <span style=\"color: #ff6600;\"><strong>(zapisy od 10 stycznia)<\/strong><\/span><\/div>\n<div class=\"gmail_default\"><\/div>\n<div><\/div>\n<div class=\"gmail_default\"><span style=\"color: #ff6600;\"><strong>II tura 2026<\/strong><\/span><\/div>\n<div class=\"gmail_default\">Tak\u017ce spotkania w niedziel\u0119 w godz. 15:00-17.30, dom parafialny.<\/div>\n<div class=\"gmail_default\">Pocz\u0105tek: <strong>22 listopada, koniec \u00a020 grudnia (zapisy od 1 pa\u017adziernika)<\/strong><\/div>\n<div class=\"gmail_default\"><\/div>\n<div><\/div>\n<div class=\"gmail_default\">\u00a0(kurs stacjonarny)<\/div>\n<p>Forma kursu stacjonarna.<\/p>\n<p><span style=\"color: #ff6600;\">Kurs obejmuje podstawowe tematy potrzebne narzeczonym do pe\u0142nego i dobrego przygotowania si\u0119 do ma\u0142\u017ce\u0144stwa takie jak: poj\u0119cie ma\u0142\u017ce\u0144stwa jego cel i fundament, poj\u0119cie mi\u0142o\u015bci, rodzina ko\u015bcio\u0142em domowym, odpowiedzialne rodzicielstwo, sprawy formalne, protok\u00f3\u0142 przedma\u0142\u017ce\u0144ski, przeszkody do ma\u0142\u017ce\u0144stwa, organizacja, komunikacja w ma\u0142\u017ce\u0144stwie, kryzysy itp.<\/span><\/p>\n<p style=\"text-align: center;\"><strong>Zg\u0142oszenia jedynie na adres:\u00a0 \u00a0<\/strong><\/p>\n<p style=\"text-align: center;\"><strong><span style=\"text-decoration: underline;\">przedslubem.niepokalanow@gmail.com<\/span><\/strong><\/p>\n<p>\u00a0 \u00a0 \u00a0 \u00a0 \u00a0 \u00a0 \u00a0 \u00a0 \u00a0 \u00a0 \u00a0 \u00a0 \u00a0 \u00a0 \u00a0 \u00a0 \u00a0 \u00a0 \u00a0 \u00a0 \u00a0 \u00a0 \u00a0 \u00a0 \u00a0 \u00a0 \u00a0 \u00a0 \u00a0 \u00a0 \u00a0 \u00a0 \u00a0 \u00a0 \u00a0 lub na pierwszym spotkaniu<\/p>\n<p>(W zg\u0142oszeniu podajemy imi\u0119 i nazwisko oraz parafi\u0119 w kt\u00f3rej si\u0119 obecnie mieszka)<\/p>\n<p>Opr\u00f3cz uczestnictwa w katechezach, narzeczeni s\u0105 zobowi\u0105zani do odbycia trzech indywidualnych spotka\u0144 w dowolnej poradni rodzinnej.<\/p>\n<p>Doradca rodzinny: El\u017cbieta Olbrycht: <strong>w\u00a0czwartki, w godz. 18.00-19.30. Zapisy: tel. 505 691 203, od godz. 20.00.<\/strong><\/p>\n<p>Doradca rodzinny, mediator s\u0105dowy i rodzinny, psychoterapeuta uzale\u017cnie\u0144: Katarzyna Kijak: <strong>w poniedzia\u0142ek, w godz. 14.00-20.00. Zapisy: tel. 692 880 401, pn. \u2013 pt. w godz. 19.00-21.00.<\/strong><\/p>\n<p>Lista wszystkich poradni w\u00a0naszej archidiecezji znajduje si\u0119 na\u00a0stronie <a href=\"http:\/\/archidiecezja.warszawa.pl\/sakramenty\/malzenstwo\/poradnie-rodzinne\/\" target=\"_blank\" rel=\"noopener\">Archidiecezji Warszawskiej<\/a>.<\/p>\n<p>Uczestnicy katechez otrzymuj\u0105 za\u015bwiadczenia potrzebne przy sk\u0142adaniu dokument\u00f3w w\u00a0kancelarii parafialnej przed\u00a0zawarciem sakramentu ma\u0142\u017ce\u0144stwa.<\/p>\n<\/div><\/section><\/p><\/div><div class=\"flex_column av_one_third  flex_column_div av-zero-column-padding   avia-builder-el-8  el_after_av_two_third  avia-builder-el-last  \" style='border-radius:0px; '><section class=\"av_textblock_section \"  itemscope=\"itemscope\" itemtype=\"https:\/\/schema.org\/CreativeWork\" ><div class='avia_textblock  '   itemprop=\"text\" ><h2><span style=\"color: #000000;\"><strong>Msze \u015bw. w Bazylice<\/strong><\/span><\/h2>\n<p><a href=\"http:\/\/serwer1310789.home.pl\/parafia\/wp-content\/uploads\/2015\/11\/Unknown.jpeg\"><img loading=\"lazy\" decoding=\"async\" class=\"alignnone size-square wp-image-3705\" src=\"http:\/\/serwer1310789.home.pl\/parafia\/wp-content\/uploads\/2015\/11\/Unknown-180x180.jpeg\" alt=\"Unknown\" width=\"180\" height=\"180\" srcset=\"https:\/\/parafia.niepokalanow.pl\/wp-content\/uploads\/2015\/11\/Unknown-180x180.jpeg 180w, https:\/\/parafia.niepokalanow.pl\/wp-content\/uploads\/2015\/11\/Unknown-80x80.jpeg 80w, https:\/\/parafia.niepokalanow.pl\/wp-content\/uploads\/2015\/11\/Unknown-36x36.jpeg 36w, https:\/\/parafia.niepokalanow.pl\/wp-content\/uploads\/2015\/11\/Unknown-120x120.jpeg 120w\" sizes=\"auto, (max-width: 180px) 100vw, 180px\" \/><\/a><\/p>\n<p><strong>Niedziele<\/strong><\/p>\n<p>6:00, 7:00, 8:30, 10:00, 11:30, 13:00, 16:00,<br \/>\n18:00<\/p>\n<p><strong>Dni powszednie<\/strong><\/p>\n<p>6:00, 7:00, 8:00, 11:00,\u00a018:00<\/p>\n<p><strong>W soboty<\/strong><\/p>\n<p>6.00, 7.00, 8.00, 9.30, 11.00,<\/p>\n<p>18.00 <strong>w kaplicy \u015bw. Maksymiliana<\/strong><\/p>\n<hr \/>\n<h2><span style=\"color: #000000;\">Spowied\u017a<\/span><\/h2>\n<p><a href=\"http:\/\/serwer1310789.home.pl\/parafia\/wp-content\/uploads\/2015\/11\/aQErNofxOxMIVYHKSX.jpg\"><img loading=\"lazy\" decoding=\"async\" class=\"alignnone size-square wp-image-3706\" src=\"http:\/\/serwer1310789.home.pl\/parafia\/wp-content\/uploads\/2015\/11\/aQErNofxOxMIVYHKSX-180x180.jpg\" alt=\"aQErNofxOxMIVYHKSX\" width=\"180\" height=\"180\" srcset=\"https:\/\/parafia.niepokalanow.pl\/wp-content\/uploads\/2015\/11\/aQErNofxOxMIVYHKSX-180x180.jpg 180w, https:\/\/parafia.niepokalanow.pl\/wp-content\/uploads\/2015\/11\/aQErNofxOxMIVYHKSX-80x80.jpg 80w, https:\/\/parafia.niepokalanow.pl\/wp-content\/uploads\/2015\/11\/aQErNofxOxMIVYHKSX-36x36.jpg 36w, https:\/\/parafia.niepokalanow.pl\/wp-content\/uploads\/2015\/11\/aQErNofxOxMIVYHKSX-120x120.jpg 120w, https:\/\/parafia.niepokalanow.pl\/wp-content\/uploads\/2015\/11\/aQErNofxOxMIVYHKSX-450x450.jpg 450w\" sizes=\"auto, (max-width: 180px) 100vw, 180px\" \/><\/a><\/p>\n<p><strong>Niedziele<\/strong><\/p>\n<p>w godz. 6.00-18.30<\/p>\n<p><strong>Dni powszednie<\/strong><\/p>\n<p>w godz. 6.00-18.30<\/p>\n<p><a href=\"http:\/\/serwer1310789.home.pl\/parafia\/?page_id=3772\">Aktualny plan dy\u017cur\u00f3w w konfesjona\u0142ach<\/a><\/p>\n<hr \/>\n<h2>Nabo\u017ce\u0144stwa okresowe<\/h2>\n<p><a href=\"http:\/\/serwer1310789.home.pl\/parafia\/wp-content\/uploads\/2015\/11\/niepokalanow-klasztor.jpg\"><img loading=\"lazy\" decoding=\"async\" class=\"alignnone size-square wp-image-3736\" src=\"http:\/\/serwer1310789.home.pl\/parafia\/wp-content\/uploads\/2015\/11\/niepokalanow-klasztor-180x180.jpg\" alt=\"niepokalanow-klasztor\" width=\"180\" height=\"180\" srcset=\"https:\/\/parafia.niepokalanow.pl\/wp-content\/uploads\/2015\/11\/niepokalanow-klasztor-180x180.jpg 180w, https:\/\/parafia.niepokalanow.pl\/wp-content\/uploads\/2015\/11\/niepokalanow-klasztor-80x80.jpg 80w, https:\/\/parafia.niepokalanow.pl\/wp-content\/uploads\/2015\/11\/niepokalanow-klasztor-36x36.jpg 36w, https:\/\/parafia.niepokalanow.pl\/wp-content\/uploads\/2015\/11\/niepokalanow-klasztor-120x120.jpg 120w, https:\/\/parafia.niepokalanow.pl\/wp-content\/uploads\/2015\/11\/niepokalanow-klasztor-450x450.jpg 450w\" sizes=\"auto, (max-width: 180px) 100vw, 180px\" \/><\/a><\/p>\n<p><strong>Niedziele<\/strong><\/p>\n<p>godz. 17.00<\/p>\n<p><strong>Dni powszednie<\/strong><\/p>\n<p>po Mszy \u015bw. wieczornej<\/p>\n<p><strong>W soboty w kaplicy \u015bw. Maksymiliana\u00a0<\/strong>o 17.30<\/p>\n<\/div><\/section><\/div><\/div><\/div><\/div><!-- close content main div --><\/div><\/div><div id='after_section_2'  class='main_color av_default_container_wrap container_wrap sidebar_right' style=' '  ><div class='container' ><div class='template-page content  av-content-small alpha units'><div class='post-entry post-entry-type-page post-entry-3781'><div class='entry-content-wrapper clearfix'><div class=\"flex_column av_three_fifth  flex_column_div av-zero-column-padding first  avia-builder-el-10  el_after_av_section  avia-builder-el-no-sibling  \" style='border-radius:0px; '><\/div><\/p>\n","protected":false},"excerpt":{"rendered":"","protected":false},"author":1,"featured_media":0,"parent":0,"menu_order":0,"comment_status":"closed","ping_status":"closed","template":"","meta":{"footnotes":""},"class_list":["post-3781","page","type-page","status-publish","hentry"],"_links":{"self":[{"href":"https:\/\/parafia.niepokalanow.pl\/index.php?rest_route=\/wp\/v2\/pages\/3781","targetHints":{"allow":["GET"]}}],"collection":[{"href":"https:\/\/parafia.niepokalanow.pl\/index.php?rest_route=\/wp\/v2\/pages"}],"about":[{"href":"https:\/\/parafia.niepokalanow.pl\/index.php?rest_route=\/wp\/v2\/types\/page"}],"author":[{"embeddable":true,"href":"https:\/\/parafia.niepokalanow.pl\/index.php?rest_route=\/wp\/v2\/users\/1"}],"replies":[{"embeddable":true,"href":"https:\/\/parafia.niepokalanow.pl\/index.php?rest_route=%2Fwp%2Fv2%2Fcomments&post=3781"}],"version-history":[{"count":0,"href":"https:\/\/parafia.niepokalanow.pl\/index.php?rest_route=\/wp\/v2\/pages\/3781\/revisions"}],"wp:attachment":[{"href":"https:\/\/parafia.niepokalanow.pl\/index.php?rest_route=%2Fwp%2Fv2%2Fmedia&parent=3781"}],"curies":[{"name":"wp","href":"https:\/\/api.w.org\/{rel}","templated":true}]}}