{"id":3738,"date":"2015-11-09T20:35:24","date_gmt":"2015-11-09T19:35:24","guid":{"rendered":"http:\/\/serwer1310789.home.pl\/parafia\/?page_id=3738"},"modified":"2024-02-28T12:11:46","modified_gmt":"2024-02-28T11:11:46","slug":"duszpasterstwo-malzenstw","status":"publish","type":"page","link":"https:\/\/parafia.niepokalanow.pl\/?page_id=3738","title":{"rendered":"Duszpasterstwo ma\u0142\u017ce\u0144stw"},"content":{"rendered":"<div id='av_section_1'  class='avia-section main_color avia-section-default avia-no-border-styling  avia-bg-style-scroll  avia-builder-el-0  el_before_av_section  avia-builder-el-first   container_wrap sidebar_right' style=' '  ><div class='container' ><main  role=\"main\" itemprop=\"mainContentOfPage\"  class='template-page content  av-content-small alpha units'><div class='post-entry post-entry-type-page post-entry-3738'><div class='entry-content-wrapper clearfix'>\n<div class=\"flex_column av_one_half  flex_column_div av-zero-column-padding first  avia-builder-el-1  el_before_av_one_half  avia-builder-el-first  \" style='border-radius:0px; '><section class=\"av_textblock_section \"  itemscope=\"itemscope\" itemtype=\"https:\/\/schema.org\/CreativeWork\" ><div class='avia_textblock  '   itemprop=\"text\" ><p><a href=\"http:\/\/serwer1310789.home.pl\/parafia\/wp-content\/uploads\/2015\/11\/duszp-rodzin.jpg\"><img loading=\"lazy\" decoding=\"async\" class=\"aligncenter size-medium wp-image-3920\" src=\"http:\/\/serwer1310789.home.pl\/parafia\/wp-content\/uploads\/2015\/11\/duszp-rodzin-300x143.jpg\" alt=\"duszp rodzin\" width=\"300\" height=\"143\" srcset=\"https:\/\/parafia.niepokalanow.pl\/wp-content\/uploads\/2015\/11\/duszp-rodzin-300x143.jpg 300w, https:\/\/parafia.niepokalanow.pl\/wp-content\/uploads\/2015\/11\/duszp-rodzin-845x405.jpg 845w, https:\/\/parafia.niepokalanow.pl\/wp-content\/uploads\/2015\/11\/duszp-rodzin-705x335.jpg 705w, https:\/\/parafia.niepokalanow.pl\/wp-content\/uploads\/2015\/11\/duszp-rodzin-450x214.jpg 450w, https:\/\/parafia.niepokalanow.pl\/wp-content\/uploads\/2015\/11\/duszp-rodzin.jpg 852w\" sizes=\"auto, (max-width: 300px) 100vw, 300px\" \/><\/a><\/p>\n<\/div><\/section><\/div><div class=\"flex_column av_one_half  flex_column_div av-zero-column-padding   avia-builder-el-3  el_after_av_one_half  avia-builder-el-last  \" style='border-radius:0px; '><section class=\"av_textblock_section \"  itemscope=\"itemscope\" itemtype=\"https:\/\/schema.org\/CreativeWork\" ><div class='avia_textblock  '   itemprop=\"text\" ><h1>Duszpasterstwo ma\u0142\u017ce\u0144stw<\/h1>\n<p>DUSZPASTERZ<\/p>\n<p><span style=\"color: #33cccc;\">O. PIOTR SOCHA<\/span><\/p>\n<\/div><\/section><\/div>\n\n<\/div><\/div><\/main><!-- close content main element --><\/div><\/div><div id='av_section_2'  class='avia-section main_color avia-section-no-padding avia-no-border-styling  avia-bg-style-scroll  avia-builder-el-5  el_after_av_section  el_before_av_textblock   container_wrap sidebar_right' style=' '  ><div class='container' ><div class='template-page content  av-content-small alpha units'><div class='post-entry post-entry-type-page post-entry-3738'><div class='entry-content-wrapper clearfix'>\n<div  style='padding-bottom:0px; ' class='av-special-heading av-special-heading-h3  blockquote modern-quote  avia-builder-el-6  avia-builder-el-no-sibling  '><h3 class='av-special-heading-tag '  itemprop=\"headline\"  >Chcemy by\u0107 wsp\u00f3lnot\u0105 ma\u0142\u017ce\u0144stw i rodzin prawdziwie \u017cyj\u0105cych wiar\u0105 i mi\u0142o\u015bci\u0105.<\/h3><div class='special-heading-border'><div class='special-heading-inner-border' ><\/div><\/div><\/div>\n<\/div><\/div><\/div><!-- close content main div --><\/div><\/div><div id='after_section_2'  class='main_color av_default_container_wrap container_wrap sidebar_right' style=' '  ><div class='container' ><div class='template-page content  av-content-small alpha units'><div class='post-entry post-entry-type-page post-entry-3738'><div class='entry-content-wrapper clearfix'>\n<section class=\"av_textblock_section \"  itemscope=\"itemscope\" itemtype=\"https:\/\/schema.org\/CreativeWork\" ><div class='avia_textblock  '   itemprop=\"text\" ><p>Rozumiemy, \u017ce\u00a0celem zar\u00f3wno mi\u0142o\u015bci ma\u0142\u017ce\u0144skiej, jak i\u00a0wiary, nie jest spe\u0142nienie obowi\u0105zk\u00f3w (oczywi\u015bcie r\u00f3wnie\u017c wa\u017cnych), lecz przede wszystkim rozw\u00f3j relacji przyja\u017ani. Przyja\u017ani mi\u0119dzy Bogiem i\u00a0cz\u0142owiekiem w\u00a0wierze, a\u00a0mi\u0119dzy \u017con\u0105 i\u00a0m\u0119\u017cem w\u00a0ma\u0142\u017ce\u0144stwie. Dlatego wsp\u00f3lnie szukamy sposob\u00f3w pog\u0142\u0119bienia tych przyja\u017ani. Spotykamy si\u0119 od\u00a02013 roku, poprzednim duszpasterzem grupy by\u0142 o. Karol Olborski, teraz jest nim o. Piotr Socha.<\/p>\n<p>Forma<\/p>\n<p>Nasze spotkania zaczynamy zazwyczaj Eucharysti\u0105. Po\u00a0niej jest konferencja, a \u00a0nast\u0119pnie czas rozm\u00f3w \u2013\u00a0 poruszamy tematy dotycz\u0105ce wiary i\u00a0ma\u0142\u017ce\u0144stwa.\u00a0 Wsp\u00f3lnie czytamy Pismo \u015awi\u0119te i\u00a0uczymy si\u0119 wsp\u00f3lnie modli\u0107.<\/p>\n<p>Miejsce<\/p>\n<p><b>Spotkania wsp\u00f3lnoty s\u0105 zawieszone od wrze\u015bnia 2023 r.<\/b><\/p>\n<p><b><a href=\"https:\/\/parafia.niepokalanow.pl\/wp-content\/uploads\/2020\/10\/20200111_181925-scaled.jpg\"><img loading=\"lazy\" decoding=\"async\" class=\"size-medium wp-image-14540 aligncenter\" src=\"https:\/\/parafia.niepokalanow.pl\/wp-content\/uploads\/2020\/10\/20200111_181925-300x225.jpg\" alt=\"\" width=\"300\" height=\"225\" srcset=\"https:\/\/parafia.niepokalanow.pl\/wp-content\/uploads\/2020\/10\/20200111_181925-300x225.jpg 300w, https:\/\/parafia.niepokalanow.pl\/wp-content\/uploads\/2020\/10\/20200111_181925-1030x773.jpg 1030w, https:\/\/parafia.niepokalanow.pl\/wp-content\/uploads\/2020\/10\/20200111_181925-768x576.jpg 768w, https:\/\/parafia.niepokalanow.pl\/wp-content\/uploads\/2020\/10\/20200111_181925-1536x1152.jpg 1536w, https:\/\/parafia.niepokalanow.pl\/wp-content\/uploads\/2020\/10\/20200111_181925-2048x1536.jpg 2048w, https:\/\/parafia.niepokalanow.pl\/wp-content\/uploads\/2020\/10\/20200111_181925-1500x1125.jpg 1500w, https:\/\/parafia.niepokalanow.pl\/wp-content\/uploads\/2020\/10\/20200111_181925-705x529.jpg 705w\" sizes=\"auto, (max-width: 300px) 100vw, 300px\" \/><\/a><a href=\"https:\/\/parafia.niepokalanow.pl\/wp-content\/uploads\/2020\/10\/20200111_182025-scaled.jpg\"><img loading=\"lazy\" decoding=\"async\" class=\"wp-image-14541 size-medium aligncenter\" src=\"https:\/\/parafia.niepokalanow.pl\/wp-content\/uploads\/2020\/10\/20200111_182025-300x225.jpg\" alt=\"\" width=\"300\" height=\"225\" srcset=\"https:\/\/parafia.niepokalanow.pl\/wp-content\/uploads\/2020\/10\/20200111_182025-300x225.jpg 300w, https:\/\/parafia.niepokalanow.pl\/wp-content\/uploads\/2020\/10\/20200111_182025-1030x773.jpg 1030w, https:\/\/parafia.niepokalanow.pl\/wp-content\/uploads\/2020\/10\/20200111_182025-768x576.jpg 768w, https:\/\/parafia.niepokalanow.pl\/wp-content\/uploads\/2020\/10\/20200111_182025-1536x1152.jpg 1536w, https:\/\/parafia.niepokalanow.pl\/wp-content\/uploads\/2020\/10\/20200111_182025-2048x1536.jpg 2048w, https:\/\/parafia.niepokalanow.pl\/wp-content\/uploads\/2020\/10\/20200111_182025-1500x1125.jpg 1500w, https:\/\/parafia.niepokalanow.pl\/wp-content\/uploads\/2020\/10\/20200111_182025-705x529.jpg 705w\" sizes=\"auto, (max-width: 300px) 100vw, 300px\" \/><\/a><\/b><\/p>\n<\/div><\/section>\n","protected":false},"excerpt":{"rendered":"","protected":false},"author":1,"featured_media":0,"parent":0,"menu_order":0,"comment_status":"closed","ping_status":"closed","template":"","meta":{"footnotes":""},"class_list":["post-3738","page","type-page","status-publish","hentry"],"_links":{"self":[{"href":"https:\/\/parafia.niepokalanow.pl\/index.php?rest_route=\/wp\/v2\/pages\/3738","targetHints":{"allow":["GET"]}}],"collection":[{"href":"https:\/\/parafia.niepokalanow.pl\/index.php?rest_route=\/wp\/v2\/pages"}],"about":[{"href":"https:\/\/parafia.niepokalanow.pl\/index.php?rest_route=\/wp\/v2\/types\/page"}],"author":[{"embeddable":true,"href":"https:\/\/parafia.niepokalanow.pl\/index.php?rest_route=\/wp\/v2\/users\/1"}],"replies":[{"embeddable":true,"href":"https:\/\/parafia.niepokalanow.pl\/index.php?rest_route=%2Fwp%2Fv2%2Fcomments&post=3738"}],"version-history":[{"count":0,"href":"https:\/\/parafia.niepokalanow.pl\/index.php?rest_route=\/wp\/v2\/pages\/3738\/revisions"}],"wp:attachment":[{"href":"https:\/\/parafia.niepokalanow.pl\/index.php?rest_route=%2Fwp%2Fv2%2Fmedia&parent=3738"}],"curies":[{"name":"wp","href":"https:\/\/api.w.org\/{rel}","templated":true}]}}