{"id":3708,"date":"2015-11-06T15:40:44","date_gmt":"2015-11-06T14:40:44","guid":{"rendered":"http:\/\/serwer1310789.home.pl\/parafia\/?page_id=3708"},"modified":"2025-12-29T17:29:58","modified_gmt":"2025-12-29T16:29:58","slug":"i-komunia","status":"publish","type":"page","link":"https:\/\/parafia.niepokalanow.pl\/?page_id=3708","title":{"rendered":"Eucharystia"},"content":{"rendered":"<div id='av_section_1'  class='avia-section main_color avia-section-small avia-no-shadow  avia-full-stretch av-section-color-overlay-active avia-bg-style-scroll  avia-builder-el-0  el_before_av_section  avia-builder-el-first   container_wrap sidebar_right' style='background-repeat: no-repeat; background-image: url(https:\/\/parafia.niepokalanow.pl\/wp-content\/uploads\/2015\/11\/komunia_teresin_niepokalan\u00f3w-1500x627.jpg);background-attachment: scroll; background-position: center center;  '  data-section-bg-repeat='stretch'><div class='av-section-color-overlay-wrap'><div class='av-section-color-overlay' style='opacity: 0.2; background-color: #000000; '><\/div><div class='container' ><main  role=\"main\" itemprop=\"mainContentOfPage\"  class='template-page content  av-content-small alpha units'><div class='post-entry post-entry-type-page post-entry-3708'><div class='entry-content-wrapper clearfix'>\n<div  style=' margin-top:30px; margin-bottom:30px;'  class='hr hr-custom hr-center hr-icon-yes   avia-builder-el-1  el_before_av_heading  avia-builder-el-first '><span class='hr-inner  inner-border-av-border-thin' style=' width:40%; max-width:45%;' ><span class='hr-inner-style'><\/span><\/span><span class='av-seperator-icon'  aria-hidden='true' data-av_icon='\ue8bf' data-av_iconfont='entypo-fontello'><\/span><span class='hr-inner  inner-border-av-border-thin' style=' width:40%; max-width:45%;' ><span class='hr-inner-style'><\/span><\/span><\/div>\n<div  style='padding-bottom:0px; font-size:50px;' class='av-special-heading av-special-heading-h3 custom-color-heading blockquote modern-quote modern-centered  avia-builder-el-2  el_after_av_hr  avia-builder-el-last  av-inherit-size '><h3 class='av-special-heading-tag '  itemprop=\"headline\"  >Eucharystia<\/h3><div class='special-heading-border'><div class='special-heading-inner-border' ><\/div><\/div><\/div>\n\n<\/div><\/div><\/main><!-- close content main element --><\/div><\/div><\/div><div id='av_section_2'  class='avia-section main_color avia-section-small avia-no-border-styling  avia-bg-style-scroll  avia-builder-el-3  el_after_av_section  avia-builder-el-last   container_wrap sidebar_right' style=' '  ><div class='container' ><div class='template-page content  av-content-small alpha units'><div class='post-entry post-entry-type-page post-entry-3708'><div class='entry-content-wrapper clearfix'>\n<div class=\"flex_column av_two_third  flex_column_div av-zero-column-padding first  avia-builder-el-4  el_before_av_one_third  avia-builder-el-first  \" style='border-radius:0px; '><p><div  style='padding-bottom:10px; font-size:33px;' class='av-special-heading av-special-heading-h3  blockquote modern-quote modern-centered  avia-builder-el-5  el_before_av_hr  avia-builder-el-first  av-inherit-size '><h3 class='av-special-heading-tag '  itemprop=\"headline\"  >I Komunia \u015bwi\u0119ta<\/h3><div class='special-heading-border'><div class='special-heading-inner-border' ><\/div><\/div><\/div><br \/>\n<div  style=' margin-top:30px; margin-bottom:30px;'  class='hr hr-custom hr-center hr-icon-yes   avia-builder-el-6  el_after_av_heading  el_before_av_textblock '><span class='hr-inner  inner-border-av-border-thin' style=' width:40%; max-width:45%;' ><span class='hr-inner-style'><\/span><\/span><span class='av-seperator-icon'  aria-hidden='true' data-av_icon='\ue8bf' data-av_iconfont='entypo-fontello'><\/span><span class='hr-inner  inner-border-av-border-thin' style=' width:40%; max-width:45%;' ><span class='hr-inner-style'><\/span><\/span><\/div><br \/>\n<section class=\"av_textblock_section \"  itemscope=\"itemscope\" itemtype=\"https:\/\/schema.org\/CreativeWork\" ><div class='avia_textblock  '   itemprop=\"text\" ><p>Sakrament Eucharystii po\u00a0raz pierwszy przyjmuj\u0105 dzieci w\u00a0klasie III szko\u0142y podstawowej.<\/p>\n<p>Odpowiedzialnym za przygotowanie dzieci do przyj\u0119cia Komunii \u015awi\u0119tej w naszej parafii jest o. Piotr Socha \u2013 duszpasterz naszej parafii. Informacje o pozosta\u0142ych terminach spotka\u0144 formacyjnych otrzymuj\u0105 bezpo\u015brednio rodziny i opiekunowie dzieci ju\u017c zapisanych.<\/p>\n<p><a href=\"http:\/\/7pierwszych.pl\/eucharystia\/\" target=\"_blank\" rel=\"noopener\"><img loading=\"lazy\" decoding=\"async\" class=\"size-entry_with_sidebar wp-image-3710 aligncenter\" src=\"http:\/\/serwer1310789.home.pl\/parafia\/wp-content\/uploads\/2015\/11\/eucharystia_baner7-1-400x321.jpg\" alt=\"eucharystia_baner7-1\" width=\"400\" height=\"321\" \/><\/a><\/p>\n<\/div><\/section><br \/>\n<div  style=' margin-top:30px; margin-bottom:30px;'  class='hr hr-custom hr-center hr-icon-yes   avia-builder-el-8  el_after_av_textblock  avia-builder-el-last '><span class='hr-inner  inner-border-av-border-thin' style=' width:40%; max-width:45%;' ><span class='hr-inner-style'><\/span><\/span><span class='av-seperator-icon'  aria-hidden='true' data-av_icon='\ue8bf' data-av_iconfont='entypo-fontello'><\/span><span class='hr-inner  inner-border-av-border-thin' style=' width:40%; max-width:45%;' ><span class='hr-inner-style'><\/span><\/span><\/div><\/p><\/div><div class=\"flex_column av_one_third  flex_column_div av-zero-column-padding   avia-builder-el-9  el_after_av_two_third  avia-builder-el-last  \" style='border-radius:0px; '><section class=\"av_textblock_section \"  itemscope=\"itemscope\" itemtype=\"https:\/\/schema.org\/CreativeWork\" ><div class='avia_textblock  '   itemprop=\"text\" ><h3><span style=\"color: #ff0000;\"><strong>Msze \u015bw. w Bazylice<\/strong><\/span><\/h3>\n<p><a href=\"http:\/\/serwer1310789.home.pl\/parafia\/wp-content\/uploads\/2015\/11\/Unknown.jpeg\"><img loading=\"lazy\" decoding=\"async\" class=\"alignnone size-square wp-image-3705\" src=\"http:\/\/serwer1310789.home.pl\/parafia\/wp-content\/uploads\/2015\/11\/Unknown-180x180.jpeg\" alt=\"Unknown\" width=\"180\" height=\"180\" srcset=\"https:\/\/parafia.niepokalanow.pl\/wp-content\/uploads\/2015\/11\/Unknown-180x180.jpeg 180w, https:\/\/parafia.niepokalanow.pl\/wp-content\/uploads\/2015\/11\/Unknown-80x80.jpeg 80w, https:\/\/parafia.niepokalanow.pl\/wp-content\/uploads\/2015\/11\/Unknown-36x36.jpeg 36w, https:\/\/parafia.niepokalanow.pl\/wp-content\/uploads\/2015\/11\/Unknown-120x120.jpeg 120w\" sizes=\"auto, (max-width: 180px) 100vw, 180px\" \/><\/a><\/p>\n<p><strong>Niedziele<\/strong><\/p>\n<p>6:00, 7:00, 8:30, 10:00, 11:30, 13:00, 16:00,<br \/>\n18:00<\/p>\n<p><strong>Dni powszednie<\/strong><\/p>\n<p>6:00, 7:00, 8:00, 11:00, 18:00<\/p>\n<p><strong>W soboty<\/strong><\/p>\n<p>6:00, 7:00, 8:00, 9.30, 11:00,<\/p>\n<p>18.00 <strong>\u00a0w kaplicy \u015bw. Maksymiliana<\/strong><\/p>\n<h3><span style=\"color: #ff0000;\">Spowied\u017a<\/span><\/h3>\n<p><a href=\"http:\/\/serwer1310789.home.pl\/parafia\/wp-content\/uploads\/2015\/11\/aQErNofxOxMIVYHKSX.jpg\"><img loading=\"lazy\" decoding=\"async\" class=\"alignnone size-square wp-image-3706\" src=\"http:\/\/serwer1310789.home.pl\/parafia\/wp-content\/uploads\/2015\/11\/aQErNofxOxMIVYHKSX-180x180.jpg\" alt=\"aQErNofxOxMIVYHKSX\" width=\"180\" height=\"180\" srcset=\"https:\/\/parafia.niepokalanow.pl\/wp-content\/uploads\/2015\/11\/aQErNofxOxMIVYHKSX-180x180.jpg 180w, https:\/\/parafia.niepokalanow.pl\/wp-content\/uploads\/2015\/11\/aQErNofxOxMIVYHKSX-80x80.jpg 80w, https:\/\/parafia.niepokalanow.pl\/wp-content\/uploads\/2015\/11\/aQErNofxOxMIVYHKSX-36x36.jpg 36w, https:\/\/parafia.niepokalanow.pl\/wp-content\/uploads\/2015\/11\/aQErNofxOxMIVYHKSX-120x120.jpg 120w, https:\/\/parafia.niepokalanow.pl\/wp-content\/uploads\/2015\/11\/aQErNofxOxMIVYHKSX-450x450.jpg 450w\" sizes=\"auto, (max-width: 180px) 100vw, 180px\" \/><\/a><\/p>\n<p><strong>Niedziele<\/strong><\/p>\n<p>w godz. 6.00-18.30<\/p>\n<p><strong>Dni powszednie<\/strong><\/p>\n<p>w godz. 6.00-18.30<\/p>\n<p><a href=\"http:\/\/serwer1310789.home.pl\/parafia\/?page_id=3772\">Aktualny plan dy\u017cur\u00f3w w konfesjona\u0142ach<\/a><\/p>\n<hr \/>\n<h2>Nabo\u017ce\u0144stwa okresowe<\/h2>\n<p><a href=\"http:\/\/serwer1310789.home.pl\/parafia\/wp-content\/uploads\/2015\/11\/niepokalanow-klasztor.jpg\"><img loading=\"lazy\" decoding=\"async\" class=\"alignnone size-square wp-image-3736\" src=\"http:\/\/serwer1310789.home.pl\/parafia\/wp-content\/uploads\/2015\/11\/niepokalanow-klasztor-180x180.jpg\" alt=\"niepokalanow-klasztor\" width=\"180\" height=\"180\" srcset=\"https:\/\/parafia.niepokalanow.pl\/wp-content\/uploads\/2015\/11\/niepokalanow-klasztor-180x180.jpg 180w, https:\/\/parafia.niepokalanow.pl\/wp-content\/uploads\/2015\/11\/niepokalanow-klasztor-80x80.jpg 80w, https:\/\/parafia.niepokalanow.pl\/wp-content\/uploads\/2015\/11\/niepokalanow-klasztor-36x36.jpg 36w, https:\/\/parafia.niepokalanow.pl\/wp-content\/uploads\/2015\/11\/niepokalanow-klasztor-120x120.jpg 120w, https:\/\/parafia.niepokalanow.pl\/wp-content\/uploads\/2015\/11\/niepokalanow-klasztor-450x450.jpg 450w\" sizes=\"auto, (max-width: 180px) 100vw, 180px\" \/><\/a><\/p>\n<p><strong>Niedziele<\/strong><\/p>\n<p>godz. 17.00<\/p>\n<p><strong>Dni powszednie<\/strong><\/p>\n<p>po Mszy \u015bw. wieczornej<\/p>\n<p><strong>W soboty w kaplicy \u015bw. Maksymiliana<\/strong> o 17.30<\/p>\n<\/div><\/section><\/div><\/div><\/div><\/div><!-- close content main div --><\/div><\/div><div id='after_section_2'  class='main_color av_default_container_wrap container_wrap sidebar_right' style=' '  ><div class='container' ><div class='template-page content  av-content-small alpha units'><div class='post-entry post-entry-type-page post-entry-3708'><div class='entry-content-wrapper clearfix'>\n","protected":false},"excerpt":{"rendered":"","protected":false},"author":1,"featured_media":0,"parent":17,"menu_order":0,"comment_status":"closed","ping_status":"closed","template":"","meta":{"footnotes":""},"class_list":["post-3708","page","type-page","status-publish","hentry"],"_links":{"self":[{"href":"https:\/\/parafia.niepokalanow.pl\/index.php?rest_route=\/wp\/v2\/pages\/3708","targetHints":{"allow":["GET"]}}],"collection":[{"href":"https:\/\/parafia.niepokalanow.pl\/index.php?rest_route=\/wp\/v2\/pages"}],"about":[{"href":"https:\/\/parafia.niepokalanow.pl\/index.php?rest_route=\/wp\/v2\/types\/page"}],"author":[{"embeddable":true,"href":"https:\/\/parafia.niepokalanow.pl\/index.php?rest_route=\/wp\/v2\/users\/1"}],"replies":[{"embeddable":true,"href":"https:\/\/parafia.niepokalanow.pl\/index.php?rest_route=%2Fwp%2Fv2%2Fcomments&post=3708"}],"version-history":[{"count":0,"href":"https:\/\/parafia.niepokalanow.pl\/index.php?rest_route=\/wp\/v2\/pages\/3708\/revisions"}],"up":[{"embeddable":true,"href":"https:\/\/parafia.niepokalanow.pl\/index.php?rest_route=\/wp\/v2\/pages\/17"}],"wp:attachment":[{"href":"https:\/\/parafia.niepokalanow.pl\/index.php?rest_route=%2Fwp%2Fv2%2Fmedia&parent=3708"}],"curies":[{"name":"wp","href":"https:\/\/api.w.org\/{rel}","templated":true}]}}