{"id":18156,"date":"2025-02-14T21:04:35","date_gmt":"2025-02-14T20:04:35","guid":{"rendered":"http:\/\/parafia.niepokalanow.pl\/?page_id=18156"},"modified":"2025-02-14T21:06:54","modified_gmt":"2025-02-14T20:06:54","slug":"pielgrzymka-do-rzymu-z-racji-roku-jubileuszowego","status":"publish","type":"page","link":"https:\/\/parafia.niepokalanow.pl\/?page_id=18156","title":{"rendered":"Pielgrzymka do Rzymu z racji Roku Jubileuszowego"},"content":{"rendered":"<div>Z okazji og\u0142oszenia Roku Jubileuszowego 2025 parafia organizuje wsp\u00f3ln\u0105 pielgrzymk\u0119 do Rzymu oraz miejsc zwi\u0105zanych z \u017cyciem \u015bw. Franciszka. Termin wyjazdu: 2-9 lipca 2025. Koszt: 4290 z\u0142 +250 Euro<\/div>\n<div class=\"gmail_quote\">\n<div dir=\"ltr\">\n<div>\n<div>Zapisy do 15 lutego jedynie pod linkiem:\u00a0<a href=\"https:\/\/grupy.misjatravel.pl\/parafianiepokalanow\" target=\"_blank\" rel=\"noopener\" data-saferedirecturl=\"https:\/\/www.google.com\/url?q=https:\/\/grupy.misjatravel.pl\/parafianiepokalanow&amp;source=gmail&amp;ust=1737142074876000&amp;usg=AOvVaw2uSzubkNd0SbgUtVrCX1be\">https:\/\/grupy.<wbr \/>misjatravel.pl\/<wbr \/>parafianiepokalanow<\/a><\/div>\n<div>A oto ramowy plan pielgrzymki:<\/div>\n<p><span style=\"color: #000000;\"><strong>Dzie\u0144 1<\/strong><br \/>\nPrzyjazd na\u00a0lotnisko Warszawa-Modlin, odprawy i przelot do Rzymu. Rozpocz\u0119cie\u00a0pielgrzymki do W\u0142och.<br \/>\nPo wyl\u0105dowaniu przejazd do sanktuarium\u00a0Matki Boskiej Najczystszej Mi\u0142o\u015bci\u00a0w okolicy Ciampino. P\u00f3\u017aniej transfer do hotelu w okolicy Rzymu,\u00a0kolacja, nocleg. Uwaga! W razie p\u00f3\u017anopopo\u0142udniowych lub wieczornych l\u0105dowa\u0144 w Rzymie, Divino Amore b\u0119dzie zrealizowane ostatniego dnia, a osoby l\u0105duj\u0105ce wieczorem nie otrzymaj\u0105 tego dnia kolacji.\u00a0<\/span><\/p>\n<p><span style=\"color: #000000;\"><strong>Dzie\u0144 2<\/strong><br \/>\n\u015aniadanie, wyjazd do\u00a0Rzymu\u00a0\u2013 plac \u015bw. Piotra, bazylika \u015bw. Piotra z Drzwiami \u015awi\u0119tymi, wizyta przy grobie \u015bw. Jana Paw\u0142a II oraz groty watyka\u0144skie z grobami papie\u017cy. Je\u015bli Papie\u017c b\u0119dzie w Rzymie \u2013 modlitwa na Anio\u0142 Pa\u0144ski. Potem przej\u015bcie przez Via Della Conciliazione pod zamek Anio\u0142a, dalszy spacer przez plac Navona do Panteonu (z zewn\u0105trz), Fontanna di Trevi oraz Schody Hiszpa\u0144skie i Bazylika NMP Wszystkich Narod\u00f3w. W ci\u0105gu dnia Msza \u015bw. Powr\u00f3t do hotelu, kolacja i nocleg.\u00a0<\/span><\/p>\n<p><span style=\"color: #000000;\"><strong>Dzie\u0144 3<\/strong><br \/>\nPo \u015bniadaniu ponowny wyjazd do\u00a0Rzymu. Nawiedzenie Bazyliki\u00a0\u015bw. Paw\u0142a na Murami, wizyta w opactwie Tre Fontane, kt\u00f3rym opiekuj\u0105 si\u0119 ojcowie trapi\u015bci. P\u00f3\u017aniej nawiedzenie\u00a0Sanktuarium\u00a0<wbr \/>Objawienia Naj\u015bwi\u0119tszej Maryi Panny\u00a0&#8211; to jedyne w Rzymie miejsce objawie\u0144, uznane przez Watykan.\u00a0Przejazd na kolacj\u0119 i nocleg.\u00a0<\/span><\/p>\n<p><span style=\"color: #000000;\"><strong>Dzie\u0144 4<\/strong><br \/>\nPo \u015bniadaniu wyjazd do\u00a0Asy\u017cu\u00a0\u2013\u00a0Zwiedzanie Bazyliki \u015awi\u0119tego Franciszka z jej s\u0142ynnymi freskami, Msza \u015bw. Nast\u0119pnie spacer po miasteczku\u00a0\u2013\u00a0Piazza del Comune z ko\u015bcio\u0142em Matki Boskiej na Minerwie, dom narodzin \u015bw. Franciszka i bazylika \u015bw. Klary.\u00a0Wizyta w ko\u015bciele,\u00a0gdzie z\u0142o\u017cone jest cia\u0142o Carlo Acutisa. Przejazd do\u00a0Cortony, typowego toska\u0144skiego miasteczka na wzg\u00f3rzu\u00a0\u2013\u00a0mury miejskie z bramami, panorama fortecy medycejskiej.\u00a0Przejazd do hotelu, kolacja i nocleg.\u00a0<\/span><\/p>\n<p><span style=\"color: #000000;\"><strong>Dzie\u0144 5<\/strong><br \/>\nPo \u015bniadaniu przejazd do\u00a0Florencji, spacer przez miasto\u00a0\u2013\u00a0baptysterium, katedra florencka (z zewn\u0105trz), ko\u015bci\u00f3\u0142 \u015bw. Krzy\u017ca z grobami s\u0142ynnych florenty\u0144czyk\u00f3w, g\u0142\u00f3wny plac miasta\u00a0\u2013\u00a0Piazza della Signoria z pomnikiem Dawida, Stary Most (Z\u0142otnik\u00f3w). Potem przejazd do hotelu, kolacja, nocleg.<\/span><\/p>\n<p><span style=\"color: #000000;\"><strong>Dzie\u0144 6<\/strong><br \/>\nPo \u015bniadaniu przejazd do\u00a0Sieny, miasta \u015bw. Katarzyny\u00a0\u2013\u00a0roma\u0144ska katedra ze s\u0142ynn\u0105 ambon\u0105, ko\u015bci\u00f3\u0142 \u015bw. Dominika, Piazza del Campo, czyli trzynastowieczny g\u0142\u00f3wny plac Sieny, na kt\u00f3rym rokrocznie rozgrywany jest wy\u015bcig konny\u00a0zwany Palio.\u00a0Wieczorem przejazd na kolacj\u0119 i nocleg.\u00a0<\/span><\/p>\n<p><span style=\"color: #000000;\"><strong>Dzie\u0144 7<\/strong><br \/>\n\u015aniadanie i ponowny przejazd do\u00a0Rzymu. Nawiedzenie dw\u00f3ch Bazylik Wi\u0119kszych. Wizyta w Bazylice \u015bw. Jan\u00f3w na Lateranie, Matce i G\u0142owie ko\u015bcio\u0142a, Drzwi \u015awi\u0119te, Schody \u015awi\u0119te. Nast\u0119pnie wizyta w Bazylice Matki Bo\u017cej Wi\u0119kszej (Santa Maria Maggiore), Drzwi \u015awi\u0119te. P\u00f3\u017aniej Koloseum oraz Forum Romanum (oba z zewn\u0105trz). W ci\u0105gu dnia Msza w Rzymie, wieczorem przejazd do hotelu, kolacja i nocleg.<\/span><\/p>\n<p><span style=\"color: #000000;\"><strong>Dzie\u0144 8<\/strong><br \/>\n\u015aniadanie,\u00a0transfer na lotnisko, odprawy i wylot do Polski.\u00a0Zako\u0144czenie pielgrzymki do W\u0142och.<\/span><\/p>\n<\/div>\n<div><span style=\"color: #000000; font-family: arial, sans-serif;\">W razie pyta\u0144 prosimy o kontakt z s. Rozali\u0105 Modzelewsk\u0105 tel. 577359948 b\u0105d\u017a messenger Siostra Rozalia.<br \/>Dzi\u0119kuj\u0119 i pozdrawiam<\/span><\/div>\n<div>\n<div class=\"gmail_signature\" dir=\"ltr\" data-smartmail=\"gmail_signature\">\n<div dir=\"ltr\">\n<div>s. Rozalia Modzelewska<\/div>\n<\/div>\n<div><a href=\"https:\/\/parafia.niepokalanow.pl\/wp-content\/uploads\/2025\/01\/pielgrzymka.png\"><img loading=\"lazy\" decoding=\"async\" class=\"aligncenter size-full wp-image-18158\" src=\"https:\/\/parafia.niepokalanow.pl\/wp-content\/uploads\/2025\/01\/pielgrzymka.png\" alt=\"\" width=\"708\" height=\"1007\" srcset=\"https:\/\/parafia.niepokalanow.pl\/wp-content\/uploads\/2025\/01\/pielgrzymka.png 708w, https:\/\/parafia.niepokalanow.pl\/wp-content\/uploads\/2025\/01\/pielgrzymka-211x300.png 211w, https:\/\/parafia.niepokalanow.pl\/wp-content\/uploads\/2025\/01\/pielgrzymka-496x705.png 496w\" sizes=\"auto, (max-width: 708px) 100vw, 708px\" \/><\/a><\/div>\n<\/div>\n<\/div>\n<\/div>\n<\/div>\n","protected":false},"excerpt":{"rendered":"<p>Z okazji og\u0142oszenia Roku Jubileuszowego 2025 parafia organizuje wsp\u00f3ln\u0105 pielgrzymk\u0119 do Rzymu oraz miejsc zwi\u0105zanych z \u017cyciem \u015bw. Franciszka. Termin wyjazdu: 2-9 lipca 2025. Koszt: 4290 z\u0142 +250 Euro Zapisy [&hellip;]<\/p>\n","protected":false},"author":2,"featured_media":0,"parent":0,"menu_order":0,"comment_status":"closed","ping_status":"closed","template":"","meta":{"footnotes":""},"class_list":["post-18156","page","type-page","status-publish","hentry"],"_links":{"self":[{"href":"https:\/\/parafia.niepokalanow.pl\/index.php?rest_route=\/wp\/v2\/pages\/18156","targetHints":{"allow":["GET"]}}],"collection":[{"href":"https:\/\/parafia.niepokalanow.pl\/index.php?rest_route=\/wp\/v2\/pages"}],"about":[{"href":"https:\/\/parafia.niepokalanow.pl\/index.php?rest_route=\/wp\/v2\/types\/page"}],"author":[{"embeddable":true,"href":"https:\/\/parafia.niepokalanow.pl\/index.php?rest_route=\/wp\/v2\/users\/2"}],"replies":[{"embeddable":true,"href":"https:\/\/parafia.niepokalanow.pl\/index.php?rest_route=%2Fwp%2Fv2%2Fcomments&post=18156"}],"version-history":[{"count":0,"href":"https:\/\/parafia.niepokalanow.pl\/index.php?rest_route=\/wp\/v2\/pages\/18156\/revisions"}],"wp:attachment":[{"href":"https:\/\/parafia.niepokalanow.pl\/index.php?rest_route=%2Fwp%2Fv2%2Fmedia&parent=18156"}],"curies":[{"name":"wp","href":"https:\/\/api.w.org\/{rel}","templated":true}]}}