{"id":12808,"date":"2019-09-22T21:33:45","date_gmt":"2019-09-22T19:33:45","guid":{"rendered":"http:\/\/parafia.niepokalanow.pl\/?page_id=12808"},"modified":"2025-11-21T09:39:13","modified_gmt":"2025-11-21T08:39:13","slug":"biel","status":"publish","type":"page","link":"https:\/\/parafia.niepokalanow.pl\/?page_id=12808","title":{"rendered":"Biel"},"content":{"rendered":"<div id='av_section_1'  class='avia-section main_color avia-section-default avia-no-shadow  avia-bg-style-scroll  avia-builder-el-0  el_before_av_section  avia-builder-el-first   container_wrap sidebar_right' style=' '  ><div class='container' ><main  role=\"main\" itemprop=\"mainContentOfPage\"  class='template-page content  av-content-small alpha units'><div class='post-entry post-entry-type-page post-entry-12808'><div class='entry-content-wrapper clearfix'>\n<div class=\"flex_column av_one_half  flex_column_div av-zero-column-padding first  avia-builder-el-1  el_before_av_one_half  avia-builder-el-first  \" style='border-radius:0px; '><section class=\"av_textblock_section \"  itemscope=\"itemscope\" itemtype=\"https:\/\/schema.org\/CreativeWork\" ><div class='avia_textblock  '   itemprop=\"text\" ><p><a href=\"https:\/\/parafia.niepokalanow.pl\/wp-content\/uploads\/2019\/09\/DSM-jpg-160x300.jpg\"><img loading=\"lazy\" decoding=\"async\" class=\"aligncenter size-full wp-image-12815\" src=\"https:\/\/parafia.niepokalanow.pl\/wp-content\/uploads\/2019\/09\/DSM-jpg-160x300.jpg\" alt=\"\" width=\"160\" height=\"300\" \/><\/a><\/p>\n<\/div><\/section><\/div><div class=\"flex_column av_one_half  flex_column_div av-zero-column-padding   avia-builder-el-3  el_after_av_one_half  avia-builder-el-last  \" style='border-radius:0px; '><section class=\"av_textblock_section \"  itemscope=\"itemscope\" itemtype=\"https:\/\/schema.org\/CreativeWork\" ><div class='avia_textblock  '   itemprop=\"text\" ><h1>Biel procesyjna<\/h1>\n<p>OPIEKUN<\/p>\n<p><span style=\"color: #33cccc;\">S. Daria Madajczyk<\/span><\/p>\n<p><span style=\"color: #33cccc;\">P. Anna Ciesielska<\/span><\/p>\n<p><span style=\"color: #33cccc;\">O. Rafa\u0142 Jendras<\/span><\/p>\n<\/div><\/section><\/div><\/div><\/div><\/main><!-- close content main element --><\/div><\/div><div id='av_section_2'  class='avia-section main_color avia-section-no-padding avia-no-border-styling  avia-bg-style-scroll  avia-builder-el-5  el_after_av_section  el_before_av_textblock   container_wrap sidebar_right' style=' '  ><div class='container' ><div class='template-page content  av-content-small alpha units'><div class='post-entry post-entry-type-page post-entry-12808'><div class='entry-content-wrapper clearfix'>\n<div  style='padding-bottom:0px; ' class='av-special-heading av-special-heading-h3  blockquote modern-quote  avia-builder-el-6  avia-builder-el-no-sibling  '><h3 class='av-special-heading-tag '  itemprop=\"headline\"  >Chcemy s\u0142u\u017cy\u0107 Panu ukrytemu w Naj\u015bwi\u0119tszym Sakramencie&#8230;<\/h3><div class='special-heading-border'><div class='special-heading-inner-border' ><\/div><\/div><\/div>\n<\/div><\/div><\/div><!-- close content main div --><\/div><\/div><div id='after_section_2'  class='main_color av_default_container_wrap container_wrap sidebar_right' style=' '  ><div class='container' ><div class='template-page content  av-content-small alpha units'><div class='post-entry post-entry-type-page post-entry-12808'><div class='entry-content-wrapper clearfix'><\/p>\n<section class=\"av_textblock_section \"  itemscope=\"itemscope\" itemtype=\"https:\/\/schema.org\/CreativeWork\" ><div class='avia_textblock  '   itemprop=\"text\" ><p>Biel to liturgiczna s\u0142u\u017cba dziewcz\u0105t. Sk\u0142ada si\u0119 z m\u0142odszych i starszych dziewczynek (od lat 4\u00a0 i wi\u0119cej), kt\u00f3re poprzez noszenie poduszek w strojach regionalnych nadaj\u0105 procesji eucharystycznej uroczysty charakter.<\/p>\n<p>Procesje odbywaj\u0105 si\u0119 w <strong>pierwsze niedziele miesi\u0105ca od maja do pa\u017adziernika <\/strong>oraz <strong>rezurekcja podczas\u00a0 \u015bwi\u0105t \u00a0Zmartwychwstania Pa\u0144skiego , a tak\u017ce procesja Bo\u017cego Cia\u0142a i tygodniowa oktawa.<\/strong><\/p>\n<p><strong>Zbi\u00f3rki o godz. 16.30 w salce Bieli w pierwsze niedziele miesi\u0105ca.<\/strong><\/p>\n<p><strong>Serdecznie zapraszamy:)<\/strong><\/p>\n\n\t\t<style type=\"text\/css\">\n\t\t\t#gallery-1 {\n\t\t\t\tmargin: auto;\n\t\t\t}\n\t\t\t#gallery-1 .gallery-item {\n\t\t\t\tfloat: left;\n\t\t\t\tmargin-top: 10px;\n\t\t\t\ttext-align: center;\n\t\t\t\twidth: 33%;\n\t\t\t}\n\t\t\t#gallery-1 img {\n\t\t\t\tborder: 2px solid #cfcfcf;\n\t\t\t}\n\t\t\t#gallery-1 .gallery-caption {\n\t\t\t\tmargin-left: 0;\n\t\t\t}\n\t\t\t\/* see gallery_shortcode() in wp-includes\/media.php *\/\n\t\t<\/style>\n\t\t<div id='gallery-1' class='gallery galleryid-12808 gallery-columns-3 gallery-size-large'><dl class='gallery-item'>\n\t\t\t<dt class='gallery-icon landscape'>\n\t\t\t\t<a href='https:\/\/parafia.niepokalanow.pl\/wp-content\/uploads\/2022\/06\/1656167355721.jpg'><img loading=\"lazy\" decoding=\"async\" width=\"639\" height=\"480\" src=\"https:\/\/parafia.niepokalanow.pl\/wp-content\/uploads\/2022\/06\/1656167355721.jpg\" class=\"attachment-large size-large\" alt=\"\" srcset=\"https:\/\/parafia.niepokalanow.pl\/wp-content\/uploads\/2022\/06\/1656167355721.jpg 639w, https:\/\/parafia.niepokalanow.pl\/wp-content\/uploads\/2022\/06\/1656167355721-300x225.jpg 300w\" sizes=\"auto, (max-width: 639px) 100vw, 639px\" \/><\/a>\n\t\t\t<\/dt><\/dl><dl class='gallery-item'>\n\t\t\t<dt class='gallery-icon landscape'>\n\t\t\t\t<a href='https:\/\/parafia.niepokalanow.pl\/wp-content\/uploads\/2022\/06\/received_5005485612882339.jpeg'><img loading=\"lazy\" decoding=\"async\" width=\"1030\" height=\"774\" src=\"https:\/\/parafia.niepokalanow.pl\/wp-content\/uploads\/2022\/06\/received_5005485612882339-1030x774.jpeg\" class=\"attachment-large size-large\" alt=\"\" srcset=\"https:\/\/parafia.niepokalanow.pl\/wp-content\/uploads\/2022\/06\/received_5005485612882339-1030x774.jpeg 1030w, https:\/\/parafia.niepokalanow.pl\/wp-content\/uploads\/2022\/06\/received_5005485612882339-300x225.jpeg 300w, https:\/\/parafia.niepokalanow.pl\/wp-content\/uploads\/2022\/06\/received_5005485612882339-768x577.jpeg 768w, https:\/\/parafia.niepokalanow.pl\/wp-content\/uploads\/2022\/06\/received_5005485612882339-1536x1154.jpeg 1536w, https:\/\/parafia.niepokalanow.pl\/wp-content\/uploads\/2022\/06\/received_5005485612882339-1500x1126.jpeg 1500w, https:\/\/parafia.niepokalanow.pl\/wp-content\/uploads\/2022\/06\/received_5005485612882339-705x529.jpeg 705w, https:\/\/parafia.niepokalanow.pl\/wp-content\/uploads\/2022\/06\/received_5005485612882339.jpeg 2048w\" sizes=\"auto, (max-width: 1030px) 100vw, 1030px\" \/><\/a>\n\t\t\t<\/dt><\/dl>\n\t\t\t<br style='clear: both' \/>\n\t\t<\/div>\n\n<\/div><\/section>\n<div id='av-masonry-1' class='av-masonry  noHover av-fixed-size av-no-gap av-hover-overlay-active av-masonry-animation-active av-masonry-col-2 av-caption-always av-caption-style- av-masonry-gallery     '  ><div class='av-masonry-container isotope av-js-disabled ' ><div class='av-masonry-entry isotope-item av-masonry-item-no-image '><\/div><a href=\"https:\/\/parafia.niepokalanow.pl\/wp-content\/uploads\/2019\/09\/20190620_105639-1030x773.jpg\" id='av-masonry-1-item-12809' data-av-masonry-item='12809' class='av-masonry-entry isotope-item post-12809 attachment type-attachment status-inherit hentry  av-masonry-item-with-image av-grid-img' title=\"20190620_105639\"  itemprop=\"thumbnailUrl\" ><div class='av-inner-masonry-sizer'><\/div><figure class='av-inner-masonry main_color'><div class=\"av-masonry-outerimage-container\"><div class=\"av-masonry-image-container\" style=\"background-image: url(https:\/\/parafia.niepokalanow.pl\/wp-content\/uploads\/2019\/09\/20190620_105639-705x529.jpg);\" title=\"20190620_105639\" ><\/div><\/div><\/figure><\/a><!--end av-masonry entry--><a href=\"https:\/\/parafia.niepokalanow.pl\/wp-content\/uploads\/2019\/09\/20190620_110830-1030x773.jpg\" id='av-masonry-1-item-12810' data-av-masonry-item='12810' class='av-masonry-entry isotope-item post-12810 attachment type-attachment status-inherit hentry  av-masonry-item-with-image av-grid-img' title=\"20190620_110830\"  itemprop=\"thumbnailUrl\" ><div class='av-inner-masonry-sizer'><\/div><figure class='av-inner-masonry main_color'><div class=\"av-masonry-outerimage-container\"><div class=\"av-masonry-image-container\" style=\"background-image: url(https:\/\/parafia.niepokalanow.pl\/wp-content\/uploads\/2019\/09\/20190620_110830-705x529.jpg);\" title=\"20190620_110830\" ><\/div><\/div><\/figure><\/a><!--end av-masonry entry--><a href=\"https:\/\/parafia.niepokalanow.pl\/wp-content\/uploads\/2019\/09\/20190620_113605-1030x773.jpg\" id='av-masonry-1-item-12811' data-av-masonry-item='12811' class='av-masonry-entry isotope-item post-12811 attachment type-attachment status-inherit hentry  av-masonry-item-with-image av-grid-img' title=\"20190620_113605\"  itemprop=\"thumbnailUrl\" ><div class='av-inner-masonry-sizer'><\/div><figure class='av-inner-masonry main_color'><div class=\"av-masonry-outerimage-container\"><div class=\"av-masonry-image-container\" style=\"background-image: url(https:\/\/parafia.niepokalanow.pl\/wp-content\/uploads\/2019\/09\/20190620_113605-705x529.jpg);\" title=\"20190620_113605\" ><\/div><\/div><\/figure><\/a><!--end av-masonry entry--><a href=\"https:\/\/parafia.niepokalanow.pl\/wp-content\/uploads\/2019\/09\/20190620_123401-1030x773.jpg\" id='av-masonry-1-item-12812' data-av-masonry-item='12812' class='av-masonry-entry isotope-item post-12812 attachment type-attachment status-inherit hentry  av-masonry-item-with-image av-grid-img' title=\"20190620_123401\"  itemprop=\"thumbnailUrl\" ><div class='av-inner-masonry-sizer'><\/div><figure class='av-inner-masonry main_color'><div class=\"av-masonry-outerimage-container\"><div class=\"av-masonry-image-container\" style=\"background-image: url(https:\/\/parafia.niepokalanow.pl\/wp-content\/uploads\/2019\/09\/20190620_123401-705x529.jpg);\" title=\"20190620_123401\" ><\/div><\/div><\/figure><\/a><!--end av-masonry entry--><\/div><\/div>\n","protected":false},"excerpt":{"rendered":"","protected":false},"author":1,"featured_media":0,"parent":0,"menu_order":0,"comment_status":"closed","ping_status":"closed","template":"","meta":{"footnotes":""},"class_list":["post-12808","page","type-page","status-publish","hentry"],"_links":{"self":[{"href":"https:\/\/parafia.niepokalanow.pl\/index.php?rest_route=\/wp\/v2\/pages\/12808","targetHints":{"allow":["GET"]}}],"collection":[{"href":"https:\/\/parafia.niepokalanow.pl\/index.php?rest_route=\/wp\/v2\/pages"}],"about":[{"href":"https:\/\/parafia.niepokalanow.pl\/index.php?rest_route=\/wp\/v2\/types\/page"}],"author":[{"embeddable":true,"href":"https:\/\/parafia.niepokalanow.pl\/index.php?rest_route=\/wp\/v2\/users\/1"}],"replies":[{"embeddable":true,"href":"https:\/\/parafia.niepokalanow.pl\/index.php?rest_route=%2Fwp%2Fv2%2Fcomments&post=12808"}],"version-history":[{"count":0,"href":"https:\/\/parafia.niepokalanow.pl\/index.php?rest_route=\/wp\/v2\/pages\/12808\/revisions"}],"wp:attachment":[{"href":"https:\/\/parafia.niepokalanow.pl\/index.php?rest_route=%2Fwp%2Fv2%2Fmedia&parent=12808"}],"curies":[{"name":"wp","href":"https:\/\/api.w.org\/{rel}","templated":true}]}}